{"id":8299,"date":"2016-10-25T17:39:53","date_gmt":"2016-10-25T14:39:53","guid":{"rendered":"http:\/\/www.netex.ro\/sr\/?page_id=8299"},"modified":"2016-10-25T17:56:42","modified_gmt":"2016-10-25T14:56:42","slug":"java-akademija","status":"publish","type":"page","link":"https:\/\/www.netex.de\/sr\/java-akademija\/","title":{"rendered":"Java akademija"},"content":{"rendered":"","protected":false},"excerpt":{"rendered":"","protected":false},"author":1,"featured_media":0,"parent":0,"menu_order":29,"comment_status":"closed","ping_status":"closed","template":"","meta":{"_acf_changed":false,"inline_featured_image":false,"footnotes":""},"class_list":["post-8299","page","type-page","status-publish","hentry"],"acf":[],"ACF":{"background":{"ID":8357,"id":8357,"title":"inbound-company-1920x535","filename":"inbound-company-1920x535-1.jpg","filesize":71815,"url":"https:\/\/www.netex.de\/wp-content\/uploads\/inbound-company-1920x535-1.jpg","link":"https:\/\/www.netex.de\/sr\/java-akademija\/inbound-company-1920x535\/","alt":"","author":"1","description":"","caption":"","name":"inbound-company-1920x535","status":"inherit","uploaded_to":8299,"date":"2016-10-25 14:46:09","modified":"2016-10-25 14:46:09","menu_order":0,"mime_type":"image\/jpeg","type":"image","subtype":"jpeg","icon":"https:\/\/www.netex.de\/wp-includes\/images\/media\/default.png","width":1920,"height":535,"sizes":{"thumbnail":"https:\/\/www.netex.de\/wp-content\/uploads\/inbound-company-1920x535-1-150x150.jpg","thumbnail-width":150,"thumbnail-height":150,"medium":"https:\/\/www.netex.de\/wp-content\/uploads\/inbound-company-1920x535-1-300x84.jpg","medium-width":300,"medium-height":84,"medium_large":"https:\/\/www.netex.de\/wp-content\/uploads\/inbound-company-1920x535-1-768x214.jpg","medium_large-width":768,"medium_large-height":214,"large":"https:\/\/www.netex.de\/wp-content\/uploads\/inbound-company-1920x535-1-1024x285.jpg","large-width":1024,"large-height":285,"1536x1536":"https:\/\/www.netex.de\/wp-content\/uploads\/inbound-company-1920x535-1.jpg","1536x1536-width":1536,"1536x1536-height":428,"2048x2048":"https:\/\/www.netex.de\/wp-content\/uploads\/inbound-company-1920x535-1.jpg","2048x2048-width":1920,"2048x2048-height":535,"post-thumbnail":"https:\/\/www.netex.de\/wp-content\/uploads\/inbound-company-1920x535-1-85x85.jpg","post-thumbnail-width":85,"post-thumbnail-height":85,"hero":"https:\/\/www.netex.de\/wp-content\/uploads\/inbound-company-1920x535-1-925x535.jpg","hero-width":925,"hero-height":535,"background":"https:\/\/www.netex.de\/wp-content\/uploads\/inbound-company-1920x535-1.jpg","background-width":1920,"background-height":535,"milestone-home":"https:\/\/www.netex.de\/wp-content\/uploads\/inbound-company-1920x535-1-588x455.jpg","milestone-home-width":588,"milestone-home-height":455,"milestone-company":"https:\/\/www.netex.de\/wp-content\/uploads\/inbound-company-1920x535-1-470x300.jpg","milestone-company-width":470,"milestone-company-height":300,"news-company":"https:\/\/www.netex.de\/wp-content\/uploads\/inbound-company-1920x535-1-300x180.jpg","news-company-width":300,"news-company-height":180,"inner":"https:\/\/www.netex.de\/wp-content\/uploads\/inbound-company-1920x535-1-300x255.jpg","inner-width":300,"inner-height":255,"gallery":"https:\/\/www.netex.de\/wp-content\/uploads\/inbound-company-1920x535-1-320x230.jpg","gallery-width":320,"gallery-height":230,"contact":"https:\/\/www.netex.de\/wp-content\/uploads\/inbound-company-1920x535-1-95x95.jpg","contact-width":95,"contact-height":95}},"content":[{"acf_fc_layout":"two_columns","column_left":{"ID":7399,"id":7399,"title":"13173606_978671038919112_6254977697339274288_o","filename":"13173606_978671038919112_6254977697339274288_o.jpg","filesize":186328,"url":"https:\/\/www.netex.de\/wp-content\/uploads\/13173606_978671038919112_6254977697339274288_o.jpg","link":"https:\/\/www.netex.de\/sr\/compa\/13173606_978671038919112_6254977697339274288_o\/","alt":"","author":"1","description":"","caption":"","name":"13173606_978671038919112_6254977697339274288_o","status":"inherit","uploaded_to":6025,"date":"2016-06-30 12:05:53","modified":"2016-06-30 12:05:53","menu_order":0,"mime_type":"image\/jpeg","type":"image","subtype":"jpeg","icon":"https:\/\/www.netex.de\/wp-includes\/images\/media\/default.png","width":2048,"height":1263,"sizes":{"thumbnail":"https:\/\/www.netex.de\/wp-content\/uploads\/13173606_978671038919112_6254977697339274288_o-150x150.jpg","thumbnail-width":150,"thumbnail-height":150,"medium":"https:\/\/www.netex.de\/wp-content\/uploads\/13173606_978671038919112_6254977697339274288_o-300x185.jpg","medium-width":300,"medium-height":185,"medium_large":"https:\/\/www.netex.de\/wp-content\/uploads\/13173606_978671038919112_6254977697339274288_o-768x474.jpg","medium_large-width":768,"medium_large-height":474,"large":"https:\/\/www.netex.de\/wp-content\/uploads\/13173606_978671038919112_6254977697339274288_o-1024x632.jpg","large-width":1024,"large-height":632,"1536x1536":"https:\/\/www.netex.de\/wp-content\/uploads\/13173606_978671038919112_6254977697339274288_o.jpg","1536x1536-width":1536,"1536x1536-height":947,"2048x2048":"https:\/\/www.netex.de\/wp-content\/uploads\/13173606_978671038919112_6254977697339274288_o.jpg","2048x2048-width":2048,"2048x2048-height":1263,"post-thumbnail":"https:\/\/www.netex.de\/wp-content\/uploads\/13173606_978671038919112_6254977697339274288_o-85x85.jpg","post-thumbnail-width":85,"post-thumbnail-height":85,"hero":"https:\/\/www.netex.de\/wp-content\/uploads\/13173606_978671038919112_6254977697339274288_o-925x755.jpg","hero-width":925,"hero-height":755,"background":"https:\/\/www.netex.de\/wp-content\/uploads\/13173606_978671038919112_6254977697339274288_o-1920x535.jpg","background-width":1920,"background-height":535,"milestone-home":"https:\/\/www.netex.de\/wp-content\/uploads\/13173606_978671038919112_6254977697339274288_o-588x455.jpg","milestone-home-width":588,"milestone-home-height":455,"milestone-company":"https:\/\/www.netex.de\/wp-content\/uploads\/13173606_978671038919112_6254977697339274288_o-470x300.jpg","milestone-company-width":470,"milestone-company-height":300,"news-company":"https:\/\/www.netex.de\/wp-content\/uploads\/13173606_978671038919112_6254977697339274288_o-300x180.jpg","news-company-width":300,"news-company-height":180,"inner":"https:\/\/www.netex.de\/wp-content\/uploads\/13173606_978671038919112_6254977697339274288_o-300x255.jpg","inner-width":300,"inner-height":255,"gallery":"https:\/\/www.netex.de\/wp-content\/uploads\/13173606_978671038919112_6254977697339274288_o-320x230.jpg","gallery-width":320,"gallery-height":230,"contact":"https:\/\/www.netex.de\/wp-content\/uploads\/13173606_978671038919112_6254977697339274288_o-95x95.jpg","contact-width":95,"contact-height":95}},"column_right":"<p class=\"title\"><strong>Besplatna obuka Java programiranja<\/strong><\/p>\n<p><strong>&#8222;Netex Java Academy&#8220;<\/strong> se odr\u017eava u prostorijama Netex Consulting d.o.o., u Ulici Branislava Nu\u0161i\u0107a 21., a prijave primamo putem mejl adrese <a href=\"mailto:akademija@netex.rs\">akademija@netex.rs<\/a><\/p>\n<p class=\"title\">\n"}]},"_links":{"self":[{"href":"https:\/\/www.netex.de\/sr\/wp-json\/wp\/v2\/pages\/8299","targetHints":{"allow":["GET"]}}],"collection":[{"href":"https:\/\/www.netex.de\/sr\/wp-json\/wp\/v2\/pages"}],"about":[{"href":"https:\/\/www.netex.de\/sr\/wp-json\/wp\/v2\/types\/page"}],"author":[{"embeddable":true,"href":"https:\/\/www.netex.de\/sr\/wp-json\/wp\/v2\/users\/1"}],"replies":[{"embeddable":true,"href":"https:\/\/www.netex.de\/sr\/wp-json\/wp\/v2\/comments?post=8299"}],"version-history":[{"count":4,"href":"https:\/\/www.netex.de\/sr\/wp-json\/wp\/v2\/pages\/8299\/revisions"}],"predecessor-version":[{"id":8365,"href":"https:\/\/www.netex.de\/sr\/wp-json\/wp\/v2\/pages\/8299\/revisions\/8365"}],"wp:attachment":[{"href":"https:\/\/www.netex.de\/sr\/wp-json\/wp\/v2\/media?parent=8299"}],"curies":[{"name":"wp","href":"https:\/\/api.w.org\/{rel}","templated":true}]}}