{"id":7854,"date":"2016-07-22T11:47:27","date_gmt":"2016-07-22T08:47:27","guid":{"rendered":"http:\/\/www.netex.ro\/sr\/?page_id=7854"},"modified":"2018-06-08T13:08:36","modified_gmt":"2018-06-08T10:08:36","slug":"code-of-conduct","status":"publish","type":"page","link":"https:\/\/www.netex.de\/sr\/quality-policy\/code-of-conduct\/","title":{"rendered":"Kodeks pona\u0161anja"},"content":{"rendered":"","protected":false},"excerpt":{"rendered":"","protected":false},"author":1,"featured_media":0,"parent":1873,"menu_order":181,"comment_status":"closed","ping_status":"closed","template":"","meta":{"_acf_changed":false,"inline_featured_image":false,"footnotes":""},"class_list":["post-7854","page","type-page","status-publish","hentry"],"acf":[],"ACF":{"background":{"ID":372,"id":372,"title":"quality","filename":"quality.jpg","filesize":187309,"url":"https:\/\/www.netex.de\/wp-content\/uploads\/quality.jpg","link":"https:\/\/www.netex.de\/sr\/quality\/","alt":"","author":"1","description":"","caption":"","name":"quality","status":"inherit","uploaded_to":0,"date":"2015-10-21 14:35:40","modified":"2015-10-21 14:35:40","menu_order":0,"mime_type":"image\/jpeg","type":"image","subtype":"jpeg","icon":"https:\/\/www.netex.de\/wp-includes\/images\/media\/default.png","width":1920,"height":578,"sizes":{"thumbnail":"https:\/\/www.netex.de\/wp-content\/uploads\/quality-150x150.jpg","thumbnail-width":150,"thumbnail-height":150,"medium":"https:\/\/www.netex.de\/wp-content\/uploads\/quality-300x90.jpg","medium-width":300,"medium-height":90,"medium_large":"https:\/\/www.netex.de\/wp-content\/uploads\/quality.jpg","medium_large-width":768,"medium_large-height":231,"large":"https:\/\/www.netex.de\/wp-content\/uploads\/quality-1024x308.jpg","large-width":1024,"large-height":308,"1536x1536":"https:\/\/www.netex.de\/wp-content\/uploads\/quality.jpg","1536x1536-width":1536,"1536x1536-height":462,"2048x2048":"https:\/\/www.netex.de\/wp-content\/uploads\/quality.jpg","2048x2048-width":1920,"2048x2048-height":578,"post-thumbnail":"https:\/\/www.netex.de\/wp-content\/uploads\/quality-85x85.jpg","post-thumbnail-width":85,"post-thumbnail-height":85,"hero":"https:\/\/www.netex.de\/wp-content\/uploads\/quality-925x578.jpg","hero-width":925,"hero-height":578,"background":"https:\/\/www.netex.de\/wp-content\/uploads\/quality-1920x535.jpg","background-width":1920,"background-height":535,"milestone-home":"https:\/\/www.netex.de\/wp-content\/uploads\/quality-588x455.jpg","milestone-home-width":588,"milestone-home-height":455,"milestone-company":"https:\/\/www.netex.de\/wp-content\/uploads\/quality-470x300.jpg","milestone-company-width":470,"milestone-company-height":300,"news-company":"https:\/\/www.netex.de\/wp-content\/uploads\/quality-300x180.jpg","news-company-width":300,"news-company-height":180,"inner":"https:\/\/www.netex.de\/wp-content\/uploads\/quality-300x255.jpg","inner-width":300,"inner-height":255,"gallery":"https:\/\/www.netex.de\/wp-content\/uploads\/quality-320x230.jpg","gallery-width":320,"gallery-height":230,"contact":"https:\/\/www.netex.de\/wp-content\/uploads\/quality-95x95.jpg","contact-width":95,"contact-height":95}},"content":[{"acf_fc_layout":"one_column","column":"<p style=\"text-align: justify;\">Biti deo kompanije &#8222;Netex&#8220; tra\u017ei od svakog pojedinca da preuzme odgovornost! Pravednost, poslovna etika, li\u010dna preduzimljivost i odgovornost karakteri\u0161u na\u0161u korporativnu kulturu. Kodeks pona\u0161anja u\u010dvr\u0161\u0107uje ove obavezuju\u0107e kompanijske standarde i slu\u017ei kao vodi\u010d, koji svako mo\u017ee primeniti. Kao obavezujuc\u0301a smernica za eti\u010dki odgovorno delovanje u na\u0161oj kompaniji, Kodeks pona\u0161anja defini\u0161e ne samo standarde za odgovorno pona\u0161anje prema poslovnim partnerima ili \u0161iroj javnosti, nego i me\u0111usobne interakcije unutar same kompanije. Svi u kompaniji su u obavezi da se jasno pridr\u017eavaju principa, koji su utvr\u0111eni u samom &#8222;Kodeksu&#8220;.<\/p>\n<p><strong>Download:<\/strong>\u00a0<a href=\"http:\/\/www.netex.ro\/wp-content\/uploads\/Kodeks-pona\u0161anja.pdf\">Kodeks pona\u0161anja<\/a><\/p>\n"}]},"_links":{"self":[{"href":"https:\/\/www.netex.de\/sr\/wp-json\/wp\/v2\/pages\/7854","targetHints":{"allow":["GET"]}}],"collection":[{"href":"https:\/\/www.netex.de\/sr\/wp-json\/wp\/v2\/pages"}],"about":[{"href":"https:\/\/www.netex.de\/sr\/wp-json\/wp\/v2\/types\/page"}],"author":[{"embeddable":true,"href":"https:\/\/www.netex.de\/sr\/wp-json\/wp\/v2\/users\/1"}],"replies":[{"embeddable":true,"href":"https:\/\/www.netex.de\/sr\/wp-json\/wp\/v2\/comments?post=7854"}],"version-history":[{"count":10,"href":"https:\/\/www.netex.de\/sr\/wp-json\/wp\/v2\/pages\/7854\/revisions"}],"predecessor-version":[{"id":10944,"href":"https:\/\/www.netex.de\/sr\/wp-json\/wp\/v2\/pages\/7854\/revisions\/10944"}],"up":[{"embeddable":true,"href":"https:\/\/www.netex.de\/sr\/wp-json\/wp\/v2\/pages\/1873"}],"wp:attachment":[{"href":"https:\/\/www.netex.de\/sr\/wp-json\/wp\/v2\/media?parent=7854"}],"curies":[{"name":"wp","href":"https:\/\/api.w.org\/{rel}","templated":true}]}}