{"id":4828,"date":"2015-10-23T22:32:02","date_gmt":"2015-10-23T19:32:02","guid":{"rendered":"http:\/\/beta.netex.ro\/sr\/apply-now\/"},"modified":"2016-03-27T20:25:48","modified_gmt":"2016-03-27T17:25:48","slug":"apply-now","status":"publish","type":"page","link":"https:\/\/www.netex.de\/sr\/apply-now\/","title":{"rendered":"Prijavite se"},"content":{"rendered":"<h2>Prijava za posao<\/h2>\n<p>Molimo vas popunite formular , i mi \u0107emo vas ubrzo kontaktirati.<\/p>\n","protected":false},"excerpt":{"rendered":"<p>Prijava za posao Molimo vas popunite formular , i mi \u0107emo vas ubrzo kontaktirati.<\/p>\n","protected":false},"author":1,"featured_media":0,"parent":0,"menu_order":202,"comment_status":"closed","ping_status":"closed","template":"","meta":{"_acf_changed":false,"inline_featured_image":false,"footnotes":""},"class_list":["post-4828","page","type-page","status-publish","hentry"],"acf":[],"ACF":{"background":{"ID":351,"id":351,"title":"apply-job","filename":"apply-job.jpg","filesize":144807,"url":"https:\/\/www.netex.de\/wp-content\/uploads\/apply-job.jpg","link":"https:\/\/www.netex.de\/sr\/apply-job\/","alt":"","author":"1","description":"","caption":"","name":"apply-job","status":"inherit","uploaded_to":0,"date":"2015-10-21 14:35:24","modified":"2015-10-21 14:35:24","menu_order":0,"mime_type":"image\/jpeg","type":"image","subtype":"jpeg","icon":"https:\/\/www.netex.de\/wp-includes\/images\/media\/default.png","width":1920,"height":536,"sizes":{"thumbnail":"https:\/\/www.netex.de\/wp-content\/uploads\/apply-job-150x150.jpg","thumbnail-width":150,"thumbnail-height":150,"medium":"https:\/\/www.netex.de\/wp-content\/uploads\/apply-job-300x84.jpg","medium-width":300,"medium-height":84,"medium_large":"https:\/\/www.netex.de\/wp-content\/uploads\/apply-job.jpg","medium_large-width":768,"medium_large-height":214,"large":"https:\/\/www.netex.de\/wp-content\/uploads\/apply-job-1024x285.jpg","large-width":1024,"large-height":285,"1536x1536":"https:\/\/www.netex.de\/wp-content\/uploads\/apply-job.jpg","1536x1536-width":1536,"1536x1536-height":429,"2048x2048":"https:\/\/www.netex.de\/wp-content\/uploads\/apply-job.jpg","2048x2048-width":1920,"2048x2048-height":536,"post-thumbnail":"https:\/\/www.netex.de\/wp-content\/uploads\/apply-job-85x85.jpg","post-thumbnail-width":85,"post-thumbnail-height":85,"hero":"https:\/\/www.netex.de\/wp-content\/uploads\/apply-job-925x536.jpg","hero-width":925,"hero-height":536,"background":"https:\/\/www.netex.de\/wp-content\/uploads\/apply-job-1920x535.jpg","background-width":1920,"background-height":535,"milestone-home":"https:\/\/www.netex.de\/wp-content\/uploads\/apply-job-588x455.jpg","milestone-home-width":588,"milestone-home-height":455,"milestone-company":"https:\/\/www.netex.de\/wp-content\/uploads\/apply-job-470x300.jpg","milestone-company-width":470,"milestone-company-height":300,"news-company":"https:\/\/www.netex.de\/wp-content\/uploads\/apply-job-300x180.jpg","news-company-width":300,"news-company-height":180,"inner":"https:\/\/www.netex.de\/wp-content\/uploads\/apply-job-300x255.jpg","inner-width":300,"inner-height":255,"gallery":"https:\/\/www.netex.de\/wp-content\/uploads\/apply-job-320x230.jpg","gallery-width":320,"gallery-height":230,"contact":"https:\/\/www.netex.de\/wp-content\/uploads\/apply-job-95x95.jpg","contact-width":95,"contact-height":95}},"content":false,"job_selection":"Molimo Vas odaberite posao za koji se prijavljujete","first_name":"Prezime","last_name":"Ime","photo":"Slika","photo_caption":"Fajl ne mo\u017ee biti ve\u0107i od 2MB","cv":"Po\u0161alji CV","cv_caption":"Fajl mo\u017ee biti PDF, DOC ili DOCX","email":"Email","phone":"Telefon","date_of_birth":"Datum ro\u0111enja","sex":"Pol","sex_male":"M","sex_female":"F","marital_status":"Bra\u010dno stanje","marital_status_married":"U braku","marital_status_unmarried":"Nije u braku","marital_status_not_specified":"Drugo","address":"Adresa","address_city":"Grad","address_state":"Dr\u017eava \/Okrug \/ Region","address_zip":"Po\u0161tanski broj","address_country_title":"Dr\u017eava","address_country":[{"name":"Bosna i Hercegovina"},{"name":"Moldavija"},{"name":"Nema\u010dka"},{"name":"Rumunija"},{"name":"Rusija"},{"name":"Srbija"},{"name":"Ukrajina"},{"name":"drugo"}],"languages":"Jezici","skills":"Znanja","skills_languages_title":"Jezici","skills_languages_caption":"Choose language","skills_level_caption":"Choose level","skills_level_title":"Nivo","skills_language":[{"name":"Bosanski"},{"name":"Bugarski"},{"name":"\u010de\u0161ki"},{"name":"Danski"},{"name":"Engleski"},{"name":"Estonski"},{"name":"Finski"},{"name":"Francuski"},{"name":"Gr\u010dki"},{"name":"Hrvatski"},{"name":"Japanski"},{"name":"Letonski"},{"name":"Litvanski"},{"name":"Mad\u017earski"},{"name":"Makedonija"},{"name":"Nizozemac"},{"name":"Njema\u010dki"},{"name":"Norve\u0161ki"},{"name":"Portugalski"},{"name":"Rumunski"},{"name":"Ruski"},{"name":"Slova\u010dki"},{"name":"Slovenac"},{"name":"\u0161panjolski"},{"name":"Srpski"},{"name":"\u0161vedski"},{"name":"Talijanski"},{"name":"Turski"},{"name":"Ukrajinski"},{"name":"drugo"}],"skills_level":[{"name":"Po\u010detnik"},{"name":"Srednji"},{"name":"Ekspert"}],"computer_skills":"Rad na ra\u010dunaru","microsoft_office_skills":"Poznavanje Microsoft Office","education":"Obrazovanje","education_school_name":"\u0160kola","education_graduation_year":"Godina diplomiranja","experience":"Iskustvo","experience_similar":"Sli\u010dna iskustva","experience_similar_detail":"Ako imate sli\u010dno radno iskustvo,molimo vas napi\u0161ite gde ste ga stekli.","experience_similar_detail_caption":"gdje?","button":"Po\u0161alji","disclaimer":"SC Netex Consulting SRL je registrovan u Nacionalnom registru za operatere pod brojem 29610.","confirmation":"<p>Va\u0161a poruka je poslata!<\/p>\n","job_selection_title":"1Odabir posla","contact_information":"Kontakt","address_street":"Ulica","address_number":"broj zgrade,stana (nije obavezno)","file_caption":"Odaberite fajl"},"_links":{"self":[{"href":"https:\/\/www.netex.de\/sr\/wp-json\/wp\/v2\/pages\/4828","targetHints":{"allow":["GET"]}}],"collection":[{"href":"https:\/\/www.netex.de\/sr\/wp-json\/wp\/v2\/pages"}],"about":[{"href":"https:\/\/www.netex.de\/sr\/wp-json\/wp\/v2\/types\/page"}],"author":[{"embeddable":true,"href":"https:\/\/www.netex.de\/sr\/wp-json\/wp\/v2\/users\/1"}],"replies":[{"embeddable":true,"href":"https:\/\/www.netex.de\/sr\/wp-json\/wp\/v2\/comments?post=4828"}],"version-history":[{"count":6,"href":"https:\/\/www.netex.de\/sr\/wp-json\/wp\/v2\/pages\/4828\/revisions"}],"predecessor-version":[{"id":7219,"href":"https:\/\/www.netex.de\/sr\/wp-json\/wp\/v2\/pages\/4828\/revisions\/7219"}],"wp:attachment":[{"href":"https:\/\/www.netex.de\/sr\/wp-json\/wp\/v2\/media?parent=4828"}],"curies":[{"name":"wp","href":"https:\/\/api.w.org\/{rel}","templated":true}]}}