{"id":31674,"date":"2026-02-10T20:25:41","date_gmt":"2026-02-10T18:25:41","guid":{"rendered":"https:\/\/www.netex.de\/test\/"},"modified":"2026-02-10T21:31:06","modified_gmt":"2026-02-10T19:31:06","slug":"test","status":"publish","type":"page","link":"https:\/\/www.netex.de\/sr\/test\/","title":{"rendered":"Test"},"content":{"rendered":"","protected":false},"excerpt":{"rendered":"","protected":false},"author":39,"featured_media":0,"parent":0,"menu_order":101,"comment_status":"closed","ping_status":"closed","template":"","meta":{"_acf_changed":false,"inline_featured_image":false,"footnotes":""},"class_list":["post-31674","page","type-page","status-publish","hentry"],"acf":[],"ACF":{"background":{"ID":366,"id":366,"title":"office","filename":"office.jpg","filesize":177769,"url":"https:\/\/www.netex.de\/wp-content\/uploads\/office.jpg","link":"https:\/\/www.netex.de\/sr\/office-service\/office\/","alt":"","author":"1","description":"","caption":"","name":"office","status":"inherit","uploaded_to":1436,"date":"2015-10-21 14:35:36","modified":"2024-05-07 06:12:15","menu_order":0,"mime_type":"image\/jpeg","type":"image","subtype":"jpeg","icon":"https:\/\/www.netex.de\/wp-includes\/images\/media\/default.png","width":1920,"height":578,"sizes":{"thumbnail":"https:\/\/www.netex.de\/wp-content\/uploads\/office-150x150.jpg","thumbnail-width":150,"thumbnail-height":150,"medium":"https:\/\/www.netex.de\/wp-content\/uploads\/office-300x90.jpg","medium-width":300,"medium-height":90,"medium_large":"https:\/\/www.netex.de\/wp-content\/uploads\/office.jpg","medium_large-width":768,"medium_large-height":231,"large":"https:\/\/www.netex.de\/wp-content\/uploads\/office-1024x308.jpg","large-width":1024,"large-height":308,"1536x1536":"https:\/\/www.netex.de\/wp-content\/uploads\/office.jpg","1536x1536-width":1536,"1536x1536-height":462,"2048x2048":"https:\/\/www.netex.de\/wp-content\/uploads\/office.jpg","2048x2048-width":1920,"2048x2048-height":578,"post-thumbnail":"https:\/\/www.netex.de\/wp-content\/uploads\/office-85x85.jpg","post-thumbnail-width":85,"post-thumbnail-height":85,"hero":"https:\/\/www.netex.de\/wp-content\/uploads\/office-925x578.jpg","hero-width":925,"hero-height":578,"background":"https:\/\/www.netex.de\/wp-content\/uploads\/office-1920x535.jpg","background-width":1920,"background-height":535,"milestone-home":"https:\/\/www.netex.de\/wp-content\/uploads\/office-588x455.jpg","milestone-home-width":588,"milestone-home-height":455,"milestone-company":"https:\/\/www.netex.de\/wp-content\/uploads\/office-470x300.jpg","milestone-company-width":470,"milestone-company-height":300,"news-company":"https:\/\/www.netex.de\/wp-content\/uploads\/office-300x180.jpg","news-company-width":300,"news-company-height":180,"inner":"https:\/\/www.netex.de\/wp-content\/uploads\/office-300x255.jpg","inner-width":300,"inner-height":255,"gallery":"https:\/\/www.netex.de\/wp-content\/uploads\/office-320x230.jpg","gallery-width":320,"gallery-height":230,"contact":"https:\/\/www.netex.de\/wp-content\/uploads\/office-95x95.jpg","contact-width":95,"contact-height":95}},"content":[{"acf_fc_layout":"one_column_icon","icon":false,"title":"<b>\u0414\u0438\u0440\u0435\u043a\u0442\u043e\u0440 \u0437\u0430 \u0432\u0435\u0448\u0442\u0430\u0447\u043a\u0443 \u0438\u043d\u0442\u0435\u043b\u0438\u0433\u0435\u043d\u0446\u0438\u0458\u0443 (CAIO)<\/b>","column":"<p>Netex \u043e\u0431\u0435\u0437\u0431\u0435\u0452\u0443\u0458\u0435 \u0432\u0438\u0441\u043e\u043a\u0435 \u0440\u0443\u043a\u043e\u0432\u043e\u0434\u0438\u043e\u0446\u0435 \u043a\u043e\u0458\u0438 \u043f\u0440\u0435\u0434\u0432\u043e\u0434\u0435 \u0446\u0435\u043b\u043e\u043a\u0443\u043f\u043d\u0443 \u0430\u0433\u0435\u043d\u0434\u0443 \u0432\u0435\u0448\u0442\u0430\u0447\u043a\u0435 \u0438\u043d\u0442\u0435\u043b\u0438\u0433\u0435\u043d\u0446\u0438\u0458\u0435 \u0443 \u043a\u043e\u043c\u043f\u0430\u043d\u0438\u0458\u0438, \u043f\u043e\u0432\u0435\u0437\u0443\u0458\u0443\u045b\u0438 \u0442\u0435\u0445\u043d\u0438\u0447\u043a\u0435 \u043c\u043e\u0433\u0443\u045b\u043d\u043e\u0441\u0442\u0438 AI\u2011\u0430 \u0441\u0430 \u043f\u043e\u0441\u043b\u043e\u0432\u043d\u0438\u043c \u0446\u0438\u0459\u0435\u0432\u0438\u043c\u0430 \u043a\u0430\u043a\u043e \u0431\u0438 \u043f\u043e\u0434\u0441\u0442\u0430\u043a\u043b\u0438 \u0438\u043d\u043e\u0432\u0430\u0446\u0438\u0458\u0435, \u0435\u0444\u0438\u043a\u0430\u0441\u043d\u043e\u0441\u0442 \u0438 \u0435\u0442\u0438\u0447\u043a\u0443 \u043f\u0440\u0438\u043c\u0435\u043d\u0443. \u041e\u043d\u0438 \u0440\u0430\u0437\u0432\u0438\u0458\u0430\u0458\u0443 \u0443\u043a\u0443\u043f\u043d\u0443 AI \u0441\u0442\u0440\u0430\u0442\u0435\u0433\u0438\u0458\u0443, \u043d\u0430\u0434\u0433\u043b\u0435\u0434\u0430\u0458\u0443 \u0440\u0430\u0437\u0432\u043e\u0458 \u0438 \u0438\u043c\u043f\u043b\u0435\u043c\u0435\u043d\u0442\u0430\u0446\u0438\u0458\u0443 AI \u0440\u0435\u0448\u0435\u045a\u0430, \u0443\u043f\u0440\u0430\u0432\u0459\u0430\u0458\u0443 \u043a\u043e\u0440\u043f\u043e\u0440\u0430\u0442\u0438\u0432\u043d\u0438\u043c \u0443\u043f\u0440\u0430\u0432\u0459\u0430\u045a\u0435\u043c \u0438 \u0435\u0442\u0438\u043a\u043e\u043c, \u043e\u0431\u0435\u0437\u0431\u0435\u0452\u0443\u0458\u0443 \u0443\u0441\u043a\u043b\u0430\u0452\u0435\u043d\u043e\u0441\u0442 \u0441\u0430 \u043f\u0440\u043e\u043f\u0438\u0441\u0438\u043c\u0430 \u0438 \u043f\u043e\u0434\u0441\u0442\u0438\u0447\u0443 \u043a\u0443\u043b\u0442\u0443\u0440\u0443 \u0437\u0430\u0441\u043d\u043e\u0432\u0430\u043d\u0443 \u043d\u0430 \u043f\u043e\u0434\u0430\u0446\u0438\u043c\u0430 \u0438 \u0441\u043f\u0440\u0435\u043c\u043d\u0443 \u0437\u0430 AI, \u0440\u0430\u0434\u0438 \u043e\u0441\u0442\u0432\u0430\u0440\u0438\u0432\u0430\u045a\u0430 \u0441\u0442\u0440\u0430\u0442\u0435\u0448\u043a\u0438\u0445 \u0446\u0438\u0459\u0435\u0432\u0430 \u0438 \u043a\u043e\u043d\u043a\u0443\u0440\u0435\u043d\u0442\u0441\u043a\u0435 \u043f\u0440\u0435\u0434\u043d\u043e\u0441\u0442\u0438.<\/p>\n"},{"acf_fc_layout":"one_column_icon","icon":false,"title":"<b>Mondo: Integrisana komunikacija sa korisnicima uz agentsku ve\u0161ta\u010dku inteligenciju<\/b>","column":"<p><strong>Omnikanalna re\u0161enja za preduze\u0107a \u2013 Pru\u017eite izvanredna korisni\u010dka iskustva!<\/strong><\/p>\n<p>Direktiva EU 2019\/882 je va\u017ean korak ka unapre\u0111enju pristupa\u010dnosti za osobe sa invaliditetom u Evropskoj uniji.<br \/>\nStoga, online preduze\u0107a moraju implementirati komunikacione alate za osobe sa invaliditetom kako bi se uskladila sa novom regulativom, pokazala posve\u0107enost i obezbedila jednak pristup svima da kontaktiraju va\u0161e preduze\u0107e. Pobolj\u0161ajte korisni\u010dko iskustvo za sve korisnike.<\/p>\n<p>Mondo je integrisano, cloud-bazirano re\u0161enje koje objedinjuje dijalog sa korisnicima preko vi\u0161e kanala u jednom backend-u. Pokretan agentskom ve\u0161ta\u010dkom inteligencijom i automatizovanim procesima, Mondo stvara jedinstveno i efikasno radno okru\u017eenje za korisni\u010dke agente. Upravljanje interakcijama putem e-po\u0161te chata, dru\u0161tvenih mre\u017ea, telefona i AI\u2011vo\u0111enih automatizovanih radnih tokova obezbe\u0111uje konzistentno iskustvo za va\u0161e korisnike.<\/p>\n<p>Isprobajte na\u0161u omnikanalnu SaaS platformu besplatno 30 dana i otkrijte \u0161irok spektar funkcija Monda za pobolj\u0161anje va\u0161ih radnih tokova i korisni\u010dkog iskustva.<\/p>\n<p>Vi\u0161e o Mondo-u <a href=\"https:\/\/mondo.chat\/\">ovde<\/a>.<\/p>\n"},{"acf_fc_layout":"one_column_icon","icon":false,"title":"<b>Globalni korisni\u010dki servis na 26 jezika<\/b>","column":"<p>Engleski, Nema\u010dki, Rumunski, Ukrajinski, Ruski, Srpski, Hrvatski, Slovena\u010dki, \u010ce\u0161ki, Slova\u010dki, Ma\u0111arski, Bugarski, Gr\u010dki, Francuski, Italijanski, \u0160panski, Portugalski, Holandski, Danski, \u0160vedski, Norve\u0161ki, Estonski, Litvanski, Letonski, Japanski i Kineski<\/p>\n<p><span id=\"result_box\" class=\"short_text\"><strong>Big Data<br \/>\n<\/strong><\/span><\/p>\n<ul>\n<li><span id=\"result_box\" class=\"short_text\">Ve\u0161ta\u010dka Inteligencija (AI)<\/span><\/li>\n<li>Neuronalne Mre\u017ee<\/li>\n<li>Hadoop, Mapreduce, NoSQL<\/li>\n<li>Big Data Readiness Audit<\/li>\n<\/ul>\n<p><strong>e-Commerce re\u0161enja<\/strong><\/p>\n<ul>\n<li>A\u017euriranje i odr\u017eavanje podataka<\/li>\n<li>Kontent Menad\u017ement<\/li>\n<li>Kravling (Crawling)<\/li>\n<li>Logisti\u010dka re\u0161enja<\/li>\n<\/ul>\n<p><strong>Digitalni Marketing<\/strong><\/p>\n<ul>\n<li>Pretra\u017eiva\u010di cena<\/li>\n<li>Tr\u017ei\u0161ta (Marketplaces)<\/li>\n<li>Elektronske novine (Newsletter)<\/li>\n<li>Affiliates<\/li>\n<li>SEO<\/li>\n<li>SEA<\/li>\n<li>Pres Medije<\/li>\n<li>Dru\u0161tvene Mre\u017ee (Social Media)<\/li>\n<\/ul>\n"},{"acf_fc_layout":"one_column_icon","icon":false,"title":"<b>Teleprezenter - Robot - slede\u0107a faza i na\u010din budu\u0107e digitalne Komunikacije<\/b>","column":"<p><img fetchpriority=\"high\" decoding=\"async\" class=\"alignleft size-medium wp-image-8032\" src=\"http:\/\/www.netex.ro\/wp-content\/uploads\/Double-2-172x300.jpg\" alt=\"\" width=\"172\" height=\"300\" srcset=\"https:\/\/www.netex.de\/wp-content\/uploads\/Double-2-172x300.jpg 172w, https:\/\/www.netex.de\/wp-content\/uploads\/Double-2-768x1339.jpg 768w, https:\/\/www.netex.de\/wp-content\/uploads\/Double-2-587x1024.jpg 587w\" sizes=\"(max-width: 172px) 100vw, 172px\" \/><\/p>\n"}]},"_links":{"self":[{"href":"https:\/\/www.netex.de\/sr\/wp-json\/wp\/v2\/pages\/31674","targetHints":{"allow":["GET"]}}],"collection":[{"href":"https:\/\/www.netex.de\/sr\/wp-json\/wp\/v2\/pages"}],"about":[{"href":"https:\/\/www.netex.de\/sr\/wp-json\/wp\/v2\/types\/page"}],"author":[{"embeddable":true,"href":"https:\/\/www.netex.de\/sr\/wp-json\/wp\/v2\/users\/39"}],"replies":[{"embeddable":true,"href":"https:\/\/www.netex.de\/sr\/wp-json\/wp\/v2\/comments?post=31674"}],"version-history":[{"count":1,"href":"https:\/\/www.netex.de\/sr\/wp-json\/wp\/v2\/pages\/31674\/revisions"}],"predecessor-version":[{"id":31680,"href":"https:\/\/www.netex.de\/sr\/wp-json\/wp\/v2\/pages\/31674\/revisions\/31680"}],"wp:attachment":[{"href":"https:\/\/www.netex.de\/sr\/wp-json\/wp\/v2\/media?parent=31674"}],"curies":[{"name":"wp","href":"https:\/\/api.w.org\/{rel}","templated":true}]}}