{"id":2976,"date":"2015-11-07T01:05:06","date_gmt":"2015-11-06T23:05:06","guid":{"rendered":"http:\/\/beta.netex.ro\/sr\/training\/"},"modified":"2016-11-01T15:11:29","modified_gmt":"2016-11-01T13:11:29","slug":"training","status":"publish","type":"page","link":"https:\/\/www.netex.de\/sr\/training\/","title":{"rendered":"Netex akademija"},"content":{"rendered":"","protected":false},"excerpt":{"rendered":"","protected":false},"author":1,"featured_media":0,"parent":0,"menu_order":165,"comment_status":"closed","ping_status":"closed","template":"","meta":{"_acf_changed":false,"inline_featured_image":false,"footnotes":""},"class_list":["post-2976","page","type-page","status-publish","hentry"],"acf":[],"ACF":{"background":{"ID":360,"id":360,"title":"inbound-company","filename":"inbound-company.jpg","filesize":265679,"url":"https:\/\/www.netex.de\/wp-content\/uploads\/inbound-company.jpg","link":"https:\/\/www.netex.de\/sr\/call-center\/inbound\/inbound-company\/","alt":"","author":"1","description":"","caption":"","name":"inbound-company","status":"inherit","uploaded_to":875,"date":"2015-10-21 14:35:31","modified":"2026-01-15 13:04:39","menu_order":0,"mime_type":"image\/jpeg","type":"image","subtype":"jpeg","icon":"https:\/\/www.netex.de\/wp-includes\/images\/media\/default.png","width":1920,"height":626,"sizes":{"thumbnail":"https:\/\/www.netex.de\/wp-content\/uploads\/inbound-company-150x150.jpg","thumbnail-width":150,"thumbnail-height":150,"medium":"https:\/\/www.netex.de\/wp-content\/uploads\/inbound-company-300x98.jpg","medium-width":300,"medium-height":98,"medium_large":"https:\/\/www.netex.de\/wp-content\/uploads\/inbound-company.jpg","medium_large-width":768,"medium_large-height":250,"large":"https:\/\/www.netex.de\/wp-content\/uploads\/inbound-company-1024x333.jpg","large-width":1024,"large-height":333,"1536x1536":"https:\/\/www.netex.de\/wp-content\/uploads\/inbound-company.jpg","1536x1536-width":1536,"1536x1536-height":501,"2048x2048":"https:\/\/www.netex.de\/wp-content\/uploads\/inbound-company.jpg","2048x2048-width":1920,"2048x2048-height":626,"post-thumbnail":"https:\/\/www.netex.de\/wp-content\/uploads\/inbound-company-85x85.jpg","post-thumbnail-width":85,"post-thumbnail-height":85,"hero":"https:\/\/www.netex.de\/wp-content\/uploads\/inbound-company-925x626.jpg","hero-width":925,"hero-height":626,"background":"https:\/\/www.netex.de\/wp-content\/uploads\/inbound-company-1920x535.jpg","background-width":1920,"background-height":535,"milestone-home":"https:\/\/www.netex.de\/wp-content\/uploads\/inbound-company-588x455.jpg","milestone-home-width":588,"milestone-home-height":455,"milestone-company":"https:\/\/www.netex.de\/wp-content\/uploads\/inbound-company-470x300.jpg","milestone-company-width":470,"milestone-company-height":300,"news-company":"https:\/\/www.netex.de\/wp-content\/uploads\/inbound-company-300x180.jpg","news-company-width":300,"news-company-height":180,"inner":"https:\/\/www.netex.de\/wp-content\/uploads\/inbound-company-300x255.jpg","inner-width":300,"inner-height":255,"gallery":"https:\/\/www.netex.de\/wp-content\/uploads\/inbound-company-320x230.jpg","gallery-width":320,"gallery-height":230,"contact":"https:\/\/www.netex.de\/wp-content\/uploads\/inbound-company-95x95.jpg","contact-width":95,"contact-height":95}},"content":[{"acf_fc_layout":"two_columns","column_left":{"ID":813,"id":813,"title":"training","filename":"training.jpg","filesize":37836,"url":"https:\/\/www.netex.de\/wp-content\/uploads\/training.jpg","link":"https:\/\/www.netex.de\/sr\/training\/training-2\/","alt":"","author":"1","description":"","caption":"","name":"training-2","status":"inherit","uploaded_to":803,"date":"2015-11-06 23:08:35","modified":"2015-11-06 23:08:35","menu_order":0,"mime_type":"image\/jpeg","type":"image","subtype":"jpeg","icon":"https:\/\/www.netex.de\/wp-includes\/images\/media\/default.png","width":405,"height":364,"sizes":{"thumbnail":"https:\/\/www.netex.de\/wp-content\/uploads\/training-150x150.jpg","thumbnail-width":150,"thumbnail-height":150,"medium":"https:\/\/www.netex.de\/wp-content\/uploads\/training-300x270.jpg","medium-width":300,"medium-height":270,"medium_large":"https:\/\/www.netex.de\/wp-content\/uploads\/training.jpg","medium_large-width":405,"medium_large-height":364,"large":"https:\/\/www.netex.de\/wp-content\/uploads\/training-1024x920.jpg","large-width":1024,"large-height":920,"1536x1536":"https:\/\/www.netex.de\/wp-content\/uploads\/training.jpg","1536x1536-width":405,"1536x1536-height":364,"2048x2048":"https:\/\/www.netex.de\/wp-content\/uploads\/training.jpg","2048x2048-width":405,"2048x2048-height":364,"post-thumbnail":"https:\/\/www.netex.de\/wp-content\/uploads\/training-85x85.jpg","post-thumbnail-width":85,"post-thumbnail-height":85,"hero":"https:\/\/www.netex.de\/wp-content\/uploads\/training.jpg","hero-width":405,"hero-height":364,"background":"https:\/\/www.netex.de\/wp-content\/uploads\/training.jpg","background-width":405,"background-height":364,"milestone-home":"https:\/\/www.netex.de\/wp-content\/uploads\/training.jpg","milestone-home-width":405,"milestone-home-height":364,"milestone-company":"https:\/\/www.netex.de\/wp-content\/uploads\/training-405x300.jpg","milestone-company-width":405,"milestone-company-height":300,"news-company":"https:\/\/www.netex.de\/wp-content\/uploads\/training-300x180.jpg","news-company-width":300,"news-company-height":180,"inner":"https:\/\/www.netex.de\/wp-content\/uploads\/training-300x255.jpg","inner-width":300,"inner-height":255,"gallery":"https:\/\/www.netex.de\/wp-content\/uploads\/training-320x230.jpg","gallery-width":320,"gallery-height":230,"contact":"https:\/\/www.netex.de\/wp-content\/uploads\/training-95x95.jpg","contact-width":95,"contact-height":95}},"column_right":"<h2 style=\"text-align: justify;\"><strong>Netex akademija<\/strong><\/h2>\n<p style=\"text-align: justify;\">Odr\u017eava se svake druge nedelje u Novom Sadu i u Ni\u0161u.<br \/>\nNa kraju kursa, pola\u017ee se test, a u\u010desnici tako\u0111e dobijaju sertifikat o zavr\u0161enoj obuci. Onima koji zavr\u0161e kurs, \u201cNetex\u201d pru\u017ea mogu\u0107nost zaposlenja. Vi\u0161e desetina polaznika do sada je upravo tako dobilo svoje zaposlenje u okviru na\u0161e kompanije.<\/p>\n<p style=\"text-align: justify;\"><b>Uslovi u\u010de\u0161c\u0301a:<\/b><br \/>\n\u2013 osnovno poznavanje rada na ra\u010dunaru<\/p>\n<p style=\"text-align: justify;\"><b>Potrebna dokumenta za prijavu:<\/b><br \/>\n\u2013 potvrda o neka\u017enjavanju<br \/>\n\u2013 potvrda o zdravstvenom stanju<\/p>\n<p style=\"text-align: justify;\">Svoje prijave i biografije po\u0161aljite na: <a href=\"mailto:akademija@netex.rs\">akademija@netex.rs<\/a> i mi \u0107emo vas kontaktirati.<br \/>\nBudite deo NETEX Akademije \u2013 jedine BESPLATNE poslovne obuke u Novom Sadu!<\/p>\n"},{"acf_fc_layout":"one_column","column":"<h2 style=\"text-align: justify;\"><strong>Programi obuke za na\u0161e zaposlene<\/strong><\/h2>\n<p style=\"text-align: justify;\">Kompanija Netex svojim zaposlenima nudi program besplatne obuke u domenu menad\u017ementa i logistike.<\/p>\n<p style=\"text-align: justify;\">Tra\u017eite posao? Pogledajte na\u0161u ponudu <a href=\"http:\/\/beta.netex.ro\/sr\/jobs\"> ovde <\/a> ili nam po\u0161aljite CV na: <a href=\"mailto:posao@netex.rs\">posao@netex.rs<\/a><\/p>\n"}]},"_links":{"self":[{"href":"https:\/\/www.netex.de\/sr\/wp-json\/wp\/v2\/pages\/2976","targetHints":{"allow":["GET"]}}],"collection":[{"href":"https:\/\/www.netex.de\/sr\/wp-json\/wp\/v2\/pages"}],"about":[{"href":"https:\/\/www.netex.de\/sr\/wp-json\/wp\/v2\/types\/page"}],"author":[{"embeddable":true,"href":"https:\/\/www.netex.de\/sr\/wp-json\/wp\/v2\/users\/1"}],"replies":[{"embeddable":true,"href":"https:\/\/www.netex.de\/sr\/wp-json\/wp\/v2\/comments?post=2976"}],"version-history":[{"count":20,"href":"https:\/\/www.netex.de\/sr\/wp-json\/wp\/v2\/pages\/2976\/revisions"}],"predecessor-version":[{"id":9725,"href":"https:\/\/www.netex.de\/sr\/wp-json\/wp\/v2\/pages\/2976\/revisions\/9725"}],"wp:attachment":[{"href":"https:\/\/www.netex.de\/sr\/wp-json\/wp\/v2\/media?parent=2976"}],"curies":[{"name":"wp","href":"https:\/\/api.w.org\/{rel}","templated":true}]}}