{"id":2465,"date":"2015-11-07T00:56:19","date_gmt":"2015-11-06T22:56:19","guid":{"rendered":"http:\/\/beta.netex.ro\/sr\/internships\/"},"modified":"2016-11-01T15:10:46","modified_gmt":"2016-11-01T13:10:46","slug":"internships","status":"publish","type":"page","link":"https:\/\/www.netex.de\/sr\/internships\/","title":{"rendered":"Sta\u017eiranje"},"content":{"rendered":"","protected":false},"excerpt":{"rendered":"","protected":false},"author":1,"featured_media":0,"parent":0,"menu_order":152,"comment_status":"closed","ping_status":"closed","template":"","meta":{"_acf_changed":false,"inline_featured_image":false,"footnotes":""},"class_list":["post-2465","page","type-page","status-publish","hentry"],"acf":[],"ACF":{"background":{"ID":363,"id":363,"title":"job","filename":"job.jpg","filesize":246250,"url":"https:\/\/www.netex.de\/wp-content\/uploads\/job.jpg","link":"https:\/\/www.netex.de\/sr\/jobs\/job\/","alt":"","author":"1","description":"","caption":"","name":"job","status":"inherit","uploaded_to":4107,"date":"2015-10-21 14:35:34","modified":"2016-02-20 17:02:06","menu_order":0,"mime_type":"image\/jpeg","type":"image","subtype":"jpeg","icon":"https:\/\/www.netex.de\/wp-includes\/images\/media\/default.png","width":1920,"height":783,"sizes":{"thumbnail":"https:\/\/www.netex.de\/wp-content\/uploads\/job-150x150.jpg","thumbnail-width":150,"thumbnail-height":150,"medium":"https:\/\/www.netex.de\/wp-content\/uploads\/job-300x122.jpg","medium-width":300,"medium-height":122,"medium_large":"https:\/\/www.netex.de\/wp-content\/uploads\/job.jpg","medium_large-width":768,"medium_large-height":313,"large":"https:\/\/www.netex.de\/wp-content\/uploads\/job-1024x417.jpg","large-width":1024,"large-height":417,"1536x1536":"https:\/\/www.netex.de\/wp-content\/uploads\/job.jpg","1536x1536-width":1536,"1536x1536-height":626,"2048x2048":"https:\/\/www.netex.de\/wp-content\/uploads\/job.jpg","2048x2048-width":1920,"2048x2048-height":783,"post-thumbnail":"https:\/\/www.netex.de\/wp-content\/uploads\/job-85x85.jpg","post-thumbnail-width":85,"post-thumbnail-height":85,"hero":"https:\/\/www.netex.de\/wp-content\/uploads\/job-925x755.jpg","hero-width":925,"hero-height":755,"background":"https:\/\/www.netex.de\/wp-content\/uploads\/job-1920x535.jpg","background-width":1920,"background-height":535,"milestone-home":"https:\/\/www.netex.de\/wp-content\/uploads\/job-588x455.jpg","milestone-home-width":588,"milestone-home-height":455,"milestone-company":"https:\/\/www.netex.de\/wp-content\/uploads\/job-470x300.jpg","milestone-company-width":470,"milestone-company-height":300,"news-company":"https:\/\/www.netex.de\/wp-content\/uploads\/job-300x180.jpg","news-company-width":300,"news-company-height":180,"inner":"https:\/\/www.netex.de\/wp-content\/uploads\/job-300x255.jpg","inner-width":300,"inner-height":255,"gallery":"https:\/\/www.netex.de\/wp-content\/uploads\/job-320x230.jpg","gallery-width":320,"gallery-height":230,"contact":"https:\/\/www.netex.de\/wp-content\/uploads\/job-95x95.jpg","contact-width":95,"contact-height":95}},"content":[{"acf_fc_layout":"two_columns","column_left":{"ID":792,"id":792,"title":"CIG Flyer3-web","filename":"CIG-Flyer3-web.jpg","filesize":436026,"url":"https:\/\/www.netex.de\/wp-content\/uploads\/CIG-Flyer3-web.jpg","link":"https:\/\/www.netex.de\/sr\/internships\/cig-flyer3-web\/","alt":"","author":"1","description":"","caption":"","name":"cig-flyer3-web","status":"inherit","uploaded_to":791,"date":"2015-11-06 22:53:36","modified":"2015-11-06 22:53:36","menu_order":0,"mime_type":"image\/jpeg","type":"image","subtype":"jpeg","icon":"https:\/\/www.netex.de\/wp-includes\/images\/media\/default.png","width":1240,"height":1753,"sizes":{"thumbnail":"https:\/\/www.netex.de\/wp-content\/uploads\/CIG-Flyer3-web-150x150.jpg","thumbnail-width":150,"thumbnail-height":150,"medium":"https:\/\/www.netex.de\/wp-content\/uploads\/CIG-Flyer3-web-212x300.jpg","medium-width":212,"medium-height":300,"medium_large":"https:\/\/www.netex.de\/wp-content\/uploads\/CIG-Flyer3-web.jpg","medium_large-width":768,"medium_large-height":1086,"large":"https:\/\/www.netex.de\/wp-content\/uploads\/CIG-Flyer3-web-724x1024.jpg","large-width":724,"large-height":1024,"1536x1536":"https:\/\/www.netex.de\/wp-content\/uploads\/CIG-Flyer3-web.jpg","1536x1536-width":1087,"1536x1536-height":1536,"2048x2048":"https:\/\/www.netex.de\/wp-content\/uploads\/CIG-Flyer3-web.jpg","2048x2048-width":1240,"2048x2048-height":1753,"post-thumbnail":"https:\/\/www.netex.de\/wp-content\/uploads\/CIG-Flyer3-web-85x85.jpg","post-thumbnail-width":85,"post-thumbnail-height":85,"hero":"https:\/\/www.netex.de\/wp-content\/uploads\/CIG-Flyer3-web-925x755.jpg","hero-width":925,"hero-height":755,"background":"https:\/\/www.netex.de\/wp-content\/uploads\/CIG-Flyer3-web-1240x535.jpg","background-width":1240,"background-height":535,"milestone-home":"https:\/\/www.netex.de\/wp-content\/uploads\/CIG-Flyer3-web-588x455.jpg","milestone-home-width":588,"milestone-home-height":455,"milestone-company":"https:\/\/www.netex.de\/wp-content\/uploads\/CIG-Flyer3-web-470x300.jpg","milestone-company-width":470,"milestone-company-height":300,"news-company":"https:\/\/www.netex.de\/wp-content\/uploads\/CIG-Flyer3-web-300x180.jpg","news-company-width":300,"news-company-height":180,"inner":"https:\/\/www.netex.de\/wp-content\/uploads\/CIG-Flyer3-web-300x255.jpg","inner-width":300,"inner-height":255,"gallery":"https:\/\/www.netex.de\/wp-content\/uploads\/CIG-Flyer3-web-320x230.jpg","gallery-width":320,"gallery-height":230,"contact":"https:\/\/www.netex.de\/wp-content\/uploads\/CIG-Flyer3-web-95x95.jpg","contact-width":95,"contact-height":95}},"column_right":"<p style=\"text-align: justify;\"><b>Kratka prezentacija projekta Dual School:<\/b><\/p>\n<p style=\"text-align: justify;\">&#8222;Dual School&#8220; je projekat pokrenut od strane DWC u saradnji sa Ministarstvom obrazovanja i \u010dlanica nema\u010dke ekonomske grupe.Cilj programa je razvoj stru\u010dnih i tehni\u010dkih znanja , koja pru\u017eaju u\u010denicima gimnazije i maturantima mogu\u0107nost kvalifikacije u struci za vreme trogodi\u0161nje prakse u kompaniji uporedo sa teorijskom nastavom.<br \/>\nOvaj projekat je veoma uspe\u0161an i primenjuje se dugi niz godina u Nema\u010dkoj , Austriji i \u0160vajcarskoj, gde se najve\u0107i akcenat stavlja na prakti\u010dnu obuku.<\/p>\n<p style=\"text-align: justify;\">Posle uspe\u0161no zavr\u0161enog trogodi\u0161njeg programa ,mladi ljudi dobijaju diplome , koje su priznate u Evropi ,kao i mogu\u0107nost zaposlenja u kompaniji u kojoj su pro\u0161li stru\u010dnu praksu. Isto tako, mladim ljudima se pru\u017ea i mogu\u0107nost da nastave svoje obrazovanje od jedanaestog razreda srednje \u0161kole , u odeljenjima gde ima slobodnih mesta , u cilju dobijanja bakalaureata.<\/p>\n<p style=\"text-align: justify;\">Detalji: <a href=\"https:\/\/www.facebook.com\/scoaladuala?fref=ts\" target=\"_blank\">https:\/\/www.facebook.com\/<wbr \/>scoaladuala?fref=ts<\/a> and: <a href=\"http:\/\/scoaladualatm.com\/)\" target=\"_blank\">http:\/\/scoaladualatm.com<\/a><\/p>\n"},{"acf_fc_layout":"one_column","column":""}]},"_links":{"self":[{"href":"https:\/\/www.netex.de\/sr\/wp-json\/wp\/v2\/pages\/2465","targetHints":{"allow":["GET"]}}],"collection":[{"href":"https:\/\/www.netex.de\/sr\/wp-json\/wp\/v2\/pages"}],"about":[{"href":"https:\/\/www.netex.de\/sr\/wp-json\/wp\/v2\/types\/page"}],"author":[{"embeddable":true,"href":"https:\/\/www.netex.de\/sr\/wp-json\/wp\/v2\/users\/1"}],"replies":[{"embeddable":true,"href":"https:\/\/www.netex.de\/sr\/wp-json\/wp\/v2\/comments?post=2465"}],"version-history":[{"count":5,"href":"https:\/\/www.netex.de\/sr\/wp-json\/wp\/v2\/pages\/2465\/revisions"}],"predecessor-version":[{"id":9724,"href":"https:\/\/www.netex.de\/sr\/wp-json\/wp\/v2\/pages\/2465\/revisions\/9724"}],"wp:attachment":[{"href":"https:\/\/www.netex.de\/sr\/wp-json\/wp\/v2\/media?parent=2465"}],"curies":[{"name":"wp","href":"https:\/\/api.w.org\/{rel}","templated":true}]}}