{"id":24574,"date":"2021-11-05T09:09:51","date_gmt":"2021-11-05T07:09:51","guid":{"rendered":"https:\/\/www.netex.ro\/sr\/privacy-policy\/"},"modified":"2021-11-08T15:31:21","modified_gmt":"2021-11-08T13:31:21","slug":"privacy-policy","status":"publish","type":"page","link":"https:\/\/www.netex.de\/sr\/privacy-policy\/","title":{"rendered":"Pravila o privatnosti"},"content":{"rendered":"","protected":false},"excerpt":{"rendered":"","protected":false},"author":3,"featured_media":0,"parent":0,"menu_order":20,"comment_status":"closed","ping_status":"closed","template":"","meta":{"_acf_changed":false,"inline_featured_image":false,"footnotes":""},"class_list":["post-24574","page","type-page","status-publish","hentry"],"acf":[],"ACF":{"background":false,"content":[{"acf_fc_layout":"one_column","column":"<h2>Ko smo mi?<\/h2>\n<p>Na\u0161a internet stranica je: <a href=\"https:\/\/netex.ro\/\">netex.ro<\/a> <br \/>\nMi see brinemo o privatnosti i verujemo u transparentnost. Upravo iz tog razloga, predani smo i iskreni vezano za svoju brigu o va\u0161oj privatnosti. Li\u010dne podatke koji su neophodni da bismo izvr\u0161ili svoje usluge, sakupljamo, ali se brinemo o njima pa\u017eljivo i razumno.<br \/>\nAko imate dodatna pitanja, komentar ili zabrinutost da iznesete, o bilo kojem delu na\u0161e Politike Privatnosti, molimo vas da nam pi\u0161ete na email adresu: <a href=\"mailto:office@netex.ro\">office@netex.ro<\/a>.<\/p>\n<h2>Koje podatke o li\u010dnosti sakupljamo i za\u0161to ih sakupljamo?<\/h2>\n<p>Kontakt forma, formular za poru\u010divanje i formular za aplikaciju na odredjenu poziciju u na\u0161oj firmi.<\/p>\n<p>Kada god pristupite i pretra\u017eujete na\u0161u internet prezentaciju (uklju\u010duju\u0107i mesta na kojima nam unosite podatke o li\u010dnosti kroz polja za unos podataka koja postoje na stranici) mi ih sakupljamo od vas za slede\u0107e namene:<\/p>\n<p>Analitika<\/p>\n<p>Informacije o kontaktu \u2013 primamo i \u010duvamo svaku informaciju koju unosite na na\u0161u stranicu. Na\u0161a stranica koristi formulare da bi va\u0161e podatke o li\u010dnosti, \u0161to uklju\u010duje ime, prezime, email adresu, adresu stanovanja, broj telefona, ime privrednog subjekta, broj zaposlenih, po\u0161tanski broj, dr\u017eavu, interesovanja, URL va\u0161e internet stranice, a sve da biste mogli da zatra\u017eite informacije i dobijete podr\u0161ku kod kori\u0161\u0107enja na\u0161ih usluga.<\/p>\n<p>\nAlati Analitike na Internet stranici<br \/>\nKoristimo analiti\u010dke usluge tre\u0107ih lica da bismo sakupljali podatke o kori\u0161\u0107enju ove stranice, kao \u0161to su broj posetilaca, broj poseta, popularnost odre\u0111enih sadr\u017eaja. Analiti\u010dki alati koriste tehnologije trasiranja kao \u0161to su tehnologije kola\u010di\u0107a (engl.cookies) da bi prepoznali va\u0161 ure\u0111aj, te slo\u017eili informacije o vama. Alati sakupljaju podatke kao \u0161to su: koje stranice pose\u0107ujete i koliko se dugo zadr\u017eavate na njima, IP adresu koja vam je dodeljena, koji operativni sistem i pretra\u017eiva\u010d koristite, kao i podatak o tome koju ste internet stranicu posetili pre nego \u0161to ste odabrali na\u0161u stranicu.\n<\/p>\n<h2>Sa kim delimo va\u0161e podatke?<\/h2>\n<p>Mi prenosimo va\u0161e podatke o li\u010dnosti, tamo gde je bez nedoumice neophodno, zasnovano na potrebama, organizacija koje nam obezbe\u0111uju proizvode i usluge (prenosom ovla\u0161\u0107enja), kao \u0161to su medijske agencije, agenti infranstrukture, (saradnici koji se bave email novostima), dobavlja\u010di i podr\u0161ka sistemima informacionih tehnologija, uklju\u010duju\u0107i arhiviranje email-a, telekomunikacioni provajderi, usluge pravljenja rezervnih kopija i usluge izbavljanja iz katastrofa, kao i usluge internet bezbednosti, organizacije uklju\u010dene u vo\u0111enje na\u0161e internet stranice, kao i tre\u0107e strane kao \u0161to su javni organi i institucije sistema, knjigovo\u0111e, revizori, advokati I drugi spoljni konsultanti, \u010diji posao uklju\u010duje potrebu da se poznaju takvi podaci, ili gde nas zakon natera da predstavimo podatke o li\u010dnosti.  Ako nam zakon nala\u017ee da dostavimo odre\u0111enu vrstu podatka, u slu\u010daju pravnog zahteva od strane vladinih zvani\u010dnika, ili u slu\u010daju gde smo obavezni da se pona\u0161amo u skladu sa pravilima nacionalne bezbednosti.\n<\/p>\n<p>\nNeke od ovih primalaca (uklju\u010duju\u0107i i na\u0161e \u010dlanove) mogu koristiti va\u0161e podatke u dr\u017eavama koje nisu deo Evropskog Ekonomskog Prostora (EEA).\n<\/p>\n<h2>Kakva prava pola\u017eete na svoje podatke?<\/h2>\n<p>Mo\u017eete da vam potvrdimo da li se va\u0161i podaci o li\u010dnosti procesuiraju.<br \/>\nMo\u017eete da vam dostavimo detalje o postupanju sa va\u0161im li\u010dnim podacima.<br \/>\nMo\u017eete da vam dostavimo kopiju svakog podatka koji dr\u017eimo o Vama.<br \/>\nMo\u017eete da povu\u010dete svoj pristanak na kori\u0161\u0107enje va\u0161ih podataka o li\u010dnosti, gde se mi oslanjamo na va\u0161 pristanak kao zakonsku osnovu da bismo opravdali kori\u0161\u0107enje va\u0161ih podataka o li\u010dnosti.<br \/>\nMo\u017eete da promislite svaku validnu primedbu na procesuiranje va\u0161ih podataka o li\u010dnosti (uklju\u010duju\u0107i pravo na prigovor o procesuiranju na osnovu koji se odnosi na va\u0161u odre\u0111enu situaciju kod koje se mi oslanjamo na na\u0161 legitimni interes kao zakonski osnov za tu\u017eenje.<br \/>\nMo\u017eete da zahtevate da se podaci o li\u010dnosti, koje dr\u017eimo, prilagode trenutnom stanju.\n<\/p>\n<h2>Kontakt podaci<\/h2>\n<p>Dalja pitanja i kontaktiranja se mogu realizovati pisanjem na na\u0161u email adresu: <a href=\"mailto:office@netex.ro\">office@netex.ro<\/a>.<\/p>\n"}]},"_links":{"self":[{"href":"https:\/\/www.netex.de\/sr\/wp-json\/wp\/v2\/pages\/24574","targetHints":{"allow":["GET"]}}],"collection":[{"href":"https:\/\/www.netex.de\/sr\/wp-json\/wp\/v2\/pages"}],"about":[{"href":"https:\/\/www.netex.de\/sr\/wp-json\/wp\/v2\/types\/page"}],"author":[{"embeddable":true,"href":"https:\/\/www.netex.de\/sr\/wp-json\/wp\/v2\/users\/3"}],"replies":[{"embeddable":true,"href":"https:\/\/www.netex.de\/sr\/wp-json\/wp\/v2\/comments?post=24574"}],"version-history":[{"count":2,"href":"https:\/\/www.netex.de\/sr\/wp-json\/wp\/v2\/pages\/24574\/revisions"}],"predecessor-version":[{"id":25498,"href":"https:\/\/www.netex.de\/sr\/wp-json\/wp\/v2\/pages\/24574\/revisions\/25498"}],"wp:attachment":[{"href":"https:\/\/www.netex.de\/sr\/wp-json\/wp\/v2\/media?parent=24574"}],"curies":[{"name":"wp","href":"https:\/\/api.w.org\/{rel}","templated":true}]}}