{"id":210,"date":"2015-10-01T19:14:50","date_gmt":"2015-10-01T16:14:50","guid":{"rendered":"http:\/\/netex.wp\/home\/?lang=sr"},"modified":"2020-05-27T09:29:04","modified_gmt":"2020-05-27T06:29:04","slug":"home","status":"publish","type":"page","link":"https:\/\/www.netex.de\/sr\/","title":{"rendered":"Po\u010detna strana"},"content":{"rendered":"","protected":false},"excerpt":{"rendered":"","protected":false},"author":1,"featured_media":0,"parent":0,"menu_order":41,"comment_status":"closed","ping_status":"closed","template":"","meta":{"_acf_changed":false,"inline_featured_image":false,"footnotes":""},"class_list":["post-210","page","type-page","status-publish","hentry"],"acf":[],"ACF":{"hero":[{"title":"Postanite deo","subtitle":"jedinstvenog tima!","image":{"ID":357,"id":357,"title":"People","filename":"hero-people.png","filesize":825496,"url":"https:\/\/www.netex.de\/wp-content\/uploads\/hero-people.png","link":"https:\/\/www.netex.de\/sr\/home\/hero-people\/","alt":"","author":"1","description":"","caption":"","name":"hero-people","status":"inherit","uploaded_to":60,"date":"2015-10-21 14:35:27","modified":"2026-01-16 13:37:00","menu_order":0,"mime_type":"image\/png","type":"image","subtype":"png","icon":"https:\/\/www.netex.de\/wp-includes\/images\/media\/default.png","width":925,"height":756,"sizes":{"thumbnail":"https:\/\/www.netex.de\/wp-content\/uploads\/hero-people-150x150.png","thumbnail-width":150,"thumbnail-height":150,"medium":"https:\/\/www.netex.de\/wp-content\/uploads\/hero-people-300x245.png","medium-width":300,"medium-height":245,"medium_large":"https:\/\/www.netex.de\/wp-content\/uploads\/hero-people.png","medium_large-width":768,"medium_large-height":628,"large":"https:\/\/www.netex.de\/wp-content\/uploads\/hero-people-1024x836.png","large-width":1024,"large-height":836,"1536x1536":"https:\/\/www.netex.de\/wp-content\/uploads\/hero-people.png","1536x1536-width":925,"1536x1536-height":756,"2048x2048":"https:\/\/www.netex.de\/wp-content\/uploads\/hero-people.png","2048x2048-width":925,"2048x2048-height":756,"post-thumbnail":"https:\/\/www.netex.de\/wp-content\/uploads\/hero-people-85x85.png","post-thumbnail-width":85,"post-thumbnail-height":85,"hero":"https:\/\/www.netex.de\/wp-content\/uploads\/hero-people-925x755.png","hero-width":925,"hero-height":755,"background":"https:\/\/www.netex.de\/wp-content\/uploads\/hero-people-925x535.png","background-width":925,"background-height":535,"milestone-home":"https:\/\/www.netex.de\/wp-content\/uploads\/hero-people-588x455.png","milestone-home-width":588,"milestone-home-height":455,"milestone-company":"https:\/\/www.netex.de\/wp-content\/uploads\/hero-people-470x300.png","milestone-company-width":470,"milestone-company-height":300,"news-company":"https:\/\/www.netex.de\/wp-content\/uploads\/hero-people-300x180.png","news-company-width":300,"news-company-height":180,"inner":"https:\/\/www.netex.de\/wp-content\/uploads\/hero-people-300x255.png","inner-width":300,"inner-height":255,"gallery":"https:\/\/www.netex.de\/wp-content\/uploads\/hero-people-320x230.png","gallery-width":320,"gallery-height":230,"contact":"https:\/\/www.netex.de\/wp-content\/uploads\/hero-people-95x95.png","contact-width":95,"contact-height":95}},"button":[{"title":"Prijava za posao","link":"https:\/\/www.netex.de\/sr\/jobs\/"}]}],"services":[{"icon":{"ID":290,"id":290,"title":"Jobs","filename":"jobs.svg","filesize":1000,"url":"https:\/\/www.netex.de\/wp-content\/uploads\/jobs.svg","link":"https:\/\/www.netex.de\/sr\/home\/jobs-2\/","alt":"","author":"1","description":"","caption":"","name":"jobs-2","status":"inherit","uploaded_to":60,"date":"2015-10-19 19:13:16","modified":"2015-10-19 19:13:20","menu_order":0,"mime_type":"image\/svg+xml","type":"image","subtype":"svg+xml","icon":"https:\/\/www.netex.de\/wp-includes\/images\/media\/default.png","width":1,"height":1,"sizes":{"thumbnail":"https:\/\/www.netex.de\/wp-content\/uploads\/jobs.svg","thumbnail-width":1,"thumbnail-height":1,"medium":"https:\/\/www.netex.de\/wp-content\/uploads\/jobs.svg","medium-width":1,"medium-height":1,"medium_large":"https:\/\/www.netex.de\/wp-content\/uploads\/jobs.svg","medium_large-width":1,"medium_large-height":1,"large":"https:\/\/www.netex.de\/wp-content\/uploads\/jobs.svg","large-width":1,"large-height":1,"1536x1536":"https:\/\/www.netex.de\/wp-content\/uploads\/jobs.svg","1536x1536-width":1,"1536x1536-height":1,"2048x2048":"https:\/\/www.netex.de\/wp-content\/uploads\/jobs.svg","2048x2048-width":1,"2048x2048-height":1,"post-thumbnail":"https:\/\/www.netex.de\/wp-content\/uploads\/jobs.svg","post-thumbnail-width":1,"post-thumbnail-height":1,"hero":"https:\/\/www.netex.de\/wp-content\/uploads\/jobs.svg","hero-width":1,"hero-height":1,"background":"https:\/\/www.netex.de\/wp-content\/uploads\/jobs.svg","background-width":1,"background-height":1,"milestone-home":"https:\/\/www.netex.de\/wp-content\/uploads\/jobs.svg","milestone-home-width":1,"milestone-home-height":1,"milestone-company":"https:\/\/www.netex.de\/wp-content\/uploads\/jobs.svg","milestone-company-width":1,"milestone-company-height":1,"news-company":"https:\/\/www.netex.de\/wp-content\/uploads\/jobs.svg","news-company-width":1,"news-company-height":1,"inner":"https:\/\/www.netex.de\/wp-content\/uploads\/jobs.svg","inner-width":1,"inner-height":1,"gallery":"https:\/\/www.netex.de\/wp-content\/uploads\/jobs.svg","gallery-width":1,"gallery-height":1,"contact":"https:\/\/www.netex.de\/wp-content\/uploads\/jobs.svg","contact-width":1,"contact-height":1}},"title":"Aktuelni konkursi","content":"\u017delite posao? Nema problema. Mi imamo \u0161irok spektar poslova: od odnosa sa javno\u0161\u0107u i asistenta za komunikacije do sistemskog in\u017eenjera. Kontaktirajte nas i pru\u017ei\u0107emo Vam priliku da budete deo na\u0161eg pobedni\u010dkog tima.","button":[{"title":"Prijava za posao","link":"https:\/\/www.netex.de\/sr\/jobs\/","primary":true}]},{"icon":{"ID":291,"id":291,"title":"Call Center","filename":"call-center.svg","filesize":1385,"url":"https:\/\/www.netex.de\/wp-content\/uploads\/call-center.svg","link":"https:\/\/www.netex.de\/sr\/home\/call-center-2\/","alt":"","author":"1","description":"","caption":"","name":"call-center-2","status":"inherit","uploaded_to":60,"date":"2015-10-19 19:13:32","modified":"2015-10-19 19:13:37","menu_order":0,"mime_type":"image\/svg+xml","type":"image","subtype":"svg+xml","icon":"https:\/\/www.netex.de\/wp-includes\/images\/media\/default.png","width":1,"height":1,"sizes":{"thumbnail":"https:\/\/www.netex.de\/wp-content\/uploads\/call-center.svg","thumbnail-width":1,"thumbnail-height":1,"medium":"https:\/\/www.netex.de\/wp-content\/uploads\/call-center.svg","medium-width":1,"medium-height":1,"medium_large":"https:\/\/www.netex.de\/wp-content\/uploads\/call-center.svg","medium_large-width":1,"medium_large-height":1,"large":"https:\/\/www.netex.de\/wp-content\/uploads\/call-center.svg","large-width":1,"large-height":1,"1536x1536":"https:\/\/www.netex.de\/wp-content\/uploads\/call-center.svg","1536x1536-width":1,"1536x1536-height":1,"2048x2048":"https:\/\/www.netex.de\/wp-content\/uploads\/call-center.svg","2048x2048-width":1,"2048x2048-height":1,"post-thumbnail":"https:\/\/www.netex.de\/wp-content\/uploads\/call-center.svg","post-thumbnail-width":1,"post-thumbnail-height":1,"hero":"https:\/\/www.netex.de\/wp-content\/uploads\/call-center.svg","hero-width":1,"hero-height":1,"background":"https:\/\/www.netex.de\/wp-content\/uploads\/call-center.svg","background-width":1,"background-height":1,"milestone-home":"https:\/\/www.netex.de\/wp-content\/uploads\/call-center.svg","milestone-home-width":1,"milestone-home-height":1,"milestone-company":"https:\/\/www.netex.de\/wp-content\/uploads\/call-center.svg","milestone-company-width":1,"milestone-company-height":1,"news-company":"https:\/\/www.netex.de\/wp-content\/uploads\/call-center.svg","news-company-width":1,"news-company-height":1,"inner":"https:\/\/www.netex.de\/wp-content\/uploads\/call-center.svg","inner-width":1,"inner-height":1,"gallery":"https:\/\/www.netex.de\/wp-content\/uploads\/call-center.svg","gallery-width":1,"gallery-height":1,"contact":"https:\/\/www.netex.de\/wp-content\/uploads\/call-center.svg","contact-width":1,"contact-height":1}},"title":"Usluge korisni\u010dkog servisa","content":"Mi smo Va\u0161 partner koji pru\u017ea usluge korisni\u010dkog servisa na evropskom i svetskom tr\u017ei\u0161tu!<br \/>\r\n<br \/>\r\nISO 9001:2015 sertifikovan od strane Tehni\u010dkog nadzora \"Rheinland\", koji potvr\u0111uje kvalitet na\u0161ih usluga!","button":[{"title":"Detaljnije","link":"https:\/\/www.netex.de\/sr\/call-center\/","primary":false}]},{"icon":{"ID":293,"id":293,"title":"Support","filename":"support.svg","filesize":1317,"url":"https:\/\/www.netex.de\/wp-content\/uploads\/support.svg","link":"https:\/\/www.netex.de\/sr\/home\/support\/","alt":"","author":"1","description":"","caption":"","name":"support","status":"inherit","uploaded_to":60,"date":"2015-10-19 19:15:04","modified":"2015-10-19 19:15:08","menu_order":0,"mime_type":"image\/svg+xml","type":"image","subtype":"svg+xml","icon":"https:\/\/www.netex.de\/wp-includes\/images\/media\/default.png","width":1,"height":1,"sizes":{"thumbnail":"https:\/\/www.netex.de\/wp-content\/uploads\/support.svg","thumbnail-width":1,"thumbnail-height":1,"medium":"https:\/\/www.netex.de\/wp-content\/uploads\/support.svg","medium-width":1,"medium-height":1,"medium_large":"https:\/\/www.netex.de\/wp-content\/uploads\/support.svg","medium_large-width":1,"medium_large-height":1,"large":"https:\/\/www.netex.de\/wp-content\/uploads\/support.svg","large-width":1,"large-height":1,"1536x1536":"https:\/\/www.netex.de\/wp-content\/uploads\/support.svg","1536x1536-width":1,"1536x1536-height":1,"2048x2048":"https:\/\/www.netex.de\/wp-content\/uploads\/support.svg","2048x2048-width":1,"2048x2048-height":1,"post-thumbnail":"https:\/\/www.netex.de\/wp-content\/uploads\/support.svg","post-thumbnail-width":1,"post-thumbnail-height":1,"hero":"https:\/\/www.netex.de\/wp-content\/uploads\/support.svg","hero-width":1,"hero-height":1,"background":"https:\/\/www.netex.de\/wp-content\/uploads\/support.svg","background-width":1,"background-height":1,"milestone-home":"https:\/\/www.netex.de\/wp-content\/uploads\/support.svg","milestone-home-width":1,"milestone-home-height":1,"milestone-company":"https:\/\/www.netex.de\/wp-content\/uploads\/support.svg","milestone-company-width":1,"milestone-company-height":1,"news-company":"https:\/\/www.netex.de\/wp-content\/uploads\/support.svg","news-company-width":1,"news-company-height":1,"inner":"https:\/\/www.netex.de\/wp-content\/uploads\/support.svg","inner-width":1,"inner-height":1,"gallery":"https:\/\/www.netex.de\/wp-content\/uploads\/support.svg","gallery-width":1,"gallery-height":1,"contact":"https:\/\/www.netex.de\/wp-content\/uploads\/support.svg","contact-width":1,"contact-height":1}},"title":"Podr\u0161ka","content":"Ako ste nai\u0161li na pote\u0161ko\u0107e i potrebna Vam je pomo\u0107, mi smo tu samo zbog Vas! Pozovite nas i uverite se.","button":[{"title":"Detaljnije","link":"https:\/\/www.netex.de\/sr\/contact\/","primary":false}]}],"quote":[{"content":"<img src=\"\/wp-content\/uploads\/europe_proto3.png\" class=\"eu-map\" \/><br \/>\r\n<br><br \/>\r\nObavljamo sve aktivnosti vezane za usluge korisni\u010dkog servisa, uklju\u010duju\u0107i i servis za kupce, obradu podataka i administraciju web stranica, rade\u0107i bez prekida u 23 poslovnih kancelarija u Evropi. Imamo 239 radnih stranica i preko 500 saradnika, a telefonski pozivi se preusmeravaju preko optimalizovanog servisa \"VoIP\" na\u0161im agentima koji komuniciraju sa klijentima na \u010dak 30 svetskih jezika. Na\u0161a misija i ciljevi se ovde ne zaustavljaju, jer svakodnevno u\u010dimo i rastemo zajedno sa Vama!","button":[{"title":"Zahtev za ponudu","link":"https:\/\/www.netex.de\/sr\/request-quote\/"}]}],"press":"Mediji","milestones":"Prekretnice","press_button":[{"title":"Pro\u010ditajte vi\u0161e","link":"https:\/\/www.netex.de\/sr\/press\/"}]},"_links":{"self":[{"href":"https:\/\/www.netex.de\/sr\/wp-json\/wp\/v2\/pages\/210","targetHints":{"allow":["GET"]}}],"collection":[{"href":"https:\/\/www.netex.de\/sr\/wp-json\/wp\/v2\/pages"}],"about":[{"href":"https:\/\/www.netex.de\/sr\/wp-json\/wp\/v2\/types\/page"}],"author":[{"embeddable":true,"href":"https:\/\/www.netex.de\/sr\/wp-json\/wp\/v2\/users\/1"}],"replies":[{"embeddable":true,"href":"https:\/\/www.netex.de\/sr\/wp-json\/wp\/v2\/comments?post=210"}],"version-history":[{"count":26,"href":"https:\/\/www.netex.de\/sr\/wp-json\/wp\/v2\/pages\/210\/revisions"}],"predecessor-version":[{"id":21141,"href":"https:\/\/www.netex.de\/sr\/wp-json\/wp\/v2\/pages\/210\/revisions\/21141"}],"wp:attachment":[{"href":"https:\/\/www.netex.de\/sr\/wp-json\/wp\/v2\/media?parent=210"}],"curies":[{"name":"wp","href":"https:\/\/api.w.org\/{rel}","templated":true}]}}