{"id":1873,"date":"2015-10-23T01:47:26","date_gmt":"2015-10-22T22:47:26","guid":{"rendered":"http:\/\/beta.netex.ro\/sr\/quality-policy\/"},"modified":"2021-02-02T10:41:14","modified_gmt":"2021-02-02T08:41:14","slug":"quality-policy","status":"publish","type":"page","link":"https:\/\/www.netex.de\/sr\/quality-policy\/","title":{"rendered":"Politika kvaliteta"},"content":{"rendered":"","protected":false},"excerpt":{"rendered":"","protected":false},"author":1,"featured_media":0,"parent":0,"menu_order":192,"comment_status":"closed","ping_status":"closed","template":"","meta":{"_acf_changed":false,"inline_featured_image":false,"footnotes":""},"class_list":["post-1873","page","type-page","status-publish","hentry"],"acf":[],"ACF":{"background":{"ID":372,"id":372,"title":"quality","filename":"quality.jpg","filesize":187309,"url":"https:\/\/www.netex.de\/wp-content\/uploads\/quality.jpg","link":"https:\/\/www.netex.de\/sr\/quality\/","alt":"","author":"1","description":"","caption":"","name":"quality","status":"inherit","uploaded_to":0,"date":"2015-10-21 14:35:40","modified":"2015-10-21 14:35:40","menu_order":0,"mime_type":"image\/jpeg","type":"image","subtype":"jpeg","icon":"https:\/\/www.netex.de\/wp-includes\/images\/media\/default.png","width":1920,"height":578,"sizes":{"thumbnail":"https:\/\/www.netex.de\/wp-content\/uploads\/quality-150x150.jpg","thumbnail-width":150,"thumbnail-height":150,"medium":"https:\/\/www.netex.de\/wp-content\/uploads\/quality-300x90.jpg","medium-width":300,"medium-height":90,"medium_large":"https:\/\/www.netex.de\/wp-content\/uploads\/quality.jpg","medium_large-width":768,"medium_large-height":231,"large":"https:\/\/www.netex.de\/wp-content\/uploads\/quality-1024x308.jpg","large-width":1024,"large-height":308,"1536x1536":"https:\/\/www.netex.de\/wp-content\/uploads\/quality.jpg","1536x1536-width":1536,"1536x1536-height":462,"2048x2048":"https:\/\/www.netex.de\/wp-content\/uploads\/quality.jpg","2048x2048-width":1920,"2048x2048-height":578,"post-thumbnail":"https:\/\/www.netex.de\/wp-content\/uploads\/quality-85x85.jpg","post-thumbnail-width":85,"post-thumbnail-height":85,"hero":"https:\/\/www.netex.de\/wp-content\/uploads\/quality-925x578.jpg","hero-width":925,"hero-height":578,"background":"https:\/\/www.netex.de\/wp-content\/uploads\/quality-1920x535.jpg","background-width":1920,"background-height":535,"milestone-home":"https:\/\/www.netex.de\/wp-content\/uploads\/quality-588x455.jpg","milestone-home-width":588,"milestone-home-height":455,"milestone-company":"https:\/\/www.netex.de\/wp-content\/uploads\/quality-470x300.jpg","milestone-company-width":470,"milestone-company-height":300,"news-company":"https:\/\/www.netex.de\/wp-content\/uploads\/quality-300x180.jpg","news-company-width":300,"news-company-height":180,"inner":"https:\/\/www.netex.de\/wp-content\/uploads\/quality-300x255.jpg","inner-width":300,"inner-height":255,"gallery":"https:\/\/www.netex.de\/wp-content\/uploads\/quality-320x230.jpg","gallery-width":320,"gallery-height":230,"contact":"https:\/\/www.netex.de\/wp-content\/uploads\/quality-95x95.jpg","contact-width":95,"contact-height":95}},"content":[{"acf_fc_layout":"two_columns","column_left":{"ID":353,"id":353,"title":"Company","filename":"company-image2-e1445440293698.jpg","filesize":55318,"url":"https:\/\/www.netex.de\/wp-content\/uploads\/company-image2-e1445440293698.jpg","link":"https:\/\/www.netex.de\/sr\/company-image2\/","alt":"","author":"1","description":"","caption":"Company","name":"company-image2","status":"inherit","uploaded_to":0,"date":"2015-10-21 14:35:25","modified":"2016-01-29 07:25:51","menu_order":0,"mime_type":"image\/jpeg","type":"image","subtype":"jpeg","icon":"https:\/\/www.netex.de\/wp-includes\/images\/media\/default.png","width":713,"height":455,"sizes":{"thumbnail":"https:\/\/www.netex.de\/wp-content\/uploads\/company-image2-e1445440293698-150x150.jpg","thumbnail-width":150,"thumbnail-height":150,"medium":"https:\/\/www.netex.de\/wp-content\/uploads\/company-image2-e1445440293698-300x191.jpg","medium-width":300,"medium-height":191,"medium_large":"https:\/\/www.netex.de\/wp-content\/uploads\/company-image2-e1445440293698.jpg","medium_large-width":713,"medium_large-height":455,"large":"https:\/\/www.netex.de\/wp-content\/uploads\/company-image2-e1445440293698-1024x653.jpg","large-width":1024,"large-height":653,"1536x1536":"https:\/\/www.netex.de\/wp-content\/uploads\/company-image2-e1445440293698.jpg","1536x1536-width":713,"1536x1536-height":455,"2048x2048":"https:\/\/www.netex.de\/wp-content\/uploads\/company-image2-e1445440293698.jpg","2048x2048-width":713,"2048x2048-height":455,"post-thumbnail":"https:\/\/www.netex.de\/wp-content\/uploads\/company-image2-e1445440293698-85x85.jpg","post-thumbnail-width":85,"post-thumbnail-height":85,"hero":"https:\/\/www.netex.de\/wp-content\/uploads\/company-image2-e1445440293698.jpg","hero-width":713,"hero-height":455,"background":"https:\/\/www.netex.de\/wp-content\/uploads\/company-image2-e1445440293698.jpg","background-width":713,"background-height":455,"milestone-home":"https:\/\/www.netex.de\/wp-content\/uploads\/company-image2-e1445440293698-588x455.jpg","milestone-home-width":588,"milestone-home-height":455,"milestone-company":"https:\/\/www.netex.de\/wp-content\/uploads\/company-image2-e1445440293698-470x300.jpg","milestone-company-width":470,"milestone-company-height":300,"news-company":"https:\/\/www.netex.de\/wp-content\/uploads\/company-image2-e1445440293698-300x180.jpg","news-company-width":300,"news-company-height":180,"inner":"https:\/\/www.netex.de\/wp-content\/uploads\/company-image2-e1445440293698-300x255.jpg","inner-width":300,"inner-height":255,"gallery":"https:\/\/www.netex.de\/wp-content\/uploads\/company-image2-e1445440293698-320x230.jpg","gallery-width":320,"gallery-height":230,"contact":"https:\/\/www.netex.de\/wp-content\/uploads\/company-image2-e1445440293698-95x95.jpg","contact-width":95,"contact-height":95}},"column_right":"<h2>NETEX \u2013 ISO 9001: 2015 Sertifikat\u0435<\/h2>\n<p><b>Politika kvaliteta<\/b><\/p>\n<p style=\"text-align: justify;\">Netex pokriva sve aktivnosti vezane za rad korisni\u010dkog servisa, uklju\u010duju\u0107i rad korisni\u010dkog servisa, obradu podataka i a\u017euriranje internet stranica, a sa ciljem prodaje i drugih usluga na Internetu.<\/p>\n<p style=\"text-align: justify;\">Najva\u017eniji princip Politike kvaliteta kompanije \u201cNetex\u201d jeste orijentacija ka kupcima, odnosno prepoznavanje i zadovoljenje potreba kupaca. Rukovodstvo kompanije Netex neprestano radi na odr\u017eavanju, primeni i unapre\u0111ivanju efikasnosti sistema \u201cPolitike kvaliteta\u201d u cilju pru\u017eanja usluga u skladu sa potrebama i o\u010dekivanjima klijenata.<\/p>\n"},{"acf_fc_layout":"one_column","column":"<p style=\"text-align: justify;\">Istovremeno, smatramo da je najva\u017enije da svi na\u0161i saradnici upravo isti\u010du a\u017eurnost i kvalitet poslovne komunikacije kao na\u0161e vode\u0107e osobine.\u00a0Nadalje, na\u0161e kvalifikovano osoblje vodi ra\u010duna da usluge koje nudimo budu najvi\u0161eg kvaliteta.\u00a0Neprestano unapre\u0111ivanje sistema Politike kvaliteta nastaje usled posve\u0107enosti celokupnog osoblja kompanije, \u0161to uti\u010de na pove\u0107ano zadovoljstvo na\u0161ih kupaca, a onda, posredno, i na sliku o kompaniji Netex.<\/p>\n<p style=\"text-align: justify;\">Rukovodstvo, od najvi\u0161ih pozicija nani\u017ee, svesno je da su zaposleni osnovna snaga celokupne organizacije, radi \u010dega osiguravamo i odr\u017eavamo optimalno okru\u017eenje koje omogu\u0107ava svakom zaposlenom da iskoristi i razvije svoje ve\u0161tine, znanja i li\u010dna iskustva kako bismo odgovorili potrebama i o\u010dekivanjima kupaca na najbolji mogu\u0107i na\u010din. Ohrabrujemo na\u0161e zaposlene u profesionalnom razvoju omogu\u0107avaju\u0107i im kontinuirani trening i razvoj.<\/p>\n<p style=\"text-align: justify;\">Kompanija Netex sprovodi uvo\u0111enje Politike kvaliteta kako bi optimizovala sistem upravljanja koji direktno uti\u010de na svest o \u010dinjenici i zna\u010daju svake aktivnosti i procesa rada svakog zaposlenog. Ovakav pristup omogu\u0107ava neprestano u\u010denje, sakupljanje iskustava i primenu metode re\u0161avanja problema u predvi\u0111anju bilo kog problema i njegovog re\u0161enja.\u00a0Rukovodstvo kompanije Netex obezbe\u0111uje pravni okvir, uzimaju\u0107i u obzir za\u0161titu poverljivih podataka i prava na intelektualnu svojinu, kao i mogu\u0107i sukob interesa.\u00a0Periodi\u010dno, rukovodstvo Netex potvr\u0111uje i osigurava da je Politika kvaliteta u skladu s namenom organizacije, i detaljno analizira svoje ciljeve usmerene ka budu\u0107em razvoju.<\/p>\n<p><a href=\"\/wp-content\/uploads\/Certificate-2020-ISO-9001-2015-RS.pdf\" target=\"_blank\">Certificate 2020 &#8211; ISO 9001-2015-SRB<\/a><\/p>\n"}]},"_links":{"self":[{"href":"https:\/\/www.netex.de\/sr\/wp-json\/wp\/v2\/pages\/1873","targetHints":{"allow":["GET"]}}],"collection":[{"href":"https:\/\/www.netex.de\/sr\/wp-json\/wp\/v2\/pages"}],"about":[{"href":"https:\/\/www.netex.de\/sr\/wp-json\/wp\/v2\/types\/page"}],"author":[{"embeddable":true,"href":"https:\/\/www.netex.de\/sr\/wp-json\/wp\/v2\/users\/1"}],"replies":[{"embeddable":true,"href":"https:\/\/www.netex.de\/sr\/wp-json\/wp\/v2\/comments?post=1873"}],"version-history":[{"count":18,"href":"https:\/\/www.netex.de\/sr\/wp-json\/wp\/v2\/pages\/1873\/revisions"}],"predecessor-version":[{"id":22125,"href":"https:\/\/www.netex.de\/sr\/wp-json\/wp\/v2\/pages\/1873\/revisions\/22125"}],"wp:attachment":[{"href":"https:\/\/www.netex.de\/sr\/wp-json\/wp\/v2\/media?parent=1873"}],"curies":[{"name":"wp","href":"https:\/\/api.w.org\/{rel}","templated":true}]}}