{"id":1095,"date":"2015-10-15T20:09:36","date_gmt":"2015-10-15T17:09:36","guid":{"rendered":"http:\/\/beta.netex.ro\/sr\/call-center\/inbound\/"},"modified":"2016-11-01T15:08:10","modified_gmt":"2016-11-01T13:08:10","slug":"inbound","status":"publish","type":"page","link":"https:\/\/www.netex.de\/sr\/call-center\/inbound\/","title":{"rendered":"DOLAZNI POZIVI"},"content":{"rendered":"","protected":false},"excerpt":{"rendered":"","protected":false},"author":1,"featured_media":0,"parent":1044,"menu_order":67,"comment_status":"closed","ping_status":"closed","template":"","meta":{"_acf_changed":false,"inline_featured_image":false,"footnotes":""},"class_list":["post-1095","page","type-page","status-publish","hentry"],"acf":[],"ACF":{"background":false,"content":[{"acf_fc_layout":"two_columns","column_left":{"ID":368,"id":368,"title":"People","filename":"people.jpg","filesize":50788,"url":"https:\/\/www.netex.de\/wp-content\/uploads\/people.jpg","link":"https:\/\/www.netex.de\/sr\/call-center\/inbound\/people\/","alt":"","author":"1","description":"","caption":"People","name":"people","status":"inherit","uploaded_to":132,"date":"2015-10-21 14:35:37","modified":"2023-05-27 16:54:09","menu_order":0,"mime_type":"image\/jpeg","type":"image","subtype":"jpeg","icon":"https:\/\/www.netex.de\/wp-includes\/images\/media\/default.png","width":300,"height":180,"sizes":{"thumbnail":"https:\/\/www.netex.de\/wp-content\/uploads\/people-150x150.jpg","thumbnail-width":150,"thumbnail-height":150,"medium":"https:\/\/www.netex.de\/wp-content\/uploads\/people.jpg","medium-width":300,"medium-height":180,"medium_large":"https:\/\/www.netex.de\/wp-content\/uploads\/people.jpg","medium_large-width":300,"medium_large-height":180,"large":"https:\/\/www.netex.de\/wp-content\/uploads\/people-1024x614.jpg","large-width":1024,"large-height":614,"1536x1536":"https:\/\/www.netex.de\/wp-content\/uploads\/people.jpg","1536x1536-width":300,"1536x1536-height":180,"2048x2048":"https:\/\/www.netex.de\/wp-content\/uploads\/people.jpg","2048x2048-width":300,"2048x2048-height":180,"post-thumbnail":"https:\/\/www.netex.de\/wp-content\/uploads\/people-85x85.jpg","post-thumbnail-width":85,"post-thumbnail-height":85,"hero":"https:\/\/www.netex.de\/wp-content\/uploads\/people.jpg","hero-width":300,"hero-height":180,"background":"https:\/\/www.netex.de\/wp-content\/uploads\/people.jpg","background-width":300,"background-height":180,"milestone-home":"https:\/\/www.netex.de\/wp-content\/uploads\/people.jpg","milestone-home-width":300,"milestone-home-height":180,"milestone-company":"https:\/\/www.netex.de\/wp-content\/uploads\/people.jpg","milestone-company-width":300,"milestone-company-height":180,"news-company":"https:\/\/www.netex.de\/wp-content\/uploads\/people.jpg","news-company-width":300,"news-company-height":180,"inner":"https:\/\/www.netex.de\/wp-content\/uploads\/people.jpg","inner-width":300,"inner-height":180,"gallery":"https:\/\/www.netex.de\/wp-content\/uploads\/people.jpg","gallery-width":300,"gallery-height":180,"contact":"https:\/\/www.netex.de\/wp-content\/uploads\/people-95x95.jpg","contact-width":95,"contact-height":95}},"column_right":"<h2>LINIJA ZA INFORMACIJE I PORUD\u017dBINE<\/h2>\n<p style=\"text-align: justify;\">Ako \u017eelite da promovi\u0161ete svoj proizvod u vidu reklame na odre\u0111eno vreme ili Vam informacioni sistem (telefon, e-mail ili fax) postaje previ\u0161e komplikovan, mi Vam stojimo na raspolaganju. Primamo porud\u017ebine, prosle\u0111ujemo \u017ealbe, informi\u0161emo o svemu \u0161to je potrebno \u2013 pouzdani smo i brzi. Preuzimamo porud\u017ebine u Va\u0161e ime i istog momenta ih obra\u0111ujemo, \u010dak i nakon Va\u0161eg radnog vremena, zahvaljuju\u0107i na\u0161im programima za obradu podataka.<\/p>\n"},{"acf_fc_layout":"two_columns","column_left":{"ID":361,"id":361,"title":"inbound-telephone","filename":"inbound-telephone.png","filesize":510407,"url":"https:\/\/www.netex.de\/wp-content\/uploads\/inbound-telephone.png","link":"https:\/\/www.netex.de\/sr\/call-center\/inbound\/inbound-telephone\/","alt":"","author":"1","description":"","caption":"","name":"inbound-telephone","status":"inherit","uploaded_to":875,"date":"2015-10-21 14:35:32","modified":"2026-01-15 13:04:39","menu_order":0,"mime_type":"image\/png","type":"image","subtype":"png","icon":"https:\/\/www.netex.de\/wp-includes\/images\/media\/default.png","width":1920,"height":601,"sizes":{"thumbnail":"https:\/\/www.netex.de\/wp-content\/uploads\/inbound-telephone-150x150.png","thumbnail-width":150,"thumbnail-height":150,"medium":"https:\/\/www.netex.de\/wp-content\/uploads\/inbound-telephone-300x94.png","medium-width":300,"medium-height":94,"medium_large":"https:\/\/www.netex.de\/wp-content\/uploads\/inbound-telephone.png","medium_large-width":768,"medium_large-height":240,"large":"https:\/\/www.netex.de\/wp-content\/uploads\/inbound-telephone-1024x320.png","large-width":1024,"large-height":320,"1536x1536":"https:\/\/www.netex.de\/wp-content\/uploads\/inbound-telephone.png","1536x1536-width":1536,"1536x1536-height":481,"2048x2048":"https:\/\/www.netex.de\/wp-content\/uploads\/inbound-telephone.png","2048x2048-width":1920,"2048x2048-height":601,"post-thumbnail":"https:\/\/www.netex.de\/wp-content\/uploads\/inbound-telephone-85x85.png","post-thumbnail-width":85,"post-thumbnail-height":85,"hero":"https:\/\/www.netex.de\/wp-content\/uploads\/inbound-telephone-925x601.png","hero-width":925,"hero-height":601,"background":"https:\/\/www.netex.de\/wp-content\/uploads\/inbound-telephone-1920x535.png","background-width":1920,"background-height":535,"milestone-home":"https:\/\/www.netex.de\/wp-content\/uploads\/inbound-telephone-588x455.png","milestone-home-width":588,"milestone-home-height":455,"milestone-company":"https:\/\/www.netex.de\/wp-content\/uploads\/inbound-telephone-470x300.png","milestone-company-width":470,"milestone-company-height":300,"news-company":"https:\/\/www.netex.de\/wp-content\/uploads\/inbound-telephone-300x180.png","news-company-width":300,"news-company-height":180,"inner":"https:\/\/www.netex.de\/wp-content\/uploads\/inbound-telephone-300x255.png","inner-width":300,"inner-height":255,"gallery":"https:\/\/www.netex.de\/wp-content\/uploads\/inbound-telephone-320x230.png","gallery-width":320,"gallery-height":230,"contact":"https:\/\/www.netex.de\/wp-content\/uploads\/inbound-telephone-95x95.png","contact-width":95,"contact-height":95}},"column_right":"<h2>LINIJA PODR\u0160KE ZA VA\u0160E PROIZVODE<\/h2>\n<p style=\"text-align: justify;\">Da li imate hardver ili softver za koji Vam je potrebno uputstvo? Rado \u0107emo Vam pru\u017eiti pomo\u0107, da bi ste se uverili u kvalitet na\u0161e linije za podr\u0161ku. Mi smo tu za va\u0161e klijente na svakom nivou komunikacije kako bismo unapredili va\u0161 sistem poslovanja, \u010dime vam dajemo prostor za va\u0161e dalje usavr\u0161avanje. Na\u0161e reference u oblasti hardver i softver podr\u0161ke su me\u0111u najboljim. Ne ustru\u010davajte se da nas pozovete!<\/p>\n"}]},"_links":{"self":[{"href":"https:\/\/www.netex.de\/sr\/wp-json\/wp\/v2\/pages\/1095","targetHints":{"allow":["GET"]}}],"collection":[{"href":"https:\/\/www.netex.de\/sr\/wp-json\/wp\/v2\/pages"}],"about":[{"href":"https:\/\/www.netex.de\/sr\/wp-json\/wp\/v2\/types\/page"}],"author":[{"embeddable":true,"href":"https:\/\/www.netex.de\/sr\/wp-json\/wp\/v2\/users\/1"}],"replies":[{"embeddable":true,"href":"https:\/\/www.netex.de\/sr\/wp-json\/wp\/v2\/comments?post=1095"}],"version-history":[{"count":8,"href":"https:\/\/www.netex.de\/sr\/wp-json\/wp\/v2\/pages\/1095\/revisions"}],"predecessor-version":[{"id":9721,"href":"https:\/\/www.netex.de\/sr\/wp-json\/wp\/v2\/pages\/1095\/revisions\/9721"}],"up":[{"embeddable":true,"href":"https:\/\/www.netex.de\/sr\/wp-json\/wp\/v2\/pages\/1044"}],"wp:attachment":[{"href":"https:\/\/www.netex.de\/sr\/wp-json\/wp\/v2\/media?parent=1095"}],"curies":[{"name":"wp","href":"https:\/\/api.w.org\/{rel}","templated":true}]}}