{"id":995,"date":"2015-10-15T20:09:36","date_gmt":"2015-10-15T17:09:36","guid":{"rendered":"http:\/\/beta.netex.ro\/ro\/call-center\/inbound\/"},"modified":"2016-05-18T14:04:42","modified_gmt":"2016-05-18T11:04:42","slug":"inbound","status":"publish","type":"page","link":"https:\/\/www.netex.de\/ro\/call-center\/inbound\/","title":{"rendered":"Inbound"},"content":{"rendered":"","protected":false},"excerpt":{"rendered":"","protected":false},"author":1,"featured_media":0,"parent":945,"menu_order":64,"comment_status":"closed","ping_status":"closed","template":"","meta":{"_acf_changed":false,"inline_featured_image":false,"footnotes":""},"class_list":["post-995","page","type-page","status-publish","hentry"],"acf":[],"ACF":{"background":false,"content":[{"acf_fc_layout":"two_columns","column_left":{"ID":368,"id":368,"title":"People","filename":"people.jpg","filesize":50788,"url":"https:\/\/www.netex.de\/wp-content\/uploads\/people.jpg","link":"https:\/\/www.netex.de\/ro\/call-center\/inbound\/people\/","alt":"","author":"1","description":"","caption":"People","name":"people","status":"inherit","uploaded_to":132,"date":"2015-10-21 14:35:37","modified":"2023-05-27 16:54:09","menu_order":0,"mime_type":"image\/jpeg","type":"image","subtype":"jpeg","icon":"https:\/\/www.netex.de\/wp-includes\/images\/media\/default.png","width":300,"height":180,"sizes":{"thumbnail":"https:\/\/www.netex.de\/wp-content\/uploads\/people-150x150.jpg","thumbnail-width":150,"thumbnail-height":150,"medium":"https:\/\/www.netex.de\/wp-content\/uploads\/people.jpg","medium-width":300,"medium-height":180,"medium_large":"https:\/\/www.netex.de\/wp-content\/uploads\/people.jpg","medium_large-width":300,"medium_large-height":180,"large":"https:\/\/www.netex.de\/wp-content\/uploads\/people-1024x614.jpg","large-width":1024,"large-height":614,"1536x1536":"https:\/\/www.netex.de\/wp-content\/uploads\/people.jpg","1536x1536-width":300,"1536x1536-height":180,"2048x2048":"https:\/\/www.netex.de\/wp-content\/uploads\/people.jpg","2048x2048-width":300,"2048x2048-height":180,"post-thumbnail":"https:\/\/www.netex.de\/wp-content\/uploads\/people-85x85.jpg","post-thumbnail-width":85,"post-thumbnail-height":85,"hero":"https:\/\/www.netex.de\/wp-content\/uploads\/people.jpg","hero-width":300,"hero-height":180,"background":"https:\/\/www.netex.de\/wp-content\/uploads\/people.jpg","background-width":300,"background-height":180,"milestone-home":"https:\/\/www.netex.de\/wp-content\/uploads\/people.jpg","milestone-home-width":300,"milestone-home-height":180,"milestone-company":"https:\/\/www.netex.de\/wp-content\/uploads\/people.jpg","milestone-company-width":300,"milestone-company-height":180,"news-company":"https:\/\/www.netex.de\/wp-content\/uploads\/people.jpg","news-company-width":300,"news-company-height":180,"inner":"https:\/\/www.netex.de\/wp-content\/uploads\/people.jpg","inner-width":300,"inner-height":180,"gallery":"https:\/\/www.netex.de\/wp-content\/uploads\/people.jpg","gallery-width":300,"gallery-height":180,"contact":"https:\/\/www.netex.de\/wp-content\/uploads\/people-95x95.jpg","contact-width":95,"contact-height":95}},"column_right":"<h2>HOTLINE DE COMENZI \u0218I INFORMA\u021aII<\/h2>\n<p>Dac\u0103 dori\u021bi ca \u00een anumite perioade s\u0103 pune\u021bi \u00een centrul aten\u021biei produsul dumneavoastr\u0103. prin m\u0103suri de publicitate sau dac\u0103 efortul pentru recep\u021bia comenzilor \u0219i furnizarea de informa\u021bii la telefon, prin e-mail sau prin fax v\u0103 dep\u0103\u0219e\u0219te, noi v\u0103 punem cu pl\u0103cere la dispozi\u021bie prest\u0103rile noastre de servicii. Noi prelu\u0103m comenzi, transmitem pl\u00e2ngerile conform sc\u0103rii de escaladare mai departe, inform\u0103m despre modific\u0103ri\/ nout\u0103\u021bi \u0219i multe altele. Fiabil \u0219i rapid. Noi prelu\u0103m pentru dvs. comenzile \u0219i le \u00eenregistr\u0103m imediat, chiar dac\u0103 \u00een acel moment colaboratorii dvs. sunt deja \u00een afara orelor de lucru. Printr-un concept IT, pe care l-am pus la punct \u00eempreun\u0103 cu dvs, comenzile pot fi prelucrate \u00een cel mai scurt timp \u00een casa dvs.<\/p>\n"},{"acf_fc_layout":"two_columns","column_left":{"ID":361,"id":361,"title":"inbound-telephone","filename":"inbound-telephone.png","filesize":510407,"url":"https:\/\/www.netex.de\/wp-content\/uploads\/inbound-telephone.png","link":"https:\/\/www.netex.de\/ro\/call-center\/inbound\/inbound-telephone\/","alt":"","author":"1","description":"","caption":"","name":"inbound-telephone","status":"inherit","uploaded_to":875,"date":"2015-10-21 14:35:32","modified":"2026-01-15 13:04:39","menu_order":0,"mime_type":"image\/png","type":"image","subtype":"png","icon":"https:\/\/www.netex.de\/wp-includes\/images\/media\/default.png","width":1920,"height":601,"sizes":{"thumbnail":"https:\/\/www.netex.de\/wp-content\/uploads\/inbound-telephone-150x150.png","thumbnail-width":150,"thumbnail-height":150,"medium":"https:\/\/www.netex.de\/wp-content\/uploads\/inbound-telephone-300x94.png","medium-width":300,"medium-height":94,"medium_large":"https:\/\/www.netex.de\/wp-content\/uploads\/inbound-telephone.png","medium_large-width":768,"medium_large-height":240,"large":"https:\/\/www.netex.de\/wp-content\/uploads\/inbound-telephone-1024x320.png","large-width":1024,"large-height":320,"1536x1536":"https:\/\/www.netex.de\/wp-content\/uploads\/inbound-telephone.png","1536x1536-width":1536,"1536x1536-height":481,"2048x2048":"https:\/\/www.netex.de\/wp-content\/uploads\/inbound-telephone.png","2048x2048-width":1920,"2048x2048-height":601,"post-thumbnail":"https:\/\/www.netex.de\/wp-content\/uploads\/inbound-telephone-85x85.png","post-thumbnail-width":85,"post-thumbnail-height":85,"hero":"https:\/\/www.netex.de\/wp-content\/uploads\/inbound-telephone-925x601.png","hero-width":925,"hero-height":601,"background":"https:\/\/www.netex.de\/wp-content\/uploads\/inbound-telephone-1920x535.png","background-width":1920,"background-height":535,"milestone-home":"https:\/\/www.netex.de\/wp-content\/uploads\/inbound-telephone-588x455.png","milestone-home-width":588,"milestone-home-height":455,"milestone-company":"https:\/\/www.netex.de\/wp-content\/uploads\/inbound-telephone-470x300.png","milestone-company-width":470,"milestone-company-height":300,"news-company":"https:\/\/www.netex.de\/wp-content\/uploads\/inbound-telephone-300x180.png","news-company-width":300,"news-company-height":180,"inner":"https:\/\/www.netex.de\/wp-content\/uploads\/inbound-telephone-300x255.png","inner-width":300,"inner-height":255,"gallery":"https:\/\/www.netex.de\/wp-content\/uploads\/inbound-telephone-320x230.png","gallery-width":320,"gallery-height":230,"contact":"https:\/\/www.netex.de\/wp-content\/uploads\/inbound-telephone-95x95.png","contact-width":95,"contact-height":95}},"column_right":"<h2>HOTLINE DE SUS\u0162INERE A PRODUSELOR DUMNEAVOASTR\u0102<\/h2>\n<p>Ave\u0163i hardware ori software ce trebuie prezentat? Dac\u0103 da, v\u0103 prezent\u0103m cu pl\u0103cere serviciile noastre de consultan\u0163\u0103. Noi vom informa clien\u0163ii dumneavostr\u0103 prin intermediul tuturor canalelor de comunicare pentru a v\u0103 ajuta s\u0103 v\u0103 concentra\u0163i asupra lucrurilor importante. Recomand\u0103rile excelente \u00een domeniul de Hard \u0219i Software Support \u0219i la First precum \u0219i la Second Level depun m\u0103rturie despre competen\u021ba noastr\u0103.<\/p>\n"},{"acf_fc_layout":"two_columns","column_left":{"ID":363,"id":363,"title":"job","filename":"job.jpg","filesize":246250,"url":"https:\/\/www.netex.de\/wp-content\/uploads\/job.jpg","link":"https:\/\/www.netex.de\/ro\/jobs\/job\/","alt":"","author":"1","description":"","caption":"","name":"job","status":"inherit","uploaded_to":4107,"date":"2015-10-21 14:35:34","modified":"2016-02-20 17:02:06","menu_order":0,"mime_type":"image\/jpeg","type":"image","subtype":"jpeg","icon":"https:\/\/www.netex.de\/wp-includes\/images\/media\/default.png","width":1920,"height":783,"sizes":{"thumbnail":"https:\/\/www.netex.de\/wp-content\/uploads\/job-150x150.jpg","thumbnail-width":150,"thumbnail-height":150,"medium":"https:\/\/www.netex.de\/wp-content\/uploads\/job-300x122.jpg","medium-width":300,"medium-height":122,"medium_large":"https:\/\/www.netex.de\/wp-content\/uploads\/job.jpg","medium_large-width":768,"medium_large-height":313,"large":"https:\/\/www.netex.de\/wp-content\/uploads\/job-1024x417.jpg","large-width":1024,"large-height":417,"1536x1536":"https:\/\/www.netex.de\/wp-content\/uploads\/job.jpg","1536x1536-width":1536,"1536x1536-height":626,"2048x2048":"https:\/\/www.netex.de\/wp-content\/uploads\/job.jpg","2048x2048-width":1920,"2048x2048-height":783,"post-thumbnail":"https:\/\/www.netex.de\/wp-content\/uploads\/job-85x85.jpg","post-thumbnail-width":85,"post-thumbnail-height":85,"hero":"https:\/\/www.netex.de\/wp-content\/uploads\/job-925x755.jpg","hero-width":925,"hero-height":755,"background":"https:\/\/www.netex.de\/wp-content\/uploads\/job-1920x535.jpg","background-width":1920,"background-height":535,"milestone-home":"https:\/\/www.netex.de\/wp-content\/uploads\/job-588x455.jpg","milestone-home-width":588,"milestone-home-height":455,"milestone-company":"https:\/\/www.netex.de\/wp-content\/uploads\/job-470x300.jpg","milestone-company-width":470,"milestone-company-height":300,"news-company":"https:\/\/www.netex.de\/wp-content\/uploads\/job-300x180.jpg","news-company-width":300,"news-company-height":180,"inner":"https:\/\/www.netex.de\/wp-content\/uploads\/job-300x255.jpg","inner-width":300,"inner-height":255,"gallery":"https:\/\/www.netex.de\/wp-content\/uploads\/job-320x230.jpg","gallery-width":320,"gallery-height":230,"contact":"https:\/\/www.netex.de\/wp-content\/uploads\/job-95x95.jpg","contact-width":95,"contact-height":95}},"column_right":"<h2>HOMEPAGE-SUPPORT<\/h2>\n<p>Daca clien\u021bii dumneavoastr\u0103\u00a0au nevoie de ajutor la navigarea pe paginile de internet, noi suntem gata s\u0103 v\u0103 ajut\u0103m. Prin intermediul de Online-Chat, func\u021bia de Call-Back sau o leg\u0103tur\u0103 direct\u0103 de IP noi oric\u00e2nd st\u0103m la dispozi\u021bia clien\u021bilor dvs \u00een numele dvs, pentru a-i ajuta.<\/p>\n"}]},"_links":{"self":[{"href":"https:\/\/www.netex.de\/ro\/wp-json\/wp\/v2\/pages\/995","targetHints":{"allow":["GET"]}}],"collection":[{"href":"https:\/\/www.netex.de\/ro\/wp-json\/wp\/v2\/pages"}],"about":[{"href":"https:\/\/www.netex.de\/ro\/wp-json\/wp\/v2\/types\/page"}],"author":[{"embeddable":true,"href":"https:\/\/www.netex.de\/ro\/wp-json\/wp\/v2\/users\/1"}],"replies":[{"embeddable":true,"href":"https:\/\/www.netex.de\/ro\/wp-json\/wp\/v2\/comments?post=995"}],"version-history":[{"count":10,"href":"https:\/\/www.netex.de\/ro\/wp-json\/wp\/v2\/pages\/995\/revisions"}],"predecessor-version":[{"id":7327,"href":"https:\/\/www.netex.de\/ro\/wp-json\/wp\/v2\/pages\/995\/revisions\/7327"}],"up":[{"embeddable":true,"href":"https:\/\/www.netex.de\/ro\/wp-json\/wp\/v2\/pages\/945"}],"wp:attachment":[{"href":"https:\/\/www.netex.de\/ro\/wp-json\/wp\/v2\/media?parent=995"}],"curies":[{"name":"wp","href":"https:\/\/api.w.org\/{rel}","templated":true}]}}