{"id":4778,"date":"2015-10-23T22:32:02","date_gmt":"2015-10-23T19:32:02","guid":{"rendered":"http:\/\/beta.netex.ro\/ro\/apply-now\/"},"modified":"2021-11-03T10:27:34","modified_gmt":"2021-11-03T08:27:34","slug":"apply-now","status":"publish","type":"page","link":"https:\/\/www.netex.de\/ro\/apply-now\/","title":{"rendered":"Aplic\u0103 acum"},"content":{"rendered":"<h2>Cerere de angajare<\/h2>\n<p>Te rug\u0103m s\u0103 completezi formularul de mai jos:<\/p>\n","protected":false},"excerpt":{"rendered":"<p>Cerere de angajare Te rug\u0103m s\u0103 completezi formularul de mai jos:<\/p>\n","protected":false},"author":1,"featured_media":0,"parent":0,"menu_order":200,"comment_status":"closed","ping_status":"closed","template":"","meta":{"_acf_changed":false,"inline_featured_image":false,"footnotes":""},"class_list":["post-4778","page","type-page","status-publish","hentry"],"acf":[],"ACF":{"background":{"ID":351,"id":351,"title":"apply-job","filename":"apply-job.jpg","filesize":144807,"url":"https:\/\/www.netex.de\/wp-content\/uploads\/apply-job.jpg","link":"https:\/\/www.netex.de\/ro\/apply-job\/","alt":"","author":"1","description":"","caption":"","name":"apply-job","status":"inherit","uploaded_to":0,"date":"2015-10-21 14:35:24","modified":"2015-10-21 14:35:24","menu_order":0,"mime_type":"image\/jpeg","type":"image","subtype":"jpeg","icon":"https:\/\/www.netex.de\/wp-includes\/images\/media\/default.png","width":1920,"height":536,"sizes":{"thumbnail":"https:\/\/www.netex.de\/wp-content\/uploads\/apply-job-150x150.jpg","thumbnail-width":150,"thumbnail-height":150,"medium":"https:\/\/www.netex.de\/wp-content\/uploads\/apply-job-300x84.jpg","medium-width":300,"medium-height":84,"medium_large":"https:\/\/www.netex.de\/wp-content\/uploads\/apply-job.jpg","medium_large-width":768,"medium_large-height":214,"large":"https:\/\/www.netex.de\/wp-content\/uploads\/apply-job-1024x285.jpg","large-width":1024,"large-height":285,"1536x1536":"https:\/\/www.netex.de\/wp-content\/uploads\/apply-job.jpg","1536x1536-width":1536,"1536x1536-height":429,"2048x2048":"https:\/\/www.netex.de\/wp-content\/uploads\/apply-job.jpg","2048x2048-width":1920,"2048x2048-height":536,"post-thumbnail":"https:\/\/www.netex.de\/wp-content\/uploads\/apply-job-85x85.jpg","post-thumbnail-width":85,"post-thumbnail-height":85,"hero":"https:\/\/www.netex.de\/wp-content\/uploads\/apply-job-925x536.jpg","hero-width":925,"hero-height":536,"background":"https:\/\/www.netex.de\/wp-content\/uploads\/apply-job-1920x535.jpg","background-width":1920,"background-height":535,"milestone-home":"https:\/\/www.netex.de\/wp-content\/uploads\/apply-job-588x455.jpg","milestone-home-width":588,"milestone-home-height":455,"milestone-company":"https:\/\/www.netex.de\/wp-content\/uploads\/apply-job-470x300.jpg","milestone-company-width":470,"milestone-company-height":300,"news-company":"https:\/\/www.netex.de\/wp-content\/uploads\/apply-job-300x180.jpg","news-company-width":300,"news-company-height":180,"inner":"https:\/\/www.netex.de\/wp-content\/uploads\/apply-job-300x255.jpg","inner-width":300,"inner-height":255,"gallery":"https:\/\/www.netex.de\/wp-content\/uploads\/apply-job-320x230.jpg","gallery-width":320,"gallery-height":230,"contact":"https:\/\/www.netex.de\/wp-content\/uploads\/apply-job-95x95.jpg","contact-width":95,"contact-height":95}},"content":false,"job_selection":"V\u0103 rug\u0103m s\u0103 selecta\u021bi postul pentru care dori\u021bi s\u0103 aplica\u021bi","first_name":"Nume","last_name":"Prenume","photo":"Fotografie","photo_caption":"Fi\u0219ierul nu poate fi mai mare de 2MB","cv":"\u00cencarc\u0103 CV","cv_caption":"Fi\u0219ierul poate fi PDF, DOC sau DOCX","email":"Adresa de email","phone":"Num\u0103r de telefon","date_of_birth":"V\u00e2rst\u0103","languages":"Limbi","skills":"Aptitudini","skills_languages_title":"Limbi","skills_languages_caption":"Alege limba","skills_level_caption":"Alege nivelul","skills_level_title":"Nivel","skills_language":[{"name":"Bosniac\u0103"},{"name":"Bulgar\u0103"},{"name":"Ceh\u0103"},{"name":"Croat\u0103"},{"name":"Danez\u0103"},{"name":"Englez\u0103"},{"name":"Eston\u0103"},{"name":"Finlandez\u0103"},{"name":"Francez\u0103"},{"name":"German\u0103"},{"name":"Greac\u0103"},{"name":"Italian\u0103"},{"name":"Japonez\u0103"},{"name":"Leton\u0103"},{"name":"Lituanian\u0103"},{"name":"Macedonian\u0103"},{"name":"Norvegian\u0103"},{"name":"Olandez\u0103"},{"name":"Portughez\u0103"},{"name":"Rom\u00e2n\u0103"},{"name":"Rus\u0103"},{"name":"Sarb\u0103"},{"name":"Slovac\u0103"},{"name":"Sloven\u0103"},{"name":"Spaniol\u0103"},{"name":"Suedez\u0103"},{"name":"Turc\u0103"},{"name":"Ucrainean\u0103"},{"name":"Ungure\u0219te"},{"name":"altele"}],"skills_level":[{"name":"Incep\u0103tor"},{"name":"Intermediar"},{"name":"Avansat"}],"computer_skills":"Competen\u021be de calculator","microsoft_office_skills":"Competen\u021be \u00een Microsoft Office","education":"Educa\u021bie","education_school_name":"Numele institu\u021biei de inv\u0103\u021b\u0103m\u00e2nt absolvite","education_graduation_year":"Anul absolvirii","experience":"Experien\u021b\u0103 \u00een domeniu","experience_similar":"Experien\u021ba in domeniu","experience_similar_detail":"Experien\u021b\u0103 profesional\u0103","experience_similar_detail_caption":"Unde?","button":"Trimitere","disclaimer":"SC Netex Consulting SRL este inregistrat\u0103 in registrul na\u021bional de operatori de date cu caracter personal av\u00e2nd numarul de inregistrare 29610.","confirmation":"<p>Mesajul a fost trimis!<\/p>\n","job_selection_title":"Alegerea postului","contact_information":"Informa\u021bii de contact","file_caption":"Alege fi\u0219ierul","data_privacy_statement":"V\u0103 rug\u0103m s\u0103 accepta\u021bi <a href=\"\/recruitment-data-privacy-statement\" target=\"_blank\">Declara\u021bia de confiden\u021bialitate privind datele de recrutare<\/a>.","mandatory_note":"C\u00e2mpurile marcate cu * sunt obligatorii"},"_links":{"self":[{"href":"https:\/\/www.netex.de\/ro\/wp-json\/wp\/v2\/pages\/4778","targetHints":{"allow":["GET"]}}],"collection":[{"href":"https:\/\/www.netex.de\/ro\/wp-json\/wp\/v2\/pages"}],"about":[{"href":"https:\/\/www.netex.de\/ro\/wp-json\/wp\/v2\/types\/page"}],"author":[{"embeddable":true,"href":"https:\/\/www.netex.de\/ro\/wp-json\/wp\/v2\/users\/1"}],"replies":[{"embeddable":true,"href":"https:\/\/www.netex.de\/ro\/wp-json\/wp\/v2\/comments?post=4778"}],"version-history":[{"count":15,"href":"https:\/\/www.netex.de\/ro\/wp-json\/wp\/v2\/pages\/4778\/revisions"}],"predecessor-version":[{"id":24418,"href":"https:\/\/www.netex.de\/ro\/wp-json\/wp\/v2\/pages\/4778\/revisions\/24418"}],"wp:attachment":[{"href":"https:\/\/www.netex.de\/ro\/wp-json\/wp\/v2\/media?parent=4778"}],"curies":[{"name":"wp","href":"https:\/\/api.w.org\/{rel}","templated":true}]}}