{"id":2670,"date":"2015-10-23T21:54:16","date_gmt":"2015-10-23T18:54:16","guid":{"rendered":"http:\/\/beta.netex.ro\/ro\/404-page-not-found\/"},"modified":"2016-03-28T19:38:27","modified_gmt":"2016-03-28T16:38:27","slug":"404-page-not-found","status":"publish","type":"page","link":"https:\/\/www.netex.de\/ro\/404-page-not-found\/","title":{"rendered":"Pagina nu a fost gasit\u0103"},"content":{"rendered":"","protected":false},"excerpt":{"rendered":"","protected":false},"author":1,"featured_media":0,"parent":0,"menu_order":211,"comment_status":"closed","ping_status":"closed","template":"page-404-page-not-found.php","meta":{"_acf_changed":false,"inline_featured_image":false,"footnotes":""},"class_list":["post-2670","page","type-page","status-publish","hentry"],"acf":[],"ACF":{"background":{"ID":350,"id":350,"title":"404-background","filename":"404-background.jpg","filesize":64191,"url":"https:\/\/www.netex.de\/wp-content\/uploads\/404-background.jpg","link":"https:\/\/www.netex.de\/ro\/404-background\/","alt":"","author":"1","description":"","caption":"","name":"404-background","status":"inherit","uploaded_to":0,"date":"2015-10-21 14:35:23","modified":"2015-10-21 14:35:23","menu_order":0,"mime_type":"image\/jpeg","type":"image","subtype":"jpeg","icon":"https:\/\/www.netex.de\/wp-includes\/images\/media\/default.png","width":1920,"height":500,"sizes":{"thumbnail":"https:\/\/www.netex.de\/wp-content\/uploads\/404-background-150x150.jpg","thumbnail-width":150,"thumbnail-height":150,"medium":"https:\/\/www.netex.de\/wp-content\/uploads\/404-background-300x78.jpg","medium-width":300,"medium-height":78,"medium_large":"https:\/\/www.netex.de\/wp-content\/uploads\/404-background.jpg","medium_large-width":768,"medium_large-height":200,"large":"https:\/\/www.netex.de\/wp-content\/uploads\/404-background-1024x266.jpg","large-width":1024,"large-height":266,"1536x1536":"https:\/\/www.netex.de\/wp-content\/uploads\/404-background.jpg","1536x1536-width":1536,"1536x1536-height":400,"2048x2048":"https:\/\/www.netex.de\/wp-content\/uploads\/404-background.jpg","2048x2048-width":1920,"2048x2048-height":500,"post-thumbnail":"https:\/\/www.netex.de\/wp-content\/uploads\/404-background-85x85.jpg","post-thumbnail-width":85,"post-thumbnail-height":85,"hero":"https:\/\/www.netex.de\/wp-content\/uploads\/404-background-925x500.jpg","hero-width":925,"hero-height":500,"background":"https:\/\/www.netex.de\/wp-content\/uploads\/404-background.jpg","background-width":1920,"background-height":500,"milestone-home":"https:\/\/www.netex.de\/wp-content\/uploads\/404-background-588x455.jpg","milestone-home-width":588,"milestone-home-height":455,"milestone-company":"https:\/\/www.netex.de\/wp-content\/uploads\/404-background-470x300.jpg","milestone-company-width":470,"milestone-company-height":300,"news-company":"https:\/\/www.netex.de\/wp-content\/uploads\/404-background-300x180.jpg","news-company-width":300,"news-company-height":180,"inner":"https:\/\/www.netex.de\/wp-content\/uploads\/404-background-300x255.jpg","inner-width":300,"inner-height":255,"gallery":"https:\/\/www.netex.de\/wp-content\/uploads\/404-background-320x230.jpg","gallery-width":320,"gallery-height":230,"contact":"https:\/\/www.netex.de\/wp-content\/uploads\/404-background-95x95.jpg","contact-width":95,"contact-height":95}},"content":[{"acf_fc_layout":"one_column","column":"<h1 class=\"page__title heading -color-white -size-big\">Pagina nu a fost gasit\u0103<\/h1>\n<p>Din p\u0103cate, con\u021binutul pe care \u00eel c\u0103uta\u021bi nu a fost g\u0103sit. S-a identificat o eroare de scriere in pagin\u0103 sau a\u021bi accesat un link c\u0103tre o pagin\u0103 inexistent\u0103.<\/p>\n"}]},"_links":{"self":[{"href":"https:\/\/www.netex.de\/ro\/wp-json\/wp\/v2\/pages\/2670","targetHints":{"allow":["GET"]}}],"collection":[{"href":"https:\/\/www.netex.de\/ro\/wp-json\/wp\/v2\/pages"}],"about":[{"href":"https:\/\/www.netex.de\/ro\/wp-json\/wp\/v2\/types\/page"}],"author":[{"embeddable":true,"href":"https:\/\/www.netex.de\/ro\/wp-json\/wp\/v2\/users\/1"}],"replies":[{"embeddable":true,"href":"https:\/\/www.netex.de\/ro\/wp-json\/wp\/v2\/comments?post=2670"}],"version-history":[{"count":8,"href":"https:\/\/www.netex.de\/ro\/wp-json\/wp\/v2\/pages\/2670\/revisions"}],"predecessor-version":[{"id":7295,"href":"https:\/\/www.netex.de\/ro\/wp-json\/wp\/v2\/pages\/2670\/revisions\/7295"}],"wp:attachment":[{"href":"https:\/\/www.netex.de\/ro\/wp-json\/wp\/v2\/media?parent=2670"}],"curies":[{"name":"wp","href":"https:\/\/api.w.org\/{rel}","templated":true}]}}