{"id":24460,"date":"2021-11-05T09:09:51","date_gmt":"2021-11-05T07:09:51","guid":{"rendered":"https:\/\/www.netex.ro\/privacy-policy\/"},"modified":"2021-11-08T15:32:41","modified_gmt":"2021-11-08T13:32:41","slug":"privacy-policy","status":"publish","type":"page","link":"https:\/\/www.netex.de\/ro\/privacy-policy\/","title":{"rendered":"Politica de confiden\u021bialitate"},"content":{"rendered":"","protected":false},"excerpt":{"rendered":"","protected":false},"author":3,"featured_media":0,"parent":0,"menu_order":21,"comment_status":"closed","ping_status":"closed","template":"","meta":{"_acf_changed":false,"inline_featured_image":false,"footnotes":""},"class_list":["post-24460","page","type-page","status-publish","hentry"],"acf":[],"ACF":{"background":false,"content":[{"acf_fc_layout":"one_column","column":"<h2>Cine suntem<\/h2>\n<p>Adresa site-ului nostru web este: <a href=\"https:\/\/netex.ro\/\">netex.ro<\/a> <br \/>\nNe pas\u0103 de intimitatea ta \u0219i credem \u00een transparen\u021b\u0103. De aceea, ne angaj\u0103m s\u0103 fim sinceri cu privire la practicile noastre de confiden\u021bialitate. Colect\u0103m doar datele cu caracter personal necesare furniz\u0103rii serviciilor \u0219i le gestion\u0103m cu aten\u021bie \u0219i \u00een mod ra\u021bional.<br \/>\nDac\u0103 ave\u021bi \u00eentreb\u0103ri, comentarii sau nel\u0103muriri cu privire la orice aspect al Politicii noastre de confiden\u021bialitate, v\u0103 rug\u0103m s\u0103 ne contacta\u021bi la adresa de email: <a href=\"mailto:office@netex.ro\">office@netex.ro<\/a>.<\/p>\n<h2>Ce date cu caracter personal colect\u0103m \u0219i de ce<\/h2>\n<p>Formular de contact, Formular de cerere ofert\u0103 \u0219i Buletin Informativ (Newsletter)<\/p>\n<p>C\u00e2nd accesa\u021bi \u0219i naviga\u021bi site-ul web (inclusiv c\u00e2nd ne transmite\u021bi informa\u021bii personale prin intermediul c\u00e2mpurilor de introducere a datelor de pe site-ul web), vom colecta de la dumneavoastr\u0103 urmatoarele:<\/p>\n<p>Date Analitice<\/p>\n<p>Informa\u021bii de contact \u2013 primim \u0219i stoc\u0103m orice informa\u021bie introdus\u0103 pe site-ul nostru web. Site-ul nostru web utilizeaz\u0103 formulare pentru a v\u0103 colecta datele  cu caracter personal, inclusiv numele, adresa de e-mail, adresa, num\u0103rul de telefon, numele companiei, num\u0103rul de angaja\u021bi, codul po\u0219tal, \u021bara, interesele, adresa URL a site-ului dumneavoastr\u0103 web, pentru a putea cere informa\u021bii, a ob\u021bine asisten\u021ba \u0219i pentru a utiliza serviciile noastre.<\/p>\n<p>\nInstrumentele de analiz\u0103 ale site-ului web \u2013 Utiliz\u0103m servicii de analiz\u0103 de la ter\u021bi pentru a colecta informa\u021bii despre utilizarea acestui site, cum ar fi num\u0103rul de vizite, pagini vizitate, popularitatea unor anumite con\u021binuturi. Instrumentele de analiz\u0103 utilizeaz\u0103 tehnologii de urm\u0103rire (cum ar fi cookie-urile) pentru a v\u0103 recunoa\u0219te dispozitivul \u0219i pentru a compila informa\u021bii despre dumneavoastr\u0103. Ele colecteaz\u0103 informa\u021bii precum ce pagini vizita\u021bi \u0219i c\u00e2t timp petrece\u021bi pe aceste pagini, adresa IP atribuit\u0103, ce sistem de operare \u0219i browser web folosi\u021bi \u0219i ce site web a\u021bi vizitat \u00eenainte de a vizita site-ul nostru web.\n<\/p>\n<h2>Cu cine \u00eemparta\u0219im datele dumneavoastra cu caracter personal<\/h2>\n<p>\nVom transmite datele dumneavoastr\u0103 cu caracter personal, acolo unde este strict necesar \u0219i \u00een func\u021bie de necesitate, companiilor care ne furnizeaz\u0103 produse \u0219i servicii (\u00eemputernicite), cum ar fi agen\u021biile media, agen\u021bi de infrastructur\u0103 (p\u0103r\u021bi care gestioneaz\u0103 buletinele informative), furnizori \u0219i suport al sistemelor de tehnologie a informa\u021biei, inclusiv arhivarea e-mailurilor, furnizori de telecomunica\u021bii, servicii de back-up \u0219i recuperare \u00een cazuri de dezastre, servicii de securitate cibernetic\u0103, companii implicate \u00een gestionarea site-ului nostru web, alte par\u021bi cum ar fi autorit\u0103\u021bi \u0219i institu\u021bii publice, contabili, auditori, avoca\u021bi \u0219i al\u021bi consultan\u021bi externi, a c\u0103ror activitate implic\u0103 necesitatea cunoa\u0219terii acestor informa\u021bii sau unde legea ne oblig\u0103 s\u0103 facem aceast\u0103 dezv\u0103luire. Daca suntem obliga\u021bi prin lege s\u0103 dezv\u0103luim un anumit tip de informa\u021bii, \u00een cazul unor solicit\u0103ri legale din partea oficialilor guvernamentali, sau \u00een cazul \u00een care suntem obliga\u021bi s\u0103 respect\u0103m cerin\u021bele de securitate national\u0103 sau cerin\u021bele venite de la agen\u021biile de  ordine public\u0103 sau de a preveni activatea ilegal\u0103. Unii dintre ace\u0219ti destinatari ( inclusiv afilia\u021bii no\u0219trii) pot folosi datele dumneavoastra cu caracter personal \u00een \u021b\u0103ri care nu fac parte din Spatiul Economic European.\n<\/p>\n<h2>Ce drepturi ave\u021bi asupra datelor dumneavoastr\u0103 cu caracter personal<\/h2>\n<p>S\u0103 confirma\u021bi dac\u0103 datele dumneavoastr\u0103 cu caracter personal sunt prelucrate sau nu.<br \/>\nV\u0103 oferim mai multe detalii despre cum proces\u0103m datele dumneavoastr\u0103 cu caracter personal.<br \/>\nV\u0103 oferim o copie a oric\u0103ror date pe care le de\u021binem despre dumneavoastr\u0103.<br \/>\nV\u0103 pute\u021bi retrage consim\u021b\u0103m\u00e2ntul pentru utilizarea datelor dumneavoastr\u0103 cu caracter personal, unde ne bazam pe consim\u021b\u0103m\u0103nt ca baz\u0103 legal\u0103 pentru a justifica folosirea datelor dumneavoastr\u0103 cu caracter personal. <\/p>\n<p>Lu\u0103m \u00een considerare orice obiec\u021bie valid\u0103 referitoare la procesarea datelor dumneavoastr\u0103 cu caracter personal (inclusiv dreptul de a v\u0103 opune proces\u0103rii pe motive bazate pe situa\u021bia dumneavoastr\u0103 speciala, unde noi ne baz\u0103m pe interesele noastre legitime ca baz\u0103 legala pentru procesare).<\/p>\n<p>S\u0103 solicita\u021bi actualizarea datelor dumneavoastr\u0103 cu caracter personal pe care noi le de\u021binem.<\/p>\n<h2>Informa\u021bii de contact<\/h2>\n<p>Viitoare \u00eentreb\u0103ri sau contacte pot fi ob\u021binute contact\u00e2ndu-ne la adresa: <a href=\"mailto:office@netex.ro\">office@netex.ro<\/a>.<\/p>\n"}]},"_links":{"self":[{"href":"https:\/\/www.netex.de\/ro\/wp-json\/wp\/v2\/pages\/24460","targetHints":{"allow":["GET"]}}],"collection":[{"href":"https:\/\/www.netex.de\/ro\/wp-json\/wp\/v2\/pages"}],"about":[{"href":"https:\/\/www.netex.de\/ro\/wp-json\/wp\/v2\/types\/page"}],"author":[{"embeddable":true,"href":"https:\/\/www.netex.de\/ro\/wp-json\/wp\/v2\/users\/3"}],"replies":[{"embeddable":true,"href":"https:\/\/www.netex.de\/ro\/wp-json\/wp\/v2\/comments?post=24460"}],"version-history":[{"count":3,"href":"https:\/\/www.netex.de\/ro\/wp-json\/wp\/v2\/pages\/24460\/revisions"}],"predecessor-version":[{"id":25501,"href":"https:\/\/www.netex.de\/ro\/wp-json\/wp\/v2\/pages\/24460\/revisions\/25501"}],"wp:attachment":[{"href":"https:\/\/www.netex.de\/ro\/wp-json\/wp\/v2\/media?parent=24460"}],"curies":[{"name":"wp","href":"https:\/\/api.w.org\/{rel}","templated":true}]}}