{"id":201,"date":"2015-10-01T19:14:50","date_gmt":"2015-10-01T16:14:50","guid":{"rendered":"http:\/\/netex.wp\/home\/?lang=ro"},"modified":"2026-03-03T11:05:22","modified_gmt":"2026-03-03T09:05:22","slug":"home","status":"publish","type":"page","link":"https:\/\/www.netex.de\/ro\/","title":{"rendered":"Home"},"content":{"rendered":"","protected":false},"excerpt":{"rendered":"","protected":false},"author":1,"featured_media":0,"parent":0,"menu_order":41,"comment_status":"closed","ping_status":"closed","template":"","meta":{"_acf_changed":false,"inline_featured_image":false,"footnotes":""},"class_list":["post-201","page","type-page","status-publish","hentry"],"acf":[],"ACF":{"hero":[{"title":"Al\u0103tur\u0103-te","subtitle":"echipei noastre","image":{"ID":357,"id":357,"title":"People","filename":"hero-people.png","filesize":825496,"url":"https:\/\/www.netex.de\/wp-content\/uploads\/hero-people.png","link":"https:\/\/www.netex.de\/ro\/home\/hero-people\/","alt":"","author":"1","description":"","caption":"","name":"hero-people","status":"inherit","uploaded_to":60,"date":"2015-10-21 14:35:27","modified":"2026-01-16 13:37:00","menu_order":0,"mime_type":"image\/png","type":"image","subtype":"png","icon":"https:\/\/www.netex.de\/wp-includes\/images\/media\/default.png","width":925,"height":756,"sizes":{"thumbnail":"https:\/\/www.netex.de\/wp-content\/uploads\/hero-people-150x150.png","thumbnail-width":150,"thumbnail-height":150,"medium":"https:\/\/www.netex.de\/wp-content\/uploads\/hero-people-300x245.png","medium-width":300,"medium-height":245,"medium_large":"https:\/\/www.netex.de\/wp-content\/uploads\/hero-people.png","medium_large-width":768,"medium_large-height":628,"large":"https:\/\/www.netex.de\/wp-content\/uploads\/hero-people-1024x836.png","large-width":1024,"large-height":836,"1536x1536":"https:\/\/www.netex.de\/wp-content\/uploads\/hero-people.png","1536x1536-width":925,"1536x1536-height":756,"2048x2048":"https:\/\/www.netex.de\/wp-content\/uploads\/hero-people.png","2048x2048-width":925,"2048x2048-height":756,"post-thumbnail":"https:\/\/www.netex.de\/wp-content\/uploads\/hero-people-85x85.png","post-thumbnail-width":85,"post-thumbnail-height":85,"hero":"https:\/\/www.netex.de\/wp-content\/uploads\/hero-people-925x755.png","hero-width":925,"hero-height":755,"background":"https:\/\/www.netex.de\/wp-content\/uploads\/hero-people-925x535.png","background-width":925,"background-height":535,"milestone-home":"https:\/\/www.netex.de\/wp-content\/uploads\/hero-people-588x455.png","milestone-home-width":588,"milestone-home-height":455,"milestone-company":"https:\/\/www.netex.de\/wp-content\/uploads\/hero-people-470x300.png","milestone-company-width":470,"milestone-company-height":300,"news-company":"https:\/\/www.netex.de\/wp-content\/uploads\/hero-people-300x180.png","news-company-width":300,"news-company-height":180,"inner":"https:\/\/www.netex.de\/wp-content\/uploads\/hero-people-300x255.png","inner-width":300,"inner-height":255,"gallery":"https:\/\/www.netex.de\/wp-content\/uploads\/hero-people-320x230.png","gallery-width":320,"gallery-height":230,"contact":"https:\/\/www.netex.de\/wp-content\/uploads\/hero-people-95x95.png","contact-width":95,"contact-height":95}},"button":[{"title":"Aplic\u0103","link":"https:\/\/www.netex.de\/ro\/jobs\/"}]}],"services":[{"icon":{"ID":290,"id":290,"title":"Jobs","filename":"jobs.svg","filesize":1000,"url":"https:\/\/www.netex.de\/wp-content\/uploads\/jobs.svg","link":"https:\/\/www.netex.de\/ro\/home\/jobs-2\/","alt":"","author":"1","description":"","caption":"","name":"jobs-2","status":"inherit","uploaded_to":60,"date":"2015-10-19 19:13:16","modified":"2015-10-19 19:13:20","menu_order":0,"mime_type":"image\/svg+xml","type":"image","subtype":"svg+xml","icon":"https:\/\/www.netex.de\/wp-includes\/images\/media\/default.png","width":1,"height":1,"sizes":{"thumbnail":"https:\/\/www.netex.de\/wp-content\/uploads\/jobs.svg","thumbnail-width":1,"thumbnail-height":1,"medium":"https:\/\/www.netex.de\/wp-content\/uploads\/jobs.svg","medium-width":1,"medium-height":1,"medium_large":"https:\/\/www.netex.de\/wp-content\/uploads\/jobs.svg","medium_large-width":1,"medium_large-height":1,"large":"https:\/\/www.netex.de\/wp-content\/uploads\/jobs.svg","large-width":1,"large-height":1,"1536x1536":"https:\/\/www.netex.de\/wp-content\/uploads\/jobs.svg","1536x1536-width":1,"1536x1536-height":1,"2048x2048":"https:\/\/www.netex.de\/wp-content\/uploads\/jobs.svg","2048x2048-width":1,"2048x2048-height":1,"post-thumbnail":"https:\/\/www.netex.de\/wp-content\/uploads\/jobs.svg","post-thumbnail-width":1,"post-thumbnail-height":1,"hero":"https:\/\/www.netex.de\/wp-content\/uploads\/jobs.svg","hero-width":1,"hero-height":1,"background":"https:\/\/www.netex.de\/wp-content\/uploads\/jobs.svg","background-width":1,"background-height":1,"milestone-home":"https:\/\/www.netex.de\/wp-content\/uploads\/jobs.svg","milestone-home-width":1,"milestone-home-height":1,"milestone-company":"https:\/\/www.netex.de\/wp-content\/uploads\/jobs.svg","milestone-company-width":1,"milestone-company-height":1,"news-company":"https:\/\/www.netex.de\/wp-content\/uploads\/jobs.svg","news-company-width":1,"news-company-height":1,"inner":"https:\/\/www.netex.de\/wp-content\/uploads\/jobs.svg","inner-width":1,"inner-height":1,"gallery":"https:\/\/www.netex.de\/wp-content\/uploads\/jobs.svg","gallery-width":1,"gallery-height":1,"contact":"https:\/\/www.netex.de\/wp-content\/uploads\/jobs.svg","contact-width":1,"contact-height":1}},"title":"Locuri de munc\u0103 disponibile","content":"Cau\u021bi un job stabil \u00eentr-o companie interna\u021bional\u0103?<br \/>\r\n<br \/>\r\n\u2022 Reprezentan\u021bi Customer Care<br \/>\r\n\u2022 Speciali\u0219ti \u00een comunicare<br \/>\r\n\u2022 Agen\u021bi suport tehnic<br \/>\r\n\u2022 Ingineri de sistem<br \/>\r\n\u2022 Roluri \u00een opera\u021biuni & back-office<br \/>\r\nOnboarding structurat \u0219i oportunit\u0103\u021bi reale de cre\u0219tere.","button":[{"title":"Aplic\u0103","link":"https:\/\/www.netex.de\/ro\/jobs\/","primary":true}]},{"icon":{"ID":291,"id":291,"title":"Call Center","filename":"call-center.svg","filesize":1385,"url":"https:\/\/www.netex.de\/wp-content\/uploads\/call-center.svg","link":"https:\/\/www.netex.de\/ro\/home\/call-center-2\/","alt":"","author":"1","description":"","caption":"","name":"call-center-2","status":"inherit","uploaded_to":60,"date":"2015-10-19 19:13:32","modified":"2015-10-19 19:13:37","menu_order":0,"mime_type":"image\/svg+xml","type":"image","subtype":"svg+xml","icon":"https:\/\/www.netex.de\/wp-includes\/images\/media\/default.png","width":1,"height":1,"sizes":{"thumbnail":"https:\/\/www.netex.de\/wp-content\/uploads\/call-center.svg","thumbnail-width":1,"thumbnail-height":1,"medium":"https:\/\/www.netex.de\/wp-content\/uploads\/call-center.svg","medium-width":1,"medium-height":1,"medium_large":"https:\/\/www.netex.de\/wp-content\/uploads\/call-center.svg","medium_large-width":1,"medium_large-height":1,"large":"https:\/\/www.netex.de\/wp-content\/uploads\/call-center.svg","large-width":1,"large-height":1,"1536x1536":"https:\/\/www.netex.de\/wp-content\/uploads\/call-center.svg","1536x1536-width":1,"1536x1536-height":1,"2048x2048":"https:\/\/www.netex.de\/wp-content\/uploads\/call-center.svg","2048x2048-width":1,"2048x2048-height":1,"post-thumbnail":"https:\/\/www.netex.de\/wp-content\/uploads\/call-center.svg","post-thumbnail-width":1,"post-thumbnail-height":1,"hero":"https:\/\/www.netex.de\/wp-content\/uploads\/call-center.svg","hero-width":1,"hero-height":1,"background":"https:\/\/www.netex.de\/wp-content\/uploads\/call-center.svg","background-width":1,"background-height":1,"milestone-home":"https:\/\/www.netex.de\/wp-content\/uploads\/call-center.svg","milestone-home-width":1,"milestone-home-height":1,"milestone-company":"https:\/\/www.netex.de\/wp-content\/uploads\/call-center.svg","milestone-company-width":1,"milestone-company-height":1,"news-company":"https:\/\/www.netex.de\/wp-content\/uploads\/call-center.svg","news-company-width":1,"news-company-height":1,"inner":"https:\/\/www.netex.de\/wp-content\/uploads\/call-center.svg","inner-width":1,"inner-height":1,"gallery":"https:\/\/www.netex.de\/wp-content\/uploads\/call-center.svg","gallery-width":1,"gallery-height":1,"contact":"https:\/\/www.netex.de\/wp-content\/uploads\/call-center.svg","contact-width":1,"contact-height":1}},"title":"Servicii Customer Care asistate de AI \u00een Germania \u0219i Europa","content":"Customer Care multilingv pentru Germania \u0219i Europa.<br \/>\r\n<br \/>\r\n\u2022 Expertiz\u0103 uman\u0103<br \/>\r\n\u2022 Automatizare AI<br \/>\r\n\u2022 Optimizare procese<br \/>\r\n\u2022 Management al performan\u021bei<br \/>\r\nCertificare ISO 9001:2015 (T\u00dcV Germania).","button":[{"title":"Vezi serviciile","link":"https:\/\/www.netex.de\/ro\/call-center\/","primary":false}]},{"icon":{"ID":293,"id":293,"title":"Support","filename":"support.svg","filesize":1317,"url":"https:\/\/www.netex.de\/wp-content\/uploads\/support.svg","link":"https:\/\/www.netex.de\/ro\/home\/support\/","alt":"","author":"1","description":"","caption":"","name":"support","status":"inherit","uploaded_to":60,"date":"2015-10-19 19:15:04","modified":"2015-10-19 19:15:08","menu_order":0,"mime_type":"image\/svg+xml","type":"image","subtype":"svg+xml","icon":"https:\/\/www.netex.de\/wp-includes\/images\/media\/default.png","width":1,"height":1,"sizes":{"thumbnail":"https:\/\/www.netex.de\/wp-content\/uploads\/support.svg","thumbnail-width":1,"thumbnail-height":1,"medium":"https:\/\/www.netex.de\/wp-content\/uploads\/support.svg","medium-width":1,"medium-height":1,"medium_large":"https:\/\/www.netex.de\/wp-content\/uploads\/support.svg","medium_large-width":1,"medium_large-height":1,"large":"https:\/\/www.netex.de\/wp-content\/uploads\/support.svg","large-width":1,"large-height":1,"1536x1536":"https:\/\/www.netex.de\/wp-content\/uploads\/support.svg","1536x1536-width":1,"1536x1536-height":1,"2048x2048":"https:\/\/www.netex.de\/wp-content\/uploads\/support.svg","2048x2048-width":1,"2048x2048-height":1,"post-thumbnail":"https:\/\/www.netex.de\/wp-content\/uploads\/support.svg","post-thumbnail-width":1,"post-thumbnail-height":1,"hero":"https:\/\/www.netex.de\/wp-content\/uploads\/support.svg","hero-width":1,"hero-height":1,"background":"https:\/\/www.netex.de\/wp-content\/uploads\/support.svg","background-width":1,"background-height":1,"milestone-home":"https:\/\/www.netex.de\/wp-content\/uploads\/support.svg","milestone-home-width":1,"milestone-home-height":1,"milestone-company":"https:\/\/www.netex.de\/wp-content\/uploads\/support.svg","milestone-company-width":1,"milestone-company-height":1,"news-company":"https:\/\/www.netex.de\/wp-content\/uploads\/support.svg","news-company-width":1,"news-company-height":1,"inner":"https:\/\/www.netex.de\/wp-content\/uploads\/support.svg","inner-width":1,"inner-height":1,"gallery":"https:\/\/www.netex.de\/wp-content\/uploads\/support.svg","gallery-width":1,"gallery-height":1,"contact":"https:\/\/www.netex.de\/wp-content\/uploads\/support.svg","contact-width":1,"contact-height":1}},"title":"Servicii Profesionale de Suport Tehnic \u0219i Customer Support","content":"Suport structurat, asistat de AI, adaptat nevoilor companiei tale.<br \/>\r\n<br \/>\r\nOferim:<br \/>\r\n\u2022 Gestionarea ticketelor asistat\u0103 de AI<br \/>\r\n\u2022 Suport clien\u021bi multicanal<br \/>\r\n\u2022 Rezolvarea incidentelor tehnice<br \/>\r\n\u2022 Monitorizare procese \u0219i asigurarea calit\u0103\u021bii<br \/>\r\n","button":[{"title":"Contacteaz\u0103-ne","link":"https:\/\/www.netex.de\/ro\/contact\/","primary":false}]}],"quote":[{"content":"<img src=\"\/wp-content\/uploads\/europe_proto3.png\" class=\"eu-map\" \/><br \/>\r\n<br><br \/>\r\nNoi acoperim toate activit\u0103\u021bile de contact\/date, inclusiv activit\u0103\u021bi de call-center, proces\u0103ri de date \u015fi administrarea paginilor web, lucr\u00e2nd 24\/7 \u00een 23 birouri din Europa. De\u021binem 239 calculatoare\/sta\u021bii de lucru \u015fi 424 colaboratori, iar apelurile telefonice sunt direc\u021bionate prin VoIP c\u0103tre agen\u021bii no\u0219tri care comunic\u0103 cu clien\u021bii \u00een 30 de limbi.<br \/>\r\n","button":[{"title":"Cerere ofert\u0103","link":"https:\/\/www.netex.de\/ro\/request-quote\/"}]}],"press":"Pres\u0103","milestones":"Repere","press_button":[{"title":"mai multe \u0219tiri","link":"https:\/\/www.netex.de\/ro\/press\/"}]},"_links":{"self":[{"href":"https:\/\/www.netex.de\/ro\/wp-json\/wp\/v2\/pages\/201","targetHints":{"allow":["GET"]}}],"collection":[{"href":"https:\/\/www.netex.de\/ro\/wp-json\/wp\/v2\/pages"}],"about":[{"href":"https:\/\/www.netex.de\/ro\/wp-json\/wp\/v2\/types\/page"}],"author":[{"embeddable":true,"href":"https:\/\/www.netex.de\/ro\/wp-json\/wp\/v2\/users\/1"}],"replies":[{"embeddable":true,"href":"https:\/\/www.netex.de\/ro\/wp-json\/wp\/v2\/comments?post=201"}],"version-history":[{"count":24,"href":"https:\/\/www.netex.de\/ro\/wp-json\/wp\/v2\/pages\/201\/revisions"}],"predecessor-version":[{"id":32484,"href":"https:\/\/www.netex.de\/ro\/wp-json\/wp\/v2\/pages\/201\/revisions\/32484"}],"wp:attachment":[{"href":"https:\/\/www.netex.de\/ro\/wp-json\/wp\/v2\/media?parent=201"}],"curies":[{"name":"wp","href":"https:\/\/api.w.org\/{rel}","templated":true}]}}