{"id":1546,"date":"2015-10-15T20:08:06","date_gmt":"2015-10-15T17:08:06","guid":{"rendered":"http:\/\/beta.netex.ro\/ro\/office-service\/"},"modified":"2026-02-10T15:36:36","modified_gmt":"2026-02-10T13:36:36","slug":"office-service","status":"publish","type":"page","link":"https:\/\/www.netex.de\/ro\/office-service\/","title":{"rendered":"Servicii \u0219i produse"},"content":{"rendered":"","protected":false},"excerpt":{"rendered":"","protected":false},"author":1,"featured_media":0,"parent":0,"menu_order":106,"comment_status":"closed","ping_status":"closed","template":"","meta":{"_acf_changed":false,"inline_featured_image":false,"footnotes":""},"class_list":["post-1546","page","type-page","status-publish","hentry"],"acf":[],"ACF":{"background":{"ID":366,"id":366,"title":"office","filename":"office.jpg","filesize":177769,"url":"https:\/\/www.netex.de\/wp-content\/uploads\/office.jpg","link":"https:\/\/www.netex.de\/ro\/office-service\/office\/","alt":"","author":"1","description":"","caption":"","name":"office","status":"inherit","uploaded_to":1436,"date":"2015-10-21 14:35:36","modified":"2024-05-07 06:12:15","menu_order":0,"mime_type":"image\/jpeg","type":"image","subtype":"jpeg","icon":"https:\/\/www.netex.de\/wp-includes\/images\/media\/default.png","width":1920,"height":578,"sizes":{"thumbnail":"https:\/\/www.netex.de\/wp-content\/uploads\/office-150x150.jpg","thumbnail-width":150,"thumbnail-height":150,"medium":"https:\/\/www.netex.de\/wp-content\/uploads\/office-300x90.jpg","medium-width":300,"medium-height":90,"medium_large":"https:\/\/www.netex.de\/wp-content\/uploads\/office.jpg","medium_large-width":768,"medium_large-height":231,"large":"https:\/\/www.netex.de\/wp-content\/uploads\/office-1024x308.jpg","large-width":1024,"large-height":308,"1536x1536":"https:\/\/www.netex.de\/wp-content\/uploads\/office.jpg","1536x1536-width":1536,"1536x1536-height":462,"2048x2048":"https:\/\/www.netex.de\/wp-content\/uploads\/office.jpg","2048x2048-width":1920,"2048x2048-height":578,"post-thumbnail":"https:\/\/www.netex.de\/wp-content\/uploads\/office-85x85.jpg","post-thumbnail-width":85,"post-thumbnail-height":85,"hero":"https:\/\/www.netex.de\/wp-content\/uploads\/office-925x578.jpg","hero-width":925,"hero-height":578,"background":"https:\/\/www.netex.de\/wp-content\/uploads\/office-1920x535.jpg","background-width":1920,"background-height":535,"milestone-home":"https:\/\/www.netex.de\/wp-content\/uploads\/office-588x455.jpg","milestone-home-width":588,"milestone-home-height":455,"milestone-company":"https:\/\/www.netex.de\/wp-content\/uploads\/office-470x300.jpg","milestone-company-width":470,"milestone-company-height":300,"news-company":"https:\/\/www.netex.de\/wp-content\/uploads\/office-300x180.jpg","news-company-width":300,"news-company-height":180,"inner":"https:\/\/www.netex.de\/wp-content\/uploads\/office-300x255.jpg","inner-width":300,"inner-height":255,"gallery":"https:\/\/www.netex.de\/wp-content\/uploads\/office-320x230.jpg","gallery-width":320,"gallery-height":230,"contact":"https:\/\/www.netex.de\/wp-content\/uploads\/office-95x95.jpg","contact-width":95,"contact-height":95}},"content":[{"acf_fc_layout":"one_column_icon","icon":false,"title":"<b>Chief AI Officer (CAIO)<\/b>","column":"<p>Netex pune la dispozi\u021bie directori executivi de nivel \u00eenalt care conduc \u00eentreaga agend\u0103 de inteligen\u021b\u0103 artificial\u0103 a unei companii, f\u0103c\u00e2nd leg\u0103tura \u00eentre capabilit\u0103\u021bile tehnice de AI \u0219i obiectivele de business pentru a stimula inova\u021bia, eficien\u021ba \u0219i implementarea etic\u0103. Ei dezvolt\u0103 strategia general\u0103 de AI, supravegheaz\u0103 dezvoltarea \u0219i implementarea solu\u021biilor de AI, gestioneaz\u0103 guvernan\u021ba \u0219i aspectele etice, asigur\u0103 conformitatea cu reglement\u0103rile \u0219i promoveaz\u0103 o cultur\u0103 alfabetizat\u0103 \u00een date \u0219i preg\u0103tit\u0103 pentru AI, pentru a atinge obiectivele strategice \u0219i avantajul competitiv.<\/p>\n"},{"acf_fc_layout":"one_column_icon","icon":false,"title":"<b>Mondo: Comunicare integrat\u0103 cu clien\u021bii,  bazat\u0103 pe agent AI<\/b>","column":"<p><strong>Solu\u021bii omnichannel pentru companii &#8211; Oferi\u021bi experien\u021be excep\u021bionale clien\u021bilor!<\/strong><\/p>\n<p>Directiva UE 2019\/882 reprezint\u0103 un pas \u00eenainte semnificativ \u00een \u00eembun\u0103t\u0103\u021birea accesibilit\u0103\u021bii pentru persoanele cu dizabilit\u0103\u021bi \u00een cadrul Uniunii Europene. \u00cencep\u00e2nd din 2025, \u00eentreprinderile online vor fi obligate s\u0103 \u00ee\u0219i adapteze instrumentele de comunicare pentru a \u00eendeplini cerin\u021bele acestei noi legisla\u021bii. Demonstra\u021bi-v\u0103 angajamentul prin oferirea unui acces egal tuturor persoanelor pentru a se implica cu organiza\u021bia dvs. \u0219i cre\u0219te\u021bi u\u0219urin\u021ba de utilizare pentru to\u021bi clien\u021bii dvs.<\/p>\n<p>Mondo ofer\u0103 o solu\u021bie integrat\u0103, bazat\u0103 pe cloud, care reune\u0219te comunicarea cu clien\u021bii pe mai multe canale \u00eentr-o singur\u0103 platform\u0103 centralizat\u0103. Alimentat\u0103 de AI agentic\u0103 \u0219i procese automatizate, aceasta creeaz\u0103 un mediu de lucru unificat \u0219i eficient pentru agen\u021bii de servicii clien\u021bi. Gestionarea interac\u021biunilor prin e-mail, chat, social media, telefon \u0219i procese automatizate, operate de AI, asigur\u0103 o experien\u021b\u0103 consecvent\u0103 pentru clien\u021bi.<\/p>\n<p>\u00cencerca\u021bi gratuit platforma noastr\u0103 SaaS omnichannel timp de 30 de zile \u0219i afla\u021bi cum Mondo v\u0103 poate \u00eembun\u0103t\u0103\u021bi fluxurile de lucru \u0219i experien\u021ba clien\u021bilor.<\/p>\n<p>Afla\u021bi mai multe despre Mondo <a href=\"https:\/\/mondo.chat\/en\/\" target=\"_blank\" rel=\"noopener\">aici<\/a>.<\/p>\n"},{"acf_fc_layout":"one_column_icon","icon":false,"title":"<b>Asisten\u021b\u0103 pentru clien\u021bi \u00een 26 de limbi diferite<\/b>","column":"<p>Englez\u0103, german\u0103, rom\u00e2n\u0103, ucrainean\u0103, rus\u0103, s\u00e2rb\u0103, croat\u0103, sloven\u0103, ceh\u0103, slovac\u0103, maghiar\u0103, bulgar\u0103, greac\u0103, francez\u0103, italian\u0103, spaniol\u0103, portughez\u0103, olandez\u0103, danez\u0103, suedez\u0103, norvegian\u0103, eston\u0103, lituanian\u0103, leton\u0103, japonez\u0103 \u0219i chinez\u0103.<\/p>\n<p><strong>Big data<\/strong><\/p>\n<p>Inteligen\u021ba artificial\u0103 (AI)<br \/>\nRe\u021bele neuronale<br \/>\nHadoop, MapReduce, NoSQL<br \/>\nAudit de preg\u0103tire pentru Big Data<\/p>\n<p><strong>Solu\u021bii de eCommerce<\/strong><\/p>\n<p>\u00centre\u021binerea datelor<br \/>\nGestionarea con\u021binutului<br \/>\nCrawling<br \/>\nSolu\u021bii logistice<\/p>\n<p><strong>Marketing digital<\/strong><\/p>\n<p>Marketing de comparare a pre\u021burilor<br \/>\nBuletine informative<br \/>\nSEO<br \/>\nSEA<br \/>\nSocial media<\/p>\n"},{"acf_fc_layout":"one_column_icon","icon":false,"title":"<b>Robotul de teleprezen\u021b\u0103 - urm\u0103torul pas \u00een comunicarea digital\u0103<\/b>","column":"<p><img fetchpriority=\"high\" decoding=\"async\" class=\"alignleft size-medium wp-image-8032\" src=\"http:\/\/www.netex.ro\/wp-content\/uploads\/Double-2-172x300.jpg\" alt=\"\" width=\"172\" height=\"300\" srcset=\"https:\/\/www.netex.de\/wp-content\/uploads\/Double-2-172x300.jpg 172w, https:\/\/www.netex.de\/wp-content\/uploads\/Double-2-768x1339.jpg 768w, https:\/\/www.netex.de\/wp-content\/uploads\/Double-2-587x1024.jpg 587w\" sizes=\"(max-width: 172px) 100vw, 172px\" \/><\/p>\n"}]},"_links":{"self":[{"href":"https:\/\/www.netex.de\/ro\/wp-json\/wp\/v2\/pages\/1546","targetHints":{"allow":["GET"]}}],"collection":[{"href":"https:\/\/www.netex.de\/ro\/wp-json\/wp\/v2\/pages"}],"about":[{"href":"https:\/\/www.netex.de\/ro\/wp-json\/wp\/v2\/types\/page"}],"author":[{"embeddable":true,"href":"https:\/\/www.netex.de\/ro\/wp-json\/wp\/v2\/users\/1"}],"replies":[{"embeddable":true,"href":"https:\/\/www.netex.de\/ro\/wp-json\/wp\/v2\/comments?post=1546"}],"version-history":[{"count":32,"href":"https:\/\/www.netex.de\/ro\/wp-json\/wp\/v2\/pages\/1546\/revisions"}],"predecessor-version":[{"id":31633,"href":"https:\/\/www.netex.de\/ro\/wp-json\/wp\/v2\/pages\/1546\/revisions\/31633"}],"wp:attachment":[{"href":"https:\/\/www.netex.de\/ro\/wp-json\/wp\/v2\/media?parent=1546"}],"curies":[{"name":"wp","href":"https:\/\/api.w.org\/{rel}","templated":true}]}}