{"id":1006,"date":"2015-10-23T00:31:53","date_gmt":"2015-10-22T21:31:53","guid":{"rendered":"http:\/\/beta.netex.ro\/ro\/call-center\/inbound-telefon\/"},"modified":"2016-05-18T14:54:59","modified_gmt":"2016-05-18T11:54:59","slug":"inbound-telefon","status":"publish","type":"page","link":"https:\/\/www.netex.de\/ro\/call-center\/inbound-telefon\/","title":{"rendered":"Inbound Telefon"},"content":{"rendered":"","protected":false},"excerpt":{"rendered":"","protected":false},"author":1,"featured_media":0,"parent":945,"menu_order":73,"comment_status":"closed","ping_status":"closed","template":"","meta":{"_acf_changed":false,"inline_featured_image":false,"footnotes":""},"class_list":["post-1006","page","type-page","status-publish","hentry"],"acf":[],"ACF":{"background":false,"content":[{"acf_fc_layout":"two_columns","column_left":{"ID":368,"id":368,"title":"People","filename":"people.jpg","filesize":50788,"url":"https:\/\/www.netex.de\/wp-content\/uploads\/people.jpg","link":"https:\/\/www.netex.de\/ro\/call-center\/inbound\/people\/","alt":"","author":"1","description":"","caption":"People","name":"people","status":"inherit","uploaded_to":132,"date":"2015-10-21 14:35:37","modified":"2023-05-27 16:54:09","menu_order":0,"mime_type":"image\/jpeg","type":"image","subtype":"jpeg","icon":"https:\/\/www.netex.de\/wp-includes\/images\/media\/default.png","width":300,"height":180,"sizes":{"thumbnail":"https:\/\/www.netex.de\/wp-content\/uploads\/people-150x150.jpg","thumbnail-width":150,"thumbnail-height":150,"medium":"https:\/\/www.netex.de\/wp-content\/uploads\/people.jpg","medium-width":300,"medium-height":180,"medium_large":"https:\/\/www.netex.de\/wp-content\/uploads\/people.jpg","medium_large-width":300,"medium_large-height":180,"large":"https:\/\/www.netex.de\/wp-content\/uploads\/people-1024x614.jpg","large-width":1024,"large-height":614,"1536x1536":"https:\/\/www.netex.de\/wp-content\/uploads\/people.jpg","1536x1536-width":300,"1536x1536-height":180,"2048x2048":"https:\/\/www.netex.de\/wp-content\/uploads\/people.jpg","2048x2048-width":300,"2048x2048-height":180,"post-thumbnail":"https:\/\/www.netex.de\/wp-content\/uploads\/people-85x85.jpg","post-thumbnail-width":85,"post-thumbnail-height":85,"hero":"https:\/\/www.netex.de\/wp-content\/uploads\/people.jpg","hero-width":300,"hero-height":180,"background":"https:\/\/www.netex.de\/wp-content\/uploads\/people.jpg","background-width":300,"background-height":180,"milestone-home":"https:\/\/www.netex.de\/wp-content\/uploads\/people.jpg","milestone-home-width":300,"milestone-home-height":180,"milestone-company":"https:\/\/www.netex.de\/wp-content\/uploads\/people.jpg","milestone-company-width":300,"milestone-company-height":180,"news-company":"https:\/\/www.netex.de\/wp-content\/uploads\/people.jpg","news-company-width":300,"news-company-height":180,"inner":"https:\/\/www.netex.de\/wp-content\/uploads\/people.jpg","inner-width":300,"inner-height":180,"gallery":"https:\/\/www.netex.de\/wp-content\/uploads\/people.jpg","gallery-width":300,"gallery-height":180,"contact":"https:\/\/www.netex.de\/wp-content\/uploads\/people-95x95.jpg","contact-width":95,"contact-height":95}},"column_right":"<h2>Noi vorbim limba!<\/h2>\n<p>Contactul telefonic simpatic f\u0103r\u0103 semnalul de \u201docupat\u201d \u0219i f\u0103r\u0103 prea mult timp de a\u0219teptare \u2013 acestea sunt caracteristici ale serviciilor noastre de sprijin \u0219i acestea \u00een multe limbi moderne europene (englez\u0103, francez\u0103, spaniol\u0103, italian\u0103, maghiar\u0103, rom\u00e2n\u0103). Agen\u021bi califica\u021bi asigur\u0103 o accesibilitate permanent foarte ridicat\u0103 \u0219i preiau cu pl\u0103cere apelurile dvs \u0219i la orele de v\u00e2rf. Noi avem ambi\u021bia, s\u0103-i servim pe to\u021bi cei care ne sun\u0103, cu amabilitate \u0219i competen\u021b\u0103 \u0219i s\u0103 furniz\u0103m prin telefon \u0219i informa\u021bii de complexitate tehnic\u0103.<\/p>\n"},{"acf_fc_layout":"two_columns","column_left":{"ID":361,"id":361,"title":"inbound-telephone","filename":"inbound-telephone.png","filesize":510407,"url":"https:\/\/www.netex.de\/wp-content\/uploads\/inbound-telephone.png","link":"https:\/\/www.netex.de\/ro\/call-center\/inbound\/inbound-telephone\/","alt":"","author":"1","description":"","caption":"","name":"inbound-telephone","status":"inherit","uploaded_to":875,"date":"2015-10-21 14:35:32","modified":"2026-01-15 13:04:39","menu_order":0,"mime_type":"image\/png","type":"image","subtype":"png","icon":"https:\/\/www.netex.de\/wp-includes\/images\/media\/default.png","width":1920,"height":601,"sizes":{"thumbnail":"https:\/\/www.netex.de\/wp-content\/uploads\/inbound-telephone-150x150.png","thumbnail-width":150,"thumbnail-height":150,"medium":"https:\/\/www.netex.de\/wp-content\/uploads\/inbound-telephone-300x94.png","medium-width":300,"medium-height":94,"medium_large":"https:\/\/www.netex.de\/wp-content\/uploads\/inbound-telephone.png","medium_large-width":768,"medium_large-height":240,"large":"https:\/\/www.netex.de\/wp-content\/uploads\/inbound-telephone-1024x320.png","large-width":1024,"large-height":320,"1536x1536":"https:\/\/www.netex.de\/wp-content\/uploads\/inbound-telephone.png","1536x1536-width":1536,"1536x1536-height":481,"2048x2048":"https:\/\/www.netex.de\/wp-content\/uploads\/inbound-telephone.png","2048x2048-width":1920,"2048x2048-height":601,"post-thumbnail":"https:\/\/www.netex.de\/wp-content\/uploads\/inbound-telephone-85x85.png","post-thumbnail-width":85,"post-thumbnail-height":85,"hero":"https:\/\/www.netex.de\/wp-content\/uploads\/inbound-telephone-925x601.png","hero-width":925,"hero-height":601,"background":"https:\/\/www.netex.de\/wp-content\/uploads\/inbound-telephone-1920x535.png","background-width":1920,"background-height":535,"milestone-home":"https:\/\/www.netex.de\/wp-content\/uploads\/inbound-telephone-588x455.png","milestone-home-width":588,"milestone-home-height":455,"milestone-company":"https:\/\/www.netex.de\/wp-content\/uploads\/inbound-telephone-470x300.png","milestone-company-width":470,"milestone-company-height":300,"news-company":"https:\/\/www.netex.de\/wp-content\/uploads\/inbound-telephone-300x180.png","news-company-width":300,"news-company-height":180,"inner":"https:\/\/www.netex.de\/wp-content\/uploads\/inbound-telephone-300x255.png","inner-width":300,"inner-height":255,"gallery":"https:\/\/www.netex.de\/wp-content\/uploads\/inbound-telephone-320x230.png","gallery-width":320,"gallery-height":230,"contact":"https:\/\/www.netex.de\/wp-content\/uploads\/inbound-telephone-95x95.png","contact-width":95,"contact-height":95}},"column_right":"<h2>MARKETING-SUPPORT<\/h2>\n<p>Accesibilitate ridicat\u0103 prin telefon constituie ast\u0103zi un factor decisiv de succes. Peste 80% ale persoanelor, care iau decizii \u00een domeniul de afaceri, apeleaz\u0103 la telefon, ca s\u0103 ob\u021bin\u0103 informa\u021bii despre produse \u0219i pre\u021buri. Cu noi ave\u021bi un partener de \u00eencredere, care preia \u00een timpul orelor de v\u00e2rf campanii complete sau apeluri, chiar \u0219i dup\u0103 orele de lucru, 24 h, 7 zile pe s\u0103pt\u0103m\u00e2n\u0103, dac\u0103 dvs. o dori\u021bi.<br \/>\nNoi prelu\u0103m urm\u0103toarele sarcini:<\/p>\n<ul>\n<li>Marketing\u2013Support<\/li>\n<li>Presales<\/li>\n<li>Recep\u021bia de comenzi<\/li>\n<li>Consilierea de clien\u021bi<\/li>\n<li>Infoline 24ore<\/li>\n<li>Preluarea de apeluri \u00een timpul orelor de v\u00e2rf<\/li>\n<li>Servicii clien\u021bi<\/li>\n<li>Servici de informa\u021bii<\/li>\n<li>Deservirea clien\u021bilor timp de 24 ore<\/li>\n<li>Preluarea de deranjamente<\/li>\n<li>Prelucrarea de r\u0103spunsuri<\/li>\n<li>Fax-Info<\/li>\n<li>E-mail<\/li>\n<\/ul>\n"},{"acf_fc_layout":"two_columns","column_left":{"ID":360,"id":360,"title":"inbound-company","filename":"inbound-company.jpg","filesize":265679,"url":"https:\/\/www.netex.de\/wp-content\/uploads\/inbound-company.jpg","link":"https:\/\/www.netex.de\/ro\/call-center\/inbound\/inbound-company\/","alt":"","author":"1","description":"","caption":"","name":"inbound-company","status":"inherit","uploaded_to":875,"date":"2015-10-21 14:35:31","modified":"2026-01-15 13:04:39","menu_order":0,"mime_type":"image\/jpeg","type":"image","subtype":"jpeg","icon":"https:\/\/www.netex.de\/wp-includes\/images\/media\/default.png","width":1920,"height":626,"sizes":{"thumbnail":"https:\/\/www.netex.de\/wp-content\/uploads\/inbound-company-150x150.jpg","thumbnail-width":150,"thumbnail-height":150,"medium":"https:\/\/www.netex.de\/wp-content\/uploads\/inbound-company-300x98.jpg","medium-width":300,"medium-height":98,"medium_large":"https:\/\/www.netex.de\/wp-content\/uploads\/inbound-company.jpg","medium_large-width":768,"medium_large-height":250,"large":"https:\/\/www.netex.de\/wp-content\/uploads\/inbound-company-1024x333.jpg","large-width":1024,"large-height":333,"1536x1536":"https:\/\/www.netex.de\/wp-content\/uploads\/inbound-company.jpg","1536x1536-width":1536,"1536x1536-height":501,"2048x2048":"https:\/\/www.netex.de\/wp-content\/uploads\/inbound-company.jpg","2048x2048-width":1920,"2048x2048-height":626,"post-thumbnail":"https:\/\/www.netex.de\/wp-content\/uploads\/inbound-company-85x85.jpg","post-thumbnail-width":85,"post-thumbnail-height":85,"hero":"https:\/\/www.netex.de\/wp-content\/uploads\/inbound-company-925x626.jpg","hero-width":925,"hero-height":626,"background":"https:\/\/www.netex.de\/wp-content\/uploads\/inbound-company-1920x535.jpg","background-width":1920,"background-height":535,"milestone-home":"https:\/\/www.netex.de\/wp-content\/uploads\/inbound-company-588x455.jpg","milestone-home-width":588,"milestone-home-height":455,"milestone-company":"https:\/\/www.netex.de\/wp-content\/uploads\/inbound-company-470x300.jpg","milestone-company-width":470,"milestone-company-height":300,"news-company":"https:\/\/www.netex.de\/wp-content\/uploads\/inbound-company-300x180.jpg","news-company-width":300,"news-company-height":180,"inner":"https:\/\/www.netex.de\/wp-content\/uploads\/inbound-company-300x255.jpg","inner-width":300,"inner-height":255,"gallery":"https:\/\/www.netex.de\/wp-content\/uploads\/inbound-company-320x230.jpg","gallery-width":320,"gallery-height":230,"contact":"https:\/\/www.netex.de\/wp-content\/uploads\/inbound-company-95x95.jpg","contact-width":95,"contact-height":95}},"column_right":"<h2>SERVICII DE HOTLINE, SERVICII DE PRELUARE DE APELURI<\/h2>\n<p>Dori\u021bi ca telefonul dumneavoastr\u0103 s\u0103 fie folosit competent \u0219i personal \u0219i \u00een absen\u021ba dumneavoastr\u0103, dup\u0103 orele de lucru, la sf\u00e2r\u0219it de s\u0103pt\u0103m\u00e2n\u0103 sau \u00een concediu? Iar dup\u0103 aceea s\u0103 fie eventual numai accesibil pentru adev\u0103ratele \u201dcazuri majore\u201d? Atunci apela\u021bi la serviciile noastre. Noi v\u0103 oferim serviciul de primire personal\u0103 de apeluri cu preselec\u021bie, \u00eenregistrare de convorbire \u0219i redirec\u021bionarea apelurilor la birou, dac\u0103 sunt importante resp. prin e-mail\/fax, dac\u0103 nu sunt cazuri majore. \u0218i toate acestea \u00een condi\u021bii de pre\u021b avantajos. Solicita\u021bi pur \u0219i simplu, f\u0103r\u0103 alte obliga\u021bii, oferta noastr\u0103 cu indicarea orelor \u0219i zilelor dorite!<\/p>\n"}]},"_links":{"self":[{"href":"https:\/\/www.netex.de\/ro\/wp-json\/wp\/v2\/pages\/1006","targetHints":{"allow":["GET"]}}],"collection":[{"href":"https:\/\/www.netex.de\/ro\/wp-json\/wp\/v2\/pages"}],"about":[{"href":"https:\/\/www.netex.de\/ro\/wp-json\/wp\/v2\/types\/page"}],"author":[{"embeddable":true,"href":"https:\/\/www.netex.de\/ro\/wp-json\/wp\/v2\/users\/1"}],"replies":[{"embeddable":true,"href":"https:\/\/www.netex.de\/ro\/wp-json\/wp\/v2\/comments?post=1006"}],"version-history":[{"count":9,"href":"https:\/\/www.netex.de\/ro\/wp-json\/wp\/v2\/pages\/1006\/revisions"}],"predecessor-version":[{"id":7328,"href":"https:\/\/www.netex.de\/ro\/wp-json\/wp\/v2\/pages\/1006\/revisions\/7328"}],"up":[{"embeddable":true,"href":"https:\/\/www.netex.de\/ro\/wp-json\/wp\/v2\/pages\/945"}],"wp:attachment":[{"href":"https:\/\/www.netex.de\/ro\/wp-json\/wp\/v2\/media?parent=1006"}],"curies":[{"name":"wp","href":"https:\/\/api.w.org\/{rel}","templated":true}]}}