{"id":13279,"date":"2016-07-22T11:46:48","date_gmt":"2016-07-22T08:46:48","guid":{"rendered":"http:\/\/www.netex.ro\/mo\/quality-policy\/code-of-conduct\/"},"modified":"2016-07-22T11:46:48","modified_gmt":"2016-07-22T08:46:48","slug":"code-of-conduct","status":"publish","type":"page","link":"https:\/\/www.netex.de\/mo\/quality-policy\/code-of-conduct\/","title":{"rendered":"Cod de etic\u0103 \u015fi conduit\u0103 profesional\u0103"},"content":{"rendered":"","protected":false},"excerpt":{"rendered":"","protected":false},"author":1,"featured_media":0,"parent":13168,"menu_order":177,"comment_status":"closed","ping_status":"closed","template":"","meta":{"_acf_changed":false,"inline_featured_image":false,"footnotes":""},"class_list":["post-13279","page","type-page","status-publish","hentry"],"acf":[],"ACF":{"background":{"ID":372,"id":372,"title":"quality","filename":"quality.jpg","filesize":187309,"url":"https:\/\/www.netex.de\/wp-content\/uploads\/quality.jpg","link":"https:\/\/www.netex.de\/mo\/quality\/","alt":"","author":"1","description":"","caption":"","name":"quality","status":"inherit","uploaded_to":0,"date":"2015-10-21 14:35:40","modified":"2015-10-21 14:35:40","menu_order":0,"mime_type":"image\/jpeg","type":"image","subtype":"jpeg","icon":"https:\/\/www.netex.de\/wp-includes\/images\/media\/default.png","width":1920,"height":578,"sizes":{"thumbnail":"https:\/\/www.netex.de\/wp-content\/uploads\/quality-150x150.jpg","thumbnail-width":150,"thumbnail-height":150,"medium":"https:\/\/www.netex.de\/wp-content\/uploads\/quality-300x90.jpg","medium-width":300,"medium-height":90,"medium_large":"https:\/\/www.netex.de\/wp-content\/uploads\/quality.jpg","medium_large-width":768,"medium_large-height":231,"large":"https:\/\/www.netex.de\/wp-content\/uploads\/quality-1024x308.jpg","large-width":1024,"large-height":308,"1536x1536":"https:\/\/www.netex.de\/wp-content\/uploads\/quality.jpg","1536x1536-width":1536,"1536x1536-height":462,"2048x2048":"https:\/\/www.netex.de\/wp-content\/uploads\/quality.jpg","2048x2048-width":1920,"2048x2048-height":578,"post-thumbnail":"https:\/\/www.netex.de\/wp-content\/uploads\/quality-85x85.jpg","post-thumbnail-width":85,"post-thumbnail-height":85,"hero":"https:\/\/www.netex.de\/wp-content\/uploads\/quality-925x578.jpg","hero-width":925,"hero-height":578,"background":"https:\/\/www.netex.de\/wp-content\/uploads\/quality-1920x535.jpg","background-width":1920,"background-height":535,"milestone-home":"https:\/\/www.netex.de\/wp-content\/uploads\/quality-588x455.jpg","milestone-home-width":588,"milestone-home-height":455,"milestone-company":"https:\/\/www.netex.de\/wp-content\/uploads\/quality-470x300.jpg","milestone-company-width":470,"milestone-company-height":300,"news-company":"https:\/\/www.netex.de\/wp-content\/uploads\/quality-300x180.jpg","news-company-width":300,"news-company-height":180,"inner":"https:\/\/www.netex.de\/wp-content\/uploads\/quality-300x255.jpg","inner-width":300,"inner-height":255,"gallery":"https:\/\/www.netex.de\/wp-content\/uploads\/quality-320x230.jpg","gallery-width":320,"gallery-height":230,"contact":"https:\/\/www.netex.de\/wp-content\/uploads\/quality-95x95.jpg","contact-width":95,"contact-height":95}},"content":[{"acf_fc_layout":"one_column","column":"<p>Fiind o parte a Netex necesit\u0103 ca fiecare s\u0103 fie responsabil! Corectitudinea, etica de munc\u0103, resursele personale caracterizeaz\u0103\u00a0 cultura noastr\u0103 corporatist\u0103. Codul de conduit\u0103 re\u00eent\u0103re\u015fte aceste standarde obligatorii ale companiei \u015fi serve\u015fte drept ghid de urmat. Ca un ghid obligatoriu pentru ac\u0163iune etic responsabil\u0103 \u00een societatea noastra, Codul de Conduit\u0103, define\u015fte at\u00e2t standardele pentru o purtare responsabil\u0103 fa\u0163\u0103 de partenerii de afaceri ori c\u0103tre publicul general, c\u00e2t \u015fi interac\u0163iunile interpersonale \u00een cadrul companiei.<\/p>\n<p>Toat\u0103 lumea din companie e obligat\u0103 s\u0103 respecte principiile clare descrise \u00een Codul de Conduit\u0103.<\/p>\n<p><strong>Download:<\/strong> <a href=\"http:\/\/www.netex.ro\/wp-content\/uploads\/Cod-Etic\u0103.pdf\">Cod de etica<\/a><\/p>\n"}]},"_links":{"self":[{"href":"https:\/\/www.netex.de\/mo\/wp-json\/wp\/v2\/pages\/13279","targetHints":{"allow":["GET"]}}],"collection":[{"href":"https:\/\/www.netex.de\/mo\/wp-json\/wp\/v2\/pages"}],"about":[{"href":"https:\/\/www.netex.de\/mo\/wp-json\/wp\/v2\/types\/page"}],"author":[{"embeddable":true,"href":"https:\/\/www.netex.de\/mo\/wp-json\/wp\/v2\/users\/1"}],"replies":[{"embeddable":true,"href":"https:\/\/www.netex.de\/mo\/wp-json\/wp\/v2\/comments?post=13279"}],"version-history":[{"count":0,"href":"https:\/\/www.netex.de\/mo\/wp-json\/wp\/v2\/pages\/13279\/revisions"}],"up":[{"embeddable":true,"href":"https:\/\/www.netex.de\/mo\/wp-json\/wp\/v2\/pages\/13168"}],"wp:attachment":[{"href":"https:\/\/www.netex.de\/mo\/wp-json\/wp\/v2\/media?parent=13279"}],"curies":[{"name":"wp","href":"https:\/\/api.w.org\/{rel}","templated":true}]}}