{"id":12937,"date":"2015-11-07T01:05:06","date_gmt":"2015-11-06T23:05:06","guid":{"rendered":"http:\/\/www.netex.ro\/mo\/training\/"},"modified":"2015-11-07T01:05:06","modified_gmt":"2015-11-06T23:05:06","slug":"training","status":"publish","type":"page","link":"https:\/\/www.netex.de\/mo\/training\/","title":{"rendered":"Instruire"},"content":{"rendered":"","protected":false},"excerpt":{"rendered":"","protected":false},"author":1,"featured_media":0,"parent":0,"menu_order":161,"comment_status":"closed","ping_status":"closed","template":"","meta":{"_acf_changed":false,"inline_featured_image":false,"footnotes":""},"class_list":["post-12937","page","type-page","status-publish","hentry"],"acf":[],"ACF":{"background":{"ID":360,"id":360,"title":"inbound-company","filename":"inbound-company.jpg","filesize":265679,"url":"https:\/\/www.netex.de\/wp-content\/uploads\/inbound-company.jpg","link":"https:\/\/www.netex.de\/mo\/call-center\/inbound\/inbound-company\/","alt":"","author":"1","description":"","caption":"","name":"inbound-company","status":"inherit","uploaded_to":875,"date":"2015-10-21 14:35:31","modified":"2026-01-15 13:04:39","menu_order":0,"mime_type":"image\/jpeg","type":"image","subtype":"jpeg","icon":"https:\/\/www.netex.de\/wp-includes\/images\/media\/default.png","width":1920,"height":626,"sizes":{"thumbnail":"https:\/\/www.netex.de\/wp-content\/uploads\/inbound-company-150x150.jpg","thumbnail-width":150,"thumbnail-height":150,"medium":"https:\/\/www.netex.de\/wp-content\/uploads\/inbound-company-300x98.jpg","medium-width":300,"medium-height":98,"medium_large":"https:\/\/www.netex.de\/wp-content\/uploads\/inbound-company.jpg","medium_large-width":768,"medium_large-height":250,"large":"https:\/\/www.netex.de\/wp-content\/uploads\/inbound-company-1024x333.jpg","large-width":1024,"large-height":333,"1536x1536":"https:\/\/www.netex.de\/wp-content\/uploads\/inbound-company.jpg","1536x1536-width":1536,"1536x1536-height":501,"2048x2048":"https:\/\/www.netex.de\/wp-content\/uploads\/inbound-company.jpg","2048x2048-width":1920,"2048x2048-height":626,"post-thumbnail":"https:\/\/www.netex.de\/wp-content\/uploads\/inbound-company-85x85.jpg","post-thumbnail-width":85,"post-thumbnail-height":85,"hero":"https:\/\/www.netex.de\/wp-content\/uploads\/inbound-company-925x626.jpg","hero-width":925,"hero-height":626,"background":"https:\/\/www.netex.de\/wp-content\/uploads\/inbound-company-1920x535.jpg","background-width":1920,"background-height":535,"milestone-home":"https:\/\/www.netex.de\/wp-content\/uploads\/inbound-company-588x455.jpg","milestone-home-width":588,"milestone-home-height":455,"milestone-company":"https:\/\/www.netex.de\/wp-content\/uploads\/inbound-company-470x300.jpg","milestone-company-width":470,"milestone-company-height":300,"news-company":"https:\/\/www.netex.de\/wp-content\/uploads\/inbound-company-300x180.jpg","news-company-width":300,"news-company-height":180,"inner":"https:\/\/www.netex.de\/wp-content\/uploads\/inbound-company-300x255.jpg","inner-width":300,"inner-height":255,"gallery":"https:\/\/www.netex.de\/wp-content\/uploads\/inbound-company-320x230.jpg","gallery-width":320,"gallery-height":230,"contact":"https:\/\/www.netex.de\/wp-content\/uploads\/inbound-company-95x95.jpg","contact-width":95,"contact-height":95}},"content":[{"acf_fc_layout":"two_columns","column_left":{"ID":813,"id":813,"title":"training","filename":"training.jpg","filesize":37836,"url":"https:\/\/www.netex.de\/wp-content\/uploads\/training.jpg","link":"https:\/\/www.netex.de\/mo\/training\/training-2\/","alt":"","author":"1","description":"","caption":"","name":"training-2","status":"inherit","uploaded_to":803,"date":"2015-11-06 23:08:35","modified":"2015-11-06 23:08:35","menu_order":0,"mime_type":"image\/jpeg","type":"image","subtype":"jpeg","icon":"https:\/\/www.netex.de\/wp-includes\/images\/media\/default.png","width":405,"height":364,"sizes":{"thumbnail":"https:\/\/www.netex.de\/wp-content\/uploads\/training-150x150.jpg","thumbnail-width":150,"thumbnail-height":150,"medium":"https:\/\/www.netex.de\/wp-content\/uploads\/training-300x270.jpg","medium-width":300,"medium-height":270,"medium_large":"https:\/\/www.netex.de\/wp-content\/uploads\/training.jpg","medium_large-width":405,"medium_large-height":364,"large":"https:\/\/www.netex.de\/wp-content\/uploads\/training-1024x920.jpg","large-width":1024,"large-height":920,"1536x1536":"https:\/\/www.netex.de\/wp-content\/uploads\/training.jpg","1536x1536-width":405,"1536x1536-height":364,"2048x2048":"https:\/\/www.netex.de\/wp-content\/uploads\/training.jpg","2048x2048-width":405,"2048x2048-height":364,"post-thumbnail":"https:\/\/www.netex.de\/wp-content\/uploads\/training-85x85.jpg","post-thumbnail-width":85,"post-thumbnail-height":85,"hero":"https:\/\/www.netex.de\/wp-content\/uploads\/training.jpg","hero-width":405,"hero-height":364,"background":"https:\/\/www.netex.de\/wp-content\/uploads\/training.jpg","background-width":405,"background-height":364,"milestone-home":"https:\/\/www.netex.de\/wp-content\/uploads\/training.jpg","milestone-home-width":405,"milestone-home-height":364,"milestone-company":"https:\/\/www.netex.de\/wp-content\/uploads\/training-405x300.jpg","milestone-company-width":405,"milestone-company-height":300,"news-company":"https:\/\/www.netex.de\/wp-content\/uploads\/training-300x180.jpg","news-company-width":300,"news-company-height":180,"inner":"https:\/\/www.netex.de\/wp-content\/uploads\/training-300x255.jpg","inner-width":300,"inner-height":255,"gallery":"https:\/\/www.netex.de\/wp-content\/uploads\/training-320x230.jpg","gallery-width":320,"gallery-height":230,"contact":"https:\/\/www.netex.de\/wp-content\/uploads\/training-95x95.jpg","contact-width":95,"contact-height":95}},"column_right":"<h2><strong>Netex Academy<\/strong><\/h2>\n<p>Se \u021bine odat\u0103 la 2 sapt\u0103m\u00e2ni, in Rom\u00e2nia: Timi\u0219oara si Re\u0219i\u021ba \u0219i in Serbia la Novi Sad.<br \/>\nUn certificat de participare ob\u021binut \u00een urma unui examen final, atest\u0103 absolvirea cu success a cursului. Absolven\u021bilor li se ofer\u0103 dup\u0103 curs posibilitatea de a depune un CV pentru un loc de munc\u0103 la Netex<\/p>\n<p><b>Condi\u021biile de participare sunt:<\/b><br \/>\n\u2013 cuno\u0219tiin\u021be minime de operare PC<\/p>\n<p><b>Documentele necesare inscrierii la curs sunt:<\/b><br \/>\n\u2013 cazier judiciar<br \/>\n\u2013 certificat medical care atest\u0103 c\u0103 participantul e apt din punct de vedere medical<\/p>\n<p>Pentru inscrieri, trimite\u021bi un CV pe mail la academy@netex.ro \u0219i ve\u021bi fi programat pentru a efectua formalita\u021bile de inscriere.<br \/>\nVa a\u0219tept\u0103m la NETEX ACADEMY \u2013 singurul program de instruire GRATUIT din Timi\u0219oara!<\/p>\n"},{"acf_fc_layout":"one_column","column":"<h2><strong>Cursuri de perfec\u021bionare pentru angaja\u021bi<\/strong><\/h2>\n<p>Netex e unitate autorizata de formare profesional\u0103 \u0219i ofer\u0103 tuturor angaja\u021bilor doritori cursuri gratuite de project management \u0219i logistic\u0103.<\/p>\n<p>Cau\u0163i un loc de munc\u0103? Vezi ofertele noastre de munc\u0103 <a href=\"http:\/\/beta.netex.ro\/ro\/jobs\"> aici <\/a> sau trimite-ne CV-ul t\u0103u pe adresa: jobs@netex.ro<\/p>\n"}]},"_links":{"self":[{"href":"https:\/\/www.netex.de\/mo\/wp-json\/wp\/v2\/pages\/12937","targetHints":{"allow":["GET"]}}],"collection":[{"href":"https:\/\/www.netex.de\/mo\/wp-json\/wp\/v2\/pages"}],"about":[{"href":"https:\/\/www.netex.de\/mo\/wp-json\/wp\/v2\/types\/page"}],"author":[{"embeddable":true,"href":"https:\/\/www.netex.de\/mo\/wp-json\/wp\/v2\/users\/1"}],"replies":[{"embeddable":true,"href":"https:\/\/www.netex.de\/mo\/wp-json\/wp\/v2\/comments?post=12937"}],"version-history":[{"count":0,"href":"https:\/\/www.netex.de\/mo\/wp-json\/wp\/v2\/pages\/12937\/revisions"}],"wp:attachment":[{"href":"https:\/\/www.netex.de\/mo\/wp-json\/wp\/v2\/media?parent=12937"}],"curies":[{"name":"wp","href":"https:\/\/api.w.org\/{rel}","templated":true}]}}