{"id":12826,"date":"2015-11-07T00:56:19","date_gmt":"2015-11-06T22:56:19","guid":{"rendered":"http:\/\/www.netex.ro\/mo\/internships\/"},"modified":"2015-11-07T00:56:19","modified_gmt":"2015-11-06T22:56:19","slug":"internships","status":"publish","type":"page","link":"https:\/\/www.netex.de\/mo\/internships\/","title":{"rendered":"Internships"},"content":{"rendered":"","protected":false},"excerpt":{"rendered":"","protected":false},"author":1,"featured_media":0,"parent":0,"menu_order":155,"comment_status":"closed","ping_status":"closed","template":"","meta":{"_acf_changed":false,"inline_featured_image":false,"footnotes":""},"class_list":["post-12826","page","type-page","status-publish","hentry"],"acf":[],"ACF":{"background":{"ID":363,"id":363,"title":"job","filename":"job.jpg","filesize":246250,"url":"https:\/\/www.netex.de\/wp-content\/uploads\/job.jpg","link":"https:\/\/www.netex.de\/mo\/jobs\/job\/","alt":"","author":"1","description":"","caption":"","name":"job","status":"inherit","uploaded_to":4107,"date":"2015-10-21 14:35:34","modified":"2016-02-20 17:02:06","menu_order":0,"mime_type":"image\/jpeg","type":"image","subtype":"jpeg","icon":"https:\/\/www.netex.de\/wp-includes\/images\/media\/default.png","width":1920,"height":783,"sizes":{"thumbnail":"https:\/\/www.netex.de\/wp-content\/uploads\/job-150x150.jpg","thumbnail-width":150,"thumbnail-height":150,"medium":"https:\/\/www.netex.de\/wp-content\/uploads\/job-300x122.jpg","medium-width":300,"medium-height":122,"medium_large":"https:\/\/www.netex.de\/wp-content\/uploads\/job.jpg","medium_large-width":768,"medium_large-height":313,"large":"https:\/\/www.netex.de\/wp-content\/uploads\/job-1024x417.jpg","large-width":1024,"large-height":417,"1536x1536":"https:\/\/www.netex.de\/wp-content\/uploads\/job.jpg","1536x1536-width":1536,"1536x1536-height":626,"2048x2048":"https:\/\/www.netex.de\/wp-content\/uploads\/job.jpg","2048x2048-width":1920,"2048x2048-height":783,"post-thumbnail":"https:\/\/www.netex.de\/wp-content\/uploads\/job-85x85.jpg","post-thumbnail-width":85,"post-thumbnail-height":85,"hero":"https:\/\/www.netex.de\/wp-content\/uploads\/job-925x755.jpg","hero-width":925,"hero-height":755,"background":"https:\/\/www.netex.de\/wp-content\/uploads\/job-1920x535.jpg","background-width":1920,"background-height":535,"milestone-home":"https:\/\/www.netex.de\/wp-content\/uploads\/job-588x455.jpg","milestone-home-width":588,"milestone-home-height":455,"milestone-company":"https:\/\/www.netex.de\/wp-content\/uploads\/job-470x300.jpg","milestone-company-width":470,"milestone-company-height":300,"news-company":"https:\/\/www.netex.de\/wp-content\/uploads\/job-300x180.jpg","news-company-width":300,"news-company-height":180,"inner":"https:\/\/www.netex.de\/wp-content\/uploads\/job-300x255.jpg","inner-width":300,"inner-height":255,"gallery":"https:\/\/www.netex.de\/wp-content\/uploads\/job-320x230.jpg","gallery-width":320,"gallery-height":230,"contact":"https:\/\/www.netex.de\/wp-content\/uploads\/job-95x95.jpg","contact-width":95,"contact-height":95}},"content":[{"acf_fc_layout":"two_columns","column_left":{"ID":792,"id":792,"title":"CIG Flyer3-web","filename":"CIG-Flyer3-web.jpg","filesize":436026,"url":"https:\/\/www.netex.de\/wp-content\/uploads\/CIG-Flyer3-web.jpg","link":"https:\/\/www.netex.de\/mo\/internships\/cig-flyer3-web\/","alt":"","author":"1","description":"","caption":"","name":"cig-flyer3-web","status":"inherit","uploaded_to":791,"date":"2015-11-06 22:53:36","modified":"2015-11-06 22:53:36","menu_order":0,"mime_type":"image\/jpeg","type":"image","subtype":"jpeg","icon":"https:\/\/www.netex.de\/wp-includes\/images\/media\/default.png","width":1240,"height":1753,"sizes":{"thumbnail":"https:\/\/www.netex.de\/wp-content\/uploads\/CIG-Flyer3-web-150x150.jpg","thumbnail-width":150,"thumbnail-height":150,"medium":"https:\/\/www.netex.de\/wp-content\/uploads\/CIG-Flyer3-web-212x300.jpg","medium-width":212,"medium-height":300,"medium_large":"https:\/\/www.netex.de\/wp-content\/uploads\/CIG-Flyer3-web.jpg","medium_large-width":768,"medium_large-height":1086,"large":"https:\/\/www.netex.de\/wp-content\/uploads\/CIG-Flyer3-web-724x1024.jpg","large-width":724,"large-height":1024,"1536x1536":"https:\/\/www.netex.de\/wp-content\/uploads\/CIG-Flyer3-web.jpg","1536x1536-width":1087,"1536x1536-height":1536,"2048x2048":"https:\/\/www.netex.de\/wp-content\/uploads\/CIG-Flyer3-web.jpg","2048x2048-width":1240,"2048x2048-height":1753,"post-thumbnail":"https:\/\/www.netex.de\/wp-content\/uploads\/CIG-Flyer3-web-85x85.jpg","post-thumbnail-width":85,"post-thumbnail-height":85,"hero":"https:\/\/www.netex.de\/wp-content\/uploads\/CIG-Flyer3-web-925x755.jpg","hero-width":925,"hero-height":755,"background":"https:\/\/www.netex.de\/wp-content\/uploads\/CIG-Flyer3-web-1240x535.jpg","background-width":1240,"background-height":535,"milestone-home":"https:\/\/www.netex.de\/wp-content\/uploads\/CIG-Flyer3-web-588x455.jpg","milestone-home-width":588,"milestone-home-height":455,"milestone-company":"https:\/\/www.netex.de\/wp-content\/uploads\/CIG-Flyer3-web-470x300.jpg","milestone-company-width":470,"milestone-company-height":300,"news-company":"https:\/\/www.netex.de\/wp-content\/uploads\/CIG-Flyer3-web-300x180.jpg","news-company-width":300,"news-company-height":180,"inner":"https:\/\/www.netex.de\/wp-content\/uploads\/CIG-Flyer3-web-300x255.jpg","inner-width":300,"inner-height":255,"gallery":"https:\/\/www.netex.de\/wp-content\/uploads\/CIG-Flyer3-web-320x230.jpg","gallery-width":320,"gallery-height":230,"contact":"https:\/\/www.netex.de\/wp-content\/uploads\/CIG-Flyer3-web-95x95.jpg","contact-width":95,"contact-height":95}},"column_right":"<p><b>Scurta prezentare a proiectului \u0218coala Dual\u0103:<\/b><\/p>\n<p>\u0218coala dual\u0103 este un proiect infiin\u021bat de DWC \u00een colaborare cu Ministerul Invat\u0103m\u00e2ntului \u0219i Intreprinderile membre ale Clubului Economic German.<br \/>\nEste un program de dezvoltare a \u00eenv\u0103\u0163\u0103m\u00e2ntului profesional \u015fi tehnic care ofer\u0103 absolven\u021bilor de gimnaziu posibilitatea de a se califica \u00eentr-o meserie, pe durata a 3 ani de educa\u021bie \u00een cadrul unei companii (practic\u0103) \u00een paralel cu educa\u021bia teoretic\u0103.<br \/>\nAcest program este un model de succes promovat de mul\u021bi ani \u00een Germania, Austria \u0219i Elve\u021bia, \u00een care se pune mare accent pe preg\u0103tirea practic\u0103. <\/p>\n<p>La finalul celor trei ani, dup\u0103 absolvirea cu succes a programului, tinerii primesc diploma de absolvire recunoscut\u0103 pe plan european \u0219i vor avea posibilitatea angajarii \u00een cadrul companiei unde \u0219i-au efectuat stagiul de practica. Deasemenea vor avea posibilitatea de a-\u0219i continua studiile \u00een clasa a XI-a a \u00eenv\u0103\u0163\u0103m\u00e2ntului liceal, unde exist\u0103 locuri disponibile \u00een clase de liceu, \u00een vederea ob\u0163inerii diplomei de bacalaureat. <\/p>\n<p>Detalii aici: <a href=\"https:\/\/www.facebook.com\/scoaladuala?fref=ts\" target=\"_blank\">https:\/\/www.facebook.com\/<wbr \/>scoaladuala?fref=ts<\/a> \u0219i aici: <a href=\"http:\/\/scoaladualatm.com\/)\" target=\"_blank\">http:\/\/scoaladualatm.com<\/a><\/p>\n"},{"acf_fc_layout":"one_column","column":""}]},"_links":{"self":[{"href":"https:\/\/www.netex.de\/mo\/wp-json\/wp\/v2\/pages\/12826","targetHints":{"allow":["GET"]}}],"collection":[{"href":"https:\/\/www.netex.de\/mo\/wp-json\/wp\/v2\/pages"}],"about":[{"href":"https:\/\/www.netex.de\/mo\/wp-json\/wp\/v2\/types\/page"}],"author":[{"embeddable":true,"href":"https:\/\/www.netex.de\/mo\/wp-json\/wp\/v2\/users\/1"}],"replies":[{"embeddable":true,"href":"https:\/\/www.netex.de\/mo\/wp-json\/wp\/v2\/comments?post=12826"}],"version-history":[{"count":0,"href":"https:\/\/www.netex.de\/mo\/wp-json\/wp\/v2\/pages\/12826\/revisions"}],"wp:attachment":[{"href":"https:\/\/www.netex.de\/mo\/wp-json\/wp\/v2\/media?parent=12826"}],"curies":[{"name":"wp","href":"https:\/\/api.w.org\/{rel}","templated":true}]}}