{"id":12601,"date":"2015-10-15T20:08:14","date_gmt":"2015-10-15T17:08:14","guid":{"rendered":"http:\/\/www.netex.ro\/mo\/request-quote\/"},"modified":"2015-10-15T20:08:14","modified_gmt":"2015-10-15T17:08:14","slug":"request-quote","status":"publish","type":"page","link":"https:\/\/www.netex.de\/mo\/request-quote\/","title":{"rendered":"Cerere ofert\u0103"},"content":{"rendered":"<h2>Formular cerere de ofert\u0103<\/h2>\n<p>Noi acoperim toate activit\u0103\u021bile de contact\/date, inclusiv activita\u021bi de call-center, proces\u0103ri de date \u015fi administrarea paginilor web, iar scopul nostru este v\u00e2nzarea de produse \u0219i oferirea unor servicii online.<\/p>\n","protected":false},"excerpt":{"rendered":"<p>Formular cerere de ofert\u0103 Noi acoperim toate activit\u0103\u021bile de contact\/date, inclusiv activita\u021bi de call-center, proces\u0103ri de date \u015fi administrarea paginilor web, iar scopul nostru este v\u00e2nzarea de produse \u0219i oferirea unor servicii online.<\/p>\n","protected":false},"author":1,"featured_media":0,"parent":0,"menu_order":129,"comment_status":"closed","ping_status":"closed","template":"page-request-quote.php","meta":{"_acf_changed":false,"inline_featured_image":false,"footnotes":""},"class_list":["post-12601","page","type-page","status-publish","hentry"],"acf":[],"ACF":{"background":{"ID":366,"id":366,"title":"office","filename":"office.jpg","filesize":177769,"url":"https:\/\/www.netex.de\/wp-content\/uploads\/office.jpg","link":"https:\/\/www.netex.de\/mo\/office-service\/office\/","alt":"","author":"1","description":"","caption":"","name":"office","status":"inherit","uploaded_to":1436,"date":"2015-10-21 14:35:36","modified":"2024-05-07 06:12:15","menu_order":0,"mime_type":"image\/jpeg","type":"image","subtype":"jpeg","icon":"https:\/\/www.netex.de\/wp-includes\/images\/media\/default.png","width":1920,"height":578,"sizes":{"thumbnail":"https:\/\/www.netex.de\/wp-content\/uploads\/office-150x150.jpg","thumbnail-width":150,"thumbnail-height":150,"medium":"https:\/\/www.netex.de\/wp-content\/uploads\/office-300x90.jpg","medium-width":300,"medium-height":90,"medium_large":"https:\/\/www.netex.de\/wp-content\/uploads\/office.jpg","medium_large-width":768,"medium_large-height":231,"large":"https:\/\/www.netex.de\/wp-content\/uploads\/office-1024x308.jpg","large-width":1024,"large-height":308,"1536x1536":"https:\/\/www.netex.de\/wp-content\/uploads\/office.jpg","1536x1536-width":1536,"1536x1536-height":462,"2048x2048":"https:\/\/www.netex.de\/wp-content\/uploads\/office.jpg","2048x2048-width":1920,"2048x2048-height":578,"post-thumbnail":"https:\/\/www.netex.de\/wp-content\/uploads\/office-85x85.jpg","post-thumbnail-width":85,"post-thumbnail-height":85,"hero":"https:\/\/www.netex.de\/wp-content\/uploads\/office-925x578.jpg","hero-width":925,"hero-height":578,"background":"https:\/\/www.netex.de\/wp-content\/uploads\/office-1920x535.jpg","background-width":1920,"background-height":535,"milestone-home":"https:\/\/www.netex.de\/wp-content\/uploads\/office-588x455.jpg","milestone-home-width":588,"milestone-home-height":455,"milestone-company":"https:\/\/www.netex.de\/wp-content\/uploads\/office-470x300.jpg","milestone-company-width":470,"milestone-company-height":300,"news-company":"https:\/\/www.netex.de\/wp-content\/uploads\/office-300x180.jpg","news-company-width":300,"news-company-height":180,"inner":"https:\/\/www.netex.de\/wp-content\/uploads\/office-300x255.jpg","inner-width":300,"inner-height":255,"gallery":"https:\/\/www.netex.de\/wp-content\/uploads\/office-320x230.jpg","gallery-width":320,"gallery-height":230,"contact":"https:\/\/www.netex.de\/wp-content\/uploads\/office-95x95.jpg","contact-width":95,"contact-height":95}},"first_name":"Nume","last_name":"Prenume","email":"E-mail","phone":"Telefon","company_name":"Numele companiei","postal_zip_code":"Cod po\u0219tal","number_of_employees":"10","address":"Adresa","services":[{"name":"Intern"},{"name":"Extern"},{"name":"Procesare de date"}],"service":[{"name":"Suport de marketing"},{"name":"Confirmarea comenzii"},{"name":"Servicii de consultan\u021b\u0103"},{"name":"Linie de informa\u021bii non-stop"},{"name":"Administrarea apelurilor \u00een orele de v\u00e2rf"},{"name":"Rela\u021bii clien\u021bi"},{"name":"Gestionarea reclama\u021biilor"},{"name":"Administrarea zilnic\u0103 a afacerii"},{"name":"Suport pentru furnizori"},{"name":"Gestionarea depozitului"},{"name":"Intre\u021binere de date\/Mentenan\u021ba datelor"},{"name":"Secretariat"},{"name":"Progresul informa\u021biilor dob\u00e2ndite"},{"name":"Newsletter\/Buletin informativ"}],"work_volume":"Volumul de lucru","working_hours":"Ore de munc\u0103","languages":"Limb\u0103","short_description":"Detalii proiect","url":"URL","country_title":"\u021aara","country":[{"name":"Bosnia \u0219i Her\u021begovina"},{"name":"Germania"},{"name":"Republica Moldova"},{"name":"Rom\u00e2nia"},{"name":"Rusia"},{"name":"Serbia"},{"name":"Ucraina"},{"name":"Altele"}],"number_of_employees_title":"Num\u0103r de angaja\u021bi","services_title":"Serviciul solicitat","service_title":"Tip serviciu","starting_date":"Data estimativ\u0103 de \u00eenceput a locului de munc\u0103","button":"Trimite","disclaimer":"SC Netex SRL este \u00cenregistrat\u0103 \u00een registrul na\u021bional de operatori de date cu caracter personal av\u00e2nd numarul de inregistrare 29610.","confirmation":"<h3>Mesajul dumneavoastr\u0103 a fost trimis!<\/h3>\n<p>V\u0103 vom r\u0103spunde c\u00e2t mai cur\u00e2nd posibil.<\/p>\n"},"_links":{"self":[{"href":"https:\/\/www.netex.de\/mo\/wp-json\/wp\/v2\/pages\/12601","targetHints":{"allow":["GET"]}}],"collection":[{"href":"https:\/\/www.netex.de\/mo\/wp-json\/wp\/v2\/pages"}],"about":[{"href":"https:\/\/www.netex.de\/mo\/wp-json\/wp\/v2\/types\/page"}],"author":[{"embeddable":true,"href":"https:\/\/www.netex.de\/mo\/wp-json\/wp\/v2\/users\/1"}],"replies":[{"embeddable":true,"href":"https:\/\/www.netex.de\/mo\/wp-json\/wp\/v2\/comments?post=12601"}],"version-history":[{"count":0,"href":"https:\/\/www.netex.de\/mo\/wp-json\/wp\/v2\/pages\/12601\/revisions"}],"wp:attachment":[{"href":"https:\/\/www.netex.de\/mo\/wp-json\/wp\/v2\/media?parent=12601"}],"curies":[{"name":"wp","href":"https:\/\/api.w.org\/{rel}","templated":true}]}}