{"id":31710,"date":"2026-02-10T20:25:41","date_gmt":"2026-02-10T18:25:41","guid":{"rendered":"https:\/\/www.netex.de\/test\/"},"modified":"2026-02-10T23:25:20","modified_gmt":"2026-02-10T21:25:20","slug":"test","status":"publish","type":"page","link":"https:\/\/www.netex.de\/ge\/test\/","title":{"rendered":"Test"},"content":{"rendered":"<p>Hello world<\/p>\n","protected":false},"excerpt":{"rendered":"<p>Hello world<\/p>\n","protected":false},"author":39,"featured_media":0,"parent":0,"menu_order":99,"comment_status":"closed","ping_status":"closed","template":"","meta":{"_acf_changed":false,"inline_featured_image":false,"footnotes":""},"class_list":["post-31710","page","type-page","status-publish","hentry"],"acf":[],"ACF":{"background":{"ID":366,"id":366,"title":"office","filename":"office.jpg","filesize":177769,"url":"https:\/\/www.netex.de\/wp-content\/uploads\/office.jpg","link":"https:\/\/www.netex.de\/ge\/office-service\/office\/","alt":"","author":"1","description":"","caption":"","name":"office","status":"inherit","uploaded_to":1436,"date":"2015-10-21 14:35:36","modified":"2024-05-07 06:12:15","menu_order":0,"mime_type":"image\/jpeg","type":"image","subtype":"jpeg","icon":"https:\/\/www.netex.de\/wp-includes\/images\/media\/default.png","width":1920,"height":578,"sizes":{"thumbnail":"https:\/\/www.netex.de\/wp-content\/uploads\/office-150x150.jpg","thumbnail-width":150,"thumbnail-height":150,"medium":"https:\/\/www.netex.de\/wp-content\/uploads\/office-300x90.jpg","medium-width":300,"medium-height":90,"medium_large":"https:\/\/www.netex.de\/wp-content\/uploads\/office.jpg","medium_large-width":768,"medium_large-height":231,"large":"https:\/\/www.netex.de\/wp-content\/uploads\/office-1024x308.jpg","large-width":1024,"large-height":308,"1536x1536":"https:\/\/www.netex.de\/wp-content\/uploads\/office.jpg","1536x1536-width":1536,"1536x1536-height":462,"2048x2048":"https:\/\/www.netex.de\/wp-content\/uploads\/office.jpg","2048x2048-width":1920,"2048x2048-height":578,"post-thumbnail":"https:\/\/www.netex.de\/wp-content\/uploads\/office-85x85.jpg","post-thumbnail-width":85,"post-thumbnail-height":85,"hero":"https:\/\/www.netex.de\/wp-content\/uploads\/office-925x578.jpg","hero-width":925,"hero-height":578,"background":"https:\/\/www.netex.de\/wp-content\/uploads\/office-1920x535.jpg","background-width":1920,"background-height":535,"milestone-home":"https:\/\/www.netex.de\/wp-content\/uploads\/office-588x455.jpg","milestone-home-width":588,"milestone-home-height":455,"milestone-company":"https:\/\/www.netex.de\/wp-content\/uploads\/office-470x300.jpg","milestone-company-width":470,"milestone-company-height":300,"news-company":"https:\/\/www.netex.de\/wp-content\/uploads\/office-300x180.jpg","news-company-width":300,"news-company-height":180,"inner":"https:\/\/www.netex.de\/wp-content\/uploads\/office-300x255.jpg","inner-width":300,"inner-height":255,"gallery":"https:\/\/www.netex.de\/wp-content\/uploads\/office-320x230.jpg","gallery-width":320,"gallery-height":230,"contact":"https:\/\/www.netex.de\/wp-content\/uploads\/office-95x95.jpg","contact-width":95,"contact-height":95}},"content":[{"acf_fc_layout":"one_column_icon","icon":false,"title":"<b>Chief AI Officer (CAIO)<\/b>","column":"<p>Netex stellt Top-F\u00fchrungskr\u00e4fte bereit, die die gesamte Agenda f\u00fcr k\u00fcnstliche Intelligenz eines Unternehmens leiten und dabei technische KI-F\u00e4higkeiten mit den Gesch\u00e4fts\u00adzielen verbinden, um Innovation, Effizienz und eine ethische Umsetzung voranzutreiben. Sie entwickeln die \u00fcbergreifende KI-Strategie, \u00fcberwachen die Entwicklung und Implementierung von KI-L\u00f6sungen, steuern Governance und Ethik, stellen die Einhaltung von Vorschriften sicher und f\u00f6rdern eine datenkompetente, KI-bereite Unternehmenskultur, um strategische Ziele und Wettbewerbsvorteile zu erreichen.<\/p>\n"},{"acf_fc_layout":"one_column_icon","icon":false,"title":"<b>Mondo: Integrierte Kundenkommunikation mit agentischer KI<\/b>","column":"<p><strong>Omnichannel-L\u00f6sungen f\u00fcr Unternehmen &#8211; Bieten Sie au\u00dfergew\u00f6hnliche Kundenerlebnisse!<\/strong><\/p>\n<p>Die EU-Richtlinie 2019\/882 stellt einen wesentlichen Fortschritt zur Verbesserung der Barrierefreiheit f\u00fcr Menschen mit Behinderungen innerhalb der Europ\u00e4ischen Union dar. Online-Unternehmen sind ab 2025 verpflichtet, ihre Kommunikationswerkzeuge so anzupassen, dass sie den Anforderungen dieser neuen Gesetzgebung gerecht werden. Demonstrieren Sie Ihr Engagement, indem Sie jedem den gleichen Zugang erm\u00f6glichen, um mit Ihrem Unternehmen in Kontakt zu treten, und erh\u00f6hen Sie die Benutzerfreundlichkeit f\u00fcr alle Ihre Kunden.<\/p>\n<p>Mondo bietet eine integrierte, cloud-basierte L\u00f6sung, die Kundenkommunikation \u00fcber diverse Kan\u00e4le hinweg in einer zentralen Plattform b\u00fcndelt. Unterst\u00fctzt durch agentische KI und automatisierte Prozesse entsteht eine einheitliche und effiziente Arbeitsumgebung f\u00fcr Kundendienstmitarbeiter. Die Verwaltung von Interaktionen \u00fcber E-Mail, Chat, soziale Netzwerke, Telefon und KI\u2011gesteuerte Workflows sorgt f\u00fcr ein konsistentes Kundenerlebnis.<\/p>\n<p>Testen Sie unsere Omnichannel-SaaS-Plattform 30 Tage kostenlos und erfahren Sie, wie Mondo Ihre Arbeitsabl\u00e4ufe und das Kundenerlebnis verbessern kann.<\/p>\n<p>Erfahren Sie mehr \u00fcber Mondo <a class=\"theme markdown__link\" href=\"https:\/\/mondo.chat\/\" target=\"_blank\" rel=\"noopener noreferrer\">hier<\/a>.<\/p>\n"},{"acf_fc_layout":"one_column_icon","icon":false,"title":"<b>Kundenservice in 26 Sprachen<\/b>","column":"<p>Englisch, Deutsch, Rum\u00e4nisch, Ukrainisch, Russisch, Serbisch, Kroatisch, Slowenisch, Tschechisch, Slowakisch, Ungarisch, Bulgarisch, Griechisch, Franz\u00f6sisch, Italienisch, Spanisch, Portugiesisch, Holl\u00e4ndisch, D\u00e4nisch, Schwedisch, Norwegisch, Estnisch, Litauisch, Lettisch, Japanisch, Chinesisch<\/p>\n<p>&nbsp;<\/p>\n<p><span id=\"result_box\" class=\"short_text\"><strong>Big Data<br \/>\n<\/strong><\/span><\/p>\n<ul>\n<li><span id=\"result_box\" class=\"short_text\">K\u00fcnstliche Intelligenz (AI)<br \/>\n<\/span><\/li>\n<li><span id=\"result_box\" class=\"short_text\">Neuronale Netzw\u00e4rke<\/span><\/li>\n<li><span id=\"result_box\" class=\"short_text\">Hadoop, Mapreduce, NoSQL<\/span><\/li>\n<li><span id=\"result_box\" class=\"short_text\">Big Data Readiness Audit<\/span><\/li>\n<\/ul>\n<p><strong>e-Commerce L\u00f6sungen<\/strong><\/p>\n<ul>\n<li>Datenpflege<\/li>\n<li>Content Management<\/li>\n<li>Crawling<\/li>\n<li>Logistik L\u00f6sungen<\/li>\n<\/ul>\n<p><strong>Digitales Marketing<\/strong><\/p>\n<ul>\n<li>Preissuchmaschinen<\/li>\n<li>Marketplaces<\/li>\n<li>Newsletter<\/li>\n<li>Affiliates<\/li>\n<li>SEO<\/li>\n<li>SEA<\/li>\n<li>Presse<\/li>\n<li>Social Media<\/li>\n<\/ul>\n"},{"acf_fc_layout":"one_column_icon","icon":false,"title":"<b>Telepr\u00e4senz-Roboter - die n\u00e4chste Stufe der digitalen Kommunikation<\/b>","column":"<p><img fetchpriority=\"high\" decoding=\"async\" class=\"alignleft size-medium wp-image-8032\" src=\"http:\/\/www.netex.ro\/wp-content\/uploads\/Double-2-172x300.jpg\" alt=\"\" width=\"172\" height=\"300\" srcset=\"https:\/\/www.netex.de\/wp-content\/uploads\/Double-2-172x300.jpg 172w, https:\/\/www.netex.de\/wp-content\/uploads\/Double-2-768x1339.jpg 768w, https:\/\/www.netex.de\/wp-content\/uploads\/Double-2-587x1024.jpg 587w\" sizes=\"(max-width: 172px) 100vw, 172px\" \/><\/p>\n"}]},"_links":{"self":[{"href":"https:\/\/www.netex.de\/ge\/wp-json\/wp\/v2\/pages\/31710","targetHints":{"allow":["GET"]}}],"collection":[{"href":"https:\/\/www.netex.de\/ge\/wp-json\/wp\/v2\/pages"}],"about":[{"href":"https:\/\/www.netex.de\/ge\/wp-json\/wp\/v2\/types\/page"}],"author":[{"embeddable":true,"href":"https:\/\/www.netex.de\/ge\/wp-json\/wp\/v2\/users\/39"}],"replies":[{"embeddable":true,"href":"https:\/\/www.netex.de\/ge\/wp-json\/wp\/v2\/comments?post=31710"}],"version-history":[{"count":2,"href":"https:\/\/www.netex.de\/ge\/wp-json\/wp\/v2\/pages\/31710\/revisions"}],"predecessor-version":[{"id":31712,"href":"https:\/\/www.netex.de\/ge\/wp-json\/wp\/v2\/pages\/31710\/revisions\/31712"}],"wp:attachment":[{"href":"https:\/\/www.netex.de\/ge\/wp-json\/wp\/v2\/media?parent=31710"}],"curies":[{"name":"wp","href":"https:\/\/api.w.org\/{rel}","templated":true}]}}