{"id":8506,"date":"2015-10-23T00:31:53","date_gmt":"2015-10-22T21:31:53","guid":{"rendered":"http:\/\/www.netex.ro\/bs\/call-center\/inbound-telefon\/"},"modified":"2016-11-02T13:29:44","modified_gmt":"2016-11-02T11:29:44","slug":"inbound-telefon","status":"publish","type":"page","link":"https:\/\/www.netex.de\/bs\/call-center\/inbound-telefon\/","title":{"rendered":"DOLAZNI POZIVI \u2013 TEHNI\u010cKA PODR\u0160KA"},"content":{"rendered":"","protected":false},"excerpt":{"rendered":"","protected":false},"author":1,"featured_media":0,"parent":8460,"menu_order":79,"comment_status":"closed","ping_status":"closed","template":"","meta":{"_acf_changed":false,"inline_featured_image":false,"footnotes":""},"class_list":["post-8506","page","type-page","status-publish","hentry"],"acf":[],"ACF":{"background":false,"content":[{"acf_fc_layout":"two_columns","column_left":{"ID":368,"id":368,"title":"People","filename":"people.jpg","filesize":50788,"url":"https:\/\/www.netex.de\/wp-content\/uploads\/people.jpg","link":"https:\/\/www.netex.de\/bs\/call-center\/inbound\/people\/","alt":"","author":"1","description":"","caption":"People","name":"people","status":"inherit","uploaded_to":132,"date":"2015-10-21 14:35:37","modified":"2023-05-27 16:54:09","menu_order":0,"mime_type":"image\/jpeg","type":"image","subtype":"jpeg","icon":"https:\/\/www.netex.de\/wp-includes\/images\/media\/default.png","width":300,"height":180,"sizes":{"thumbnail":"https:\/\/www.netex.de\/wp-content\/uploads\/people-150x150.jpg","thumbnail-width":150,"thumbnail-height":150,"medium":"https:\/\/www.netex.de\/wp-content\/uploads\/people.jpg","medium-width":300,"medium-height":180,"medium_large":"https:\/\/www.netex.de\/wp-content\/uploads\/people.jpg","medium_large-width":300,"medium_large-height":180,"large":"https:\/\/www.netex.de\/wp-content\/uploads\/people-1024x614.jpg","large-width":1024,"large-height":614,"1536x1536":"https:\/\/www.netex.de\/wp-content\/uploads\/people.jpg","1536x1536-width":300,"1536x1536-height":180,"2048x2048":"https:\/\/www.netex.de\/wp-content\/uploads\/people.jpg","2048x2048-width":300,"2048x2048-height":180,"post-thumbnail":"https:\/\/www.netex.de\/wp-content\/uploads\/people-85x85.jpg","post-thumbnail-width":85,"post-thumbnail-height":85,"hero":"https:\/\/www.netex.de\/wp-content\/uploads\/people.jpg","hero-width":300,"hero-height":180,"background":"https:\/\/www.netex.de\/wp-content\/uploads\/people.jpg","background-width":300,"background-height":180,"milestone-home":"https:\/\/www.netex.de\/wp-content\/uploads\/people.jpg","milestone-home-width":300,"milestone-home-height":180,"milestone-company":"https:\/\/www.netex.de\/wp-content\/uploads\/people.jpg","milestone-company-width":300,"milestone-company-height":180,"news-company":"https:\/\/www.netex.de\/wp-content\/uploads\/people.jpg","news-company-width":300,"news-company-height":180,"inner":"https:\/\/www.netex.de\/wp-content\/uploads\/people.jpg","inner-width":300,"inner-height":180,"gallery":"https:\/\/www.netex.de\/wp-content\/uploads\/people.jpg","gallery-width":300,"gallery-height":180,"contact":"https:\/\/www.netex.de\/wp-content\/uploads\/people-95x95.jpg","contact-width":95,"contact-height":95}},"column_right":"<h2>Govorimo va\u0161 jezik!<\/h2>\n<p>Prijatni telefonski razgovori bez zauze\u0107a i dugog \u010dekanja \u010dine na\u0161u uslugu onakvom kakva jeste. Usluge nudimo na nekoliko evropskih jezika: njema\u010dkom, engleskom, francuskom, \u0161panskom, italijanskom, ma\u0111arskom i rumunskom. Na\u0161e kvalifikovano osoblje je uvijek dostupno za Vas i pru\u017ei\u0107e Vam vrhunsku uslugu. Odlu\u010dni smo u tome da se pozabavimo va\u0161im pitanjima i pru\u017eimo informacije koje Vas zanimaju.<\/p>\n"},{"acf_fc_layout":"two_columns","column_left":{"ID":361,"id":361,"title":"inbound-telephone","filename":"inbound-telephone.png","filesize":510407,"url":"https:\/\/www.netex.de\/wp-content\/uploads\/inbound-telephone.png","link":"https:\/\/www.netex.de\/bs\/call-center\/inbound\/inbound-telephone\/","alt":"","author":"1","description":"","caption":"","name":"inbound-telephone","status":"inherit","uploaded_to":875,"date":"2015-10-21 14:35:32","modified":"2026-01-15 13:04:39","menu_order":0,"mime_type":"image\/png","type":"image","subtype":"png","icon":"https:\/\/www.netex.de\/wp-includes\/images\/media\/default.png","width":1920,"height":601,"sizes":{"thumbnail":"https:\/\/www.netex.de\/wp-content\/uploads\/inbound-telephone-150x150.png","thumbnail-width":150,"thumbnail-height":150,"medium":"https:\/\/www.netex.de\/wp-content\/uploads\/inbound-telephone-300x94.png","medium-width":300,"medium-height":94,"medium_large":"https:\/\/www.netex.de\/wp-content\/uploads\/inbound-telephone.png","medium_large-width":768,"medium_large-height":240,"large":"https:\/\/www.netex.de\/wp-content\/uploads\/inbound-telephone-1024x320.png","large-width":1024,"large-height":320,"1536x1536":"https:\/\/www.netex.de\/wp-content\/uploads\/inbound-telephone.png","1536x1536-width":1536,"1536x1536-height":481,"2048x2048":"https:\/\/www.netex.de\/wp-content\/uploads\/inbound-telephone.png","2048x2048-width":1920,"2048x2048-height":601,"post-thumbnail":"https:\/\/www.netex.de\/wp-content\/uploads\/inbound-telephone-85x85.png","post-thumbnail-width":85,"post-thumbnail-height":85,"hero":"https:\/\/www.netex.de\/wp-content\/uploads\/inbound-telephone-925x601.png","hero-width":925,"hero-height":601,"background":"https:\/\/www.netex.de\/wp-content\/uploads\/inbound-telephone-1920x535.png","background-width":1920,"background-height":535,"milestone-home":"https:\/\/www.netex.de\/wp-content\/uploads\/inbound-telephone-588x455.png","milestone-home-width":588,"milestone-home-height":455,"milestone-company":"https:\/\/www.netex.de\/wp-content\/uploads\/inbound-telephone-470x300.png","milestone-company-width":470,"milestone-company-height":300,"news-company":"https:\/\/www.netex.de\/wp-content\/uploads\/inbound-telephone-300x180.png","news-company-width":300,"news-company-height":180,"inner":"https:\/\/www.netex.de\/wp-content\/uploads\/inbound-telephone-300x255.png","inner-width":300,"inner-height":255,"gallery":"https:\/\/www.netex.de\/wp-content\/uploads\/inbound-telephone-320x230.png","gallery-width":320,"gallery-height":230,"contact":"https:\/\/www.netex.de\/wp-content\/uploads\/inbound-telephone-95x95.png","contact-width":95,"contact-height":95}},"column_right":"<h2>MARKETING<\/h2>\n<p>Pristup \u017eeljenim informacijama putem telekomunikacijskih usluga jedan je od klju\u010dnih faktora za uspjeh danas. Preko 80 odsto va\u017enih ljudi iz svih sfera biznisa koristi telefon kao sredstvo za informisanje. U nas mo\u017eete imati povjerenja. Mi rije\u0161avamo povjerene zadatke u najbr\u017eem mogu\u0107em roku \u010dak i nakon radnog vremena, 24 sata dnevno, 7 dana u nedelji ako Vi to \u017eelite. Nudimo slijede\u0107e usluge marketin\u0161ke podr\u0161ke:<\/p>\n<ul>\n<li>Pretprodaja<\/li>\n<li>Primanje porud\u017ebina<\/li>\n<li>Korisni\u010dki savjeti i podr\u0161ka<\/li>\n<li>Bez ograni\u010denja otvorena linija za informacije<\/li>\n<li>Preuzimanje poziva u najbr\u017eem mogu\u0107em roku<\/li>\n<li>Korisni\u010dki servis<\/li>\n<li>Servis za informacije<\/li>\n<li>Dvadeset\u010detvoro\u010dasovni korisni\u010dki servis<\/li>\n<li>Odgovor u najbr\u017eem mogu\u0107em roku<\/li>\n<li>Obavje\u0161tenja putem e-maila<\/li>\n<li>Informacije putem faksa<\/li>\n<li>E-mail<\/li>\n<\/ul>\n"},{"acf_fc_layout":"two_columns","column_left":{"ID":360,"id":360,"title":"inbound-company","filename":"inbound-company.jpg","filesize":265679,"url":"https:\/\/www.netex.de\/wp-content\/uploads\/inbound-company.jpg","link":"https:\/\/www.netex.de\/bs\/call-center\/inbound\/inbound-company\/","alt":"","author":"1","description":"","caption":"","name":"inbound-company","status":"inherit","uploaded_to":875,"date":"2015-10-21 14:35:31","modified":"2026-01-15 13:04:39","menu_order":0,"mime_type":"image\/jpeg","type":"image","subtype":"jpeg","icon":"https:\/\/www.netex.de\/wp-includes\/images\/media\/default.png","width":1920,"height":626,"sizes":{"thumbnail":"https:\/\/www.netex.de\/wp-content\/uploads\/inbound-company-150x150.jpg","thumbnail-width":150,"thumbnail-height":150,"medium":"https:\/\/www.netex.de\/wp-content\/uploads\/inbound-company-300x98.jpg","medium-width":300,"medium-height":98,"medium_large":"https:\/\/www.netex.de\/wp-content\/uploads\/inbound-company.jpg","medium_large-width":768,"medium_large-height":250,"large":"https:\/\/www.netex.de\/wp-content\/uploads\/inbound-company-1024x333.jpg","large-width":1024,"large-height":333,"1536x1536":"https:\/\/www.netex.de\/wp-content\/uploads\/inbound-company.jpg","1536x1536-width":1536,"1536x1536-height":501,"2048x2048":"https:\/\/www.netex.de\/wp-content\/uploads\/inbound-company.jpg","2048x2048-width":1920,"2048x2048-height":626,"post-thumbnail":"https:\/\/www.netex.de\/wp-content\/uploads\/inbound-company-85x85.jpg","post-thumbnail-width":85,"post-thumbnail-height":85,"hero":"https:\/\/www.netex.de\/wp-content\/uploads\/inbound-company-925x626.jpg","hero-width":925,"hero-height":626,"background":"https:\/\/www.netex.de\/wp-content\/uploads\/inbound-company-1920x535.jpg","background-width":1920,"background-height":535,"milestone-home":"https:\/\/www.netex.de\/wp-content\/uploads\/inbound-company-588x455.jpg","milestone-home-width":588,"milestone-home-height":455,"milestone-company":"https:\/\/www.netex.de\/wp-content\/uploads\/inbound-company-470x300.jpg","milestone-company-width":470,"milestone-company-height":300,"news-company":"https:\/\/www.netex.de\/wp-content\/uploads\/inbound-company-300x180.jpg","news-company-width":300,"news-company-height":180,"inner":"https:\/\/www.netex.de\/wp-content\/uploads\/inbound-company-300x255.jpg","inner-width":300,"inner-height":255,"gallery":"https:\/\/www.netex.de\/wp-content\/uploads\/inbound-company-320x230.jpg","gallery-width":320,"gallery-height":230,"contact":"https:\/\/www.netex.de\/wp-content\/uploads\/inbound-company-95x95.jpg","contact-width":95,"contact-height":95}},"column_right":"<h2>TELEFONSKI SERVIS<\/h2>\n<p>Da li \u017eelite da se na Va\u0161 telefon javlja kvalifikovano osoblje \u010dak i kada ste odsutni, nakon radnog vremena, vikendima ili kada ste na godi\u0161njem odmoru? Mo\u017eda \u017eelite da budete dostupni samo kada su u pitanju hitni slu\u010dajevi? Ako je tako, definitivno bi trebalo da po\u010dnete da razmi\u0161ljate o kori\u0161tenju na\u0161ih usluga. Mi nudimo mogu\u0107nost odabira li\u010dnih poziva za Vas, proslije\u0111ivanja istih Vama u slu\u010daju da su hitni kao i obavje\u0161tenja putem imejla ili faksa, u slu\u010daju da pozivi nisu hitni. Sve ovo mo\u017eete dobiti po vrlo pristupa\u010dnim cijenama. Slobodno po\u0161aljite Va\u0161a pitanja, bez ikakve obaveze i navedite koliko sati i kojim danima bi Vam bile potrebne na\u0161e usluge!<\/p>\n"}]},"_links":{"self":[{"href":"https:\/\/www.netex.de\/bs\/wp-json\/wp\/v2\/pages\/8506","targetHints":{"allow":["GET"]}}],"collection":[{"href":"https:\/\/www.netex.de\/bs\/wp-json\/wp\/v2\/pages"}],"about":[{"href":"https:\/\/www.netex.de\/bs\/wp-json\/wp\/v2\/types\/page"}],"author":[{"embeddable":true,"href":"https:\/\/www.netex.de\/bs\/wp-json\/wp\/v2\/users\/1"}],"replies":[{"embeddable":true,"href":"https:\/\/www.netex.de\/bs\/wp-json\/wp\/v2\/comments?post=8506"}],"version-history":[{"count":2,"href":"https:\/\/www.netex.de\/bs\/wp-json\/wp\/v2\/pages\/8506\/revisions"}],"predecessor-version":[{"id":31031,"href":"https:\/\/www.netex.de\/bs\/wp-json\/wp\/v2\/pages\/8506\/revisions\/31031"}],"up":[{"embeddable":true,"href":"https:\/\/www.netex.de\/bs\/wp-json\/wp\/v2\/pages\/8460"}],"wp:attachment":[{"href":"https:\/\/www.netex.de\/bs\/wp-json\/wp\/v2\/media?parent=8506"}],"curies":[{"name":"wp","href":"https:\/\/api.w.org\/{rel}","templated":true}]}}