{"id":31692,"date":"2026-02-10T20:25:41","date_gmt":"2026-02-10T18:25:41","guid":{"rendered":"https:\/\/www.netex.de\/test\/"},"modified":"2026-02-10T22:01:43","modified_gmt":"2026-02-10T20:01:43","slug":"test","status":"publish","type":"page","link":"https:\/\/www.netex.de\/bs\/test\/","title":{"rendered":"Test"},"content":{"rendered":"","protected":false},"excerpt":{"rendered":"","protected":false},"author":39,"featured_media":0,"parent":0,"menu_order":97,"comment_status":"closed","ping_status":"closed","template":"","meta":{"_acf_changed":false,"inline_featured_image":false,"footnotes":""},"class_list":["post-31692","page","type-page","status-publish","hentry"],"acf":[],"ACF":{"background":{"ID":366,"id":366,"title":"office","filename":"office.jpg","filesize":177769,"url":"https:\/\/www.netex.de\/wp-content\/uploads\/office.jpg","link":"https:\/\/www.netex.de\/bs\/office-service\/office\/","alt":"","author":"1","description":"","caption":"","name":"office","status":"inherit","uploaded_to":1436,"date":"2015-10-21 14:35:36","modified":"2024-05-07 06:12:15","menu_order":0,"mime_type":"image\/jpeg","type":"image","subtype":"jpeg","icon":"https:\/\/www.netex.de\/wp-includes\/images\/media\/default.png","width":1920,"height":578,"sizes":{"thumbnail":"https:\/\/www.netex.de\/wp-content\/uploads\/office-150x150.jpg","thumbnail-width":150,"thumbnail-height":150,"medium":"https:\/\/www.netex.de\/wp-content\/uploads\/office-300x90.jpg","medium-width":300,"medium-height":90,"medium_large":"https:\/\/www.netex.de\/wp-content\/uploads\/office.jpg","medium_large-width":768,"medium_large-height":231,"large":"https:\/\/www.netex.de\/wp-content\/uploads\/office-1024x308.jpg","large-width":1024,"large-height":308,"1536x1536":"https:\/\/www.netex.de\/wp-content\/uploads\/office.jpg","1536x1536-width":1536,"1536x1536-height":462,"2048x2048":"https:\/\/www.netex.de\/wp-content\/uploads\/office.jpg","2048x2048-width":1920,"2048x2048-height":578,"post-thumbnail":"https:\/\/www.netex.de\/wp-content\/uploads\/office-85x85.jpg","post-thumbnail-width":85,"post-thumbnail-height":85,"hero":"https:\/\/www.netex.de\/wp-content\/uploads\/office-925x578.jpg","hero-width":925,"hero-height":578,"background":"https:\/\/www.netex.de\/wp-content\/uploads\/office-1920x535.jpg","background-width":1920,"background-height":535,"milestone-home":"https:\/\/www.netex.de\/wp-content\/uploads\/office-588x455.jpg","milestone-home-width":588,"milestone-home-height":455,"milestone-company":"https:\/\/www.netex.de\/wp-content\/uploads\/office-470x300.jpg","milestone-company-width":470,"milestone-company-height":300,"news-company":"https:\/\/www.netex.de\/wp-content\/uploads\/office-300x180.jpg","news-company-width":300,"news-company-height":180,"inner":"https:\/\/www.netex.de\/wp-content\/uploads\/office-300x255.jpg","inner-width":300,"inner-height":255,"gallery":"https:\/\/www.netex.de\/wp-content\/uploads\/office-320x230.jpg","gallery-width":320,"gallery-height":230,"contact":"https:\/\/www.netex.de\/wp-content\/uploads\/office-95x95.jpg","contact-width":95,"contact-height":95}},"content":[{"acf_fc_layout":"one_column_icon","icon":false,"title":"<b>Direktor za vje\u0161ta\u010dku inteligenciju (CAIO)<\/b>","column":"<p>Netex nudi visoke rukovodioce koji predvode cjelokupnu agendu vje\u0161ta\u010dke inteligencije u kompaniji, povezuju\u0107i tehni\u010dke mogu\u0107nosti AI\u2011a s poslovnim ciljevima kako bi potaknuli inovacije, efikasnost i eti\u010dnu primjenu. Oni razvijaju ukupnu AI strategiju, nadgledaju razvoj i implementaciju AI rje\u0161enja, upravljaju upravljanjem i etikom, osiguravaju uskla\u0111enost s propisima te njeguju kulturu pismenosti u podacima i spremnosti za AI, s ciljem postizanja strate\u0161kih ciljeva i konkurentske prednosti.<\/p>\n"},{"acf_fc_layout":"one_column_icon","icon":false,"title":"<b>Mondo: Integrisana komunikacija sa klijentima uz agentsku AI<\/b>","column":"<p><strong>Multi-kanalno (omnichannel) rje\u0161enje za kompanije &#8211; Omogu\u0107ite vrhunsko korisni\u010dko iskustvo!<\/strong><\/p>\n<p>Direktiva EU 2019\/882 je va\u017ean korak ka promovisanju pristupa\u010dnosti za osobe s invaliditetom u Evropskoj uniji. Stoga, online poslovanja trebaju implementirati komunikacione alate za osobe s invaliditetom kako bi se uskladili sa novim zakonodavstvom, pokazali posve\u0107enost i omogu\u0107ili jednake mogu\u0107nosti za sve da kontaktiraju va\u0161e poslovanje. Unaprijedite korisni\u010dko iskustvo va\u0161ih klijenata.<\/p>\n<p>Mondo je integrisano, na cloud\u2011u zasnovano rje\u0161enje koje objedinjuje komunikaciju s klijentima preko vi\u0161e kanala na jednoj centraliziranoj platformi. Pokretan agentskom vje\u0161ta\u010dkom inteligencijom i automatiziranim procesima, Mondo stvara jedinstveno i efikasno radno okru\u017eenje za agente korisni\u010dke podr\u0161ke. Upravljanje interakcijama putem emaila, chata, dru\u0161tvenih mre\u017ea, telefona i AI\u2011vo\u0111enih automatiziranih radnih tokova osigurava konzistentno iskustvo za va\u0161e klijente.<\/p>\n<p>Isprobajte na\u0161u omnichannel SaaS platformu besplatno 30 dana i otkrijte kako agentska AI Mondo mo\u017ee unaprijediti va\u0161e radne procese i korisni\u010dko iskustvo.<\/p>\n<p>Vi\u0161e o Mondo-u <a href=\"https:\/\/mondo.chat\/\">ovdje<\/a>.<\/p>\n"},{"acf_fc_layout":"one_column_icon","icon":false,"title":"<b>Podr\u0161ka kupcima na 26 razli\u010ditih jezika<\/b>","column":"<p>Engleski, Njema\u010dki, Rumunski, Ukrajinski, Ruski, Srpski, Hrvatski, Slovena\u010dki, \u010ce\u0161ki, Slova\u010dki, Ma\u0111arski, Bugarski, Gr\u010dki, Francuski, Italijanski, \u0160panski, Portugalski, Holandski, Danski, \u0160vedski, Norve\u0161ki, Estonski, Litvanski, Letonski, Japanski i Kineski<\/p>\n<p><span id=\"result_box\" class=\"short_text\"><strong>Big Data<br \/>\n<\/strong><\/span><\/p>\n<ul>\n<li><span id=\"result_box\" class=\"short_text\">Vje\u0161ta\u010dka Inteligencija (AI)<\/span><\/li>\n<li>Neuronalne mre\u017ee<\/li>\n<li>Hadoop, Mapreduce, NoSQL<\/li>\n<li>Big Data Readiness Audit<\/li>\n<\/ul>\n<p><strong>E-komerc rje\u0161enja<\/strong><\/p>\n<ul>\n<li>Odr\u017eavanje podataka<\/li>\n<li>Kontent menad\u017ement<\/li>\n<li>Kravling (Crawling)<\/li>\n<li>Logisti\u010dka rje\u0161enja<\/li>\n<\/ul>\n<p><strong>Digitalni marketing<\/strong><\/p>\n<ul>\n<li>Pretra\u017eiva\u010di cijena<\/li>\n<li>Tr\u017ei\u0161ta (Marketplaces)<\/li>\n<li>Elektronske novine (Newsletter)<\/li>\n<li>Affiliates<\/li>\n<li>SEO<\/li>\n<li>SEA<\/li>\n<li>Pres mediji<\/li>\n<li>Dru\u0161tvene Mre\u017ee (Social Media)<\/li>\n<\/ul>\n"},{"acf_fc_layout":"one_column_icon","icon":false,"title":"<b>Teleprezentator (robot) - sljede\u0107i korak u digitalnoj komunikaciji<\/b>","column":"<p><img fetchpriority=\"high\" decoding=\"async\" class=\"alignleft size-medium wp-image-8032\" src=\"http:\/\/www.netex.ro\/wp-content\/uploads\/Double-2-172x300.jpg\" alt=\"\" width=\"172\" height=\"300\" srcset=\"https:\/\/www.netex.de\/wp-content\/uploads\/Double-2-172x300.jpg 172w, https:\/\/www.netex.de\/wp-content\/uploads\/Double-2-768x1339.jpg 768w, https:\/\/www.netex.de\/wp-content\/uploads\/Double-2-587x1024.jpg 587w\" sizes=\"(max-width: 172px) 100vw, 172px\" \/><\/p>\n"}]},"_links":{"self":[{"href":"https:\/\/www.netex.de\/bs\/wp-json\/wp\/v2\/pages\/31692","targetHints":{"allow":["GET"]}}],"collection":[{"href":"https:\/\/www.netex.de\/bs\/wp-json\/wp\/v2\/pages"}],"about":[{"href":"https:\/\/www.netex.de\/bs\/wp-json\/wp\/v2\/types\/page"}],"author":[{"embeddable":true,"href":"https:\/\/www.netex.de\/bs\/wp-json\/wp\/v2\/users\/39"}],"replies":[{"embeddable":true,"href":"https:\/\/www.netex.de\/bs\/wp-json\/wp\/v2\/comments?post=31692"}],"version-history":[{"count":1,"href":"https:\/\/www.netex.de\/bs\/wp-json\/wp\/v2\/pages\/31692\/revisions"}],"predecessor-version":[{"id":31698,"href":"https:\/\/www.netex.de\/bs\/wp-json\/wp\/v2\/pages\/31692\/revisions\/31698"}],"wp:attachment":[{"href":"https:\/\/www.netex.de\/bs\/wp-json\/wp\/v2\/media?parent=31692"}],"curies":[{"name":"wp","href":"https:\/\/api.w.org\/{rel}","templated":true}]}}